{"id":102,"date":"2022-08-02T15:21:20","date_gmt":"2022-08-02T13:21:20","guid":{"rendered":"https:\/\/harly-tea.at\/?page_id=102"},"modified":"2022-09-05T22:42:06","modified_gmt":"2022-09-05T20:42:06","slug":"buecher","status":"publish","type":"page","link":"https:\/\/harly-tea.at\/de\/service\/buecher\/","title":{"rendered":"B\u00fccher"},"content":{"rendered":"\t\t<div data-elementor-type=\"wp-page\" data-elementor-id=\"102\" class=\"elementor elementor-102\">\n\t\t\t\t\t\t<section class=\"wd-negative-gap elementor-section elementor-top-section elementor-element elementor-element-4fc29b6 elementor-section-boxed elementor-section-height-default elementor-section-height-default wd-section-disabled\" data-id=\"4fc29b6\" data-element_type=\"section\" data-e-type=\"section\">\n\t\t\t\t\t\t<div class=\"elementor-container elementor-column-gap-default\">\n\t\t\t\t\t<div class=\"elementor-column elementor-col-100 elementor-top-column elementor-element elementor-element-57c4494\" data-id=\"57c4494\" data-element_type=\"column\" data-e-type=\"column\">\n\t\t\t<div class=\"elementor-widget-wrap elementor-element-populated\">\n\t\t\t\t\t\t<div class=\"elementor-element elementor-element-17f409d elementor-widget elementor-widget-wd_text_block\" data-id=\"17f409d\" data-element_type=\"widget\" data-e-type=\"widget\" data-widget_type=\"wd_text_block.default\">\n\t\t\t\t<div class=\"elementor-widget-container\">\n\t\t\t\t\t\t\t<div class=\"wd-text-block reset-last-child text-left\">\n\t\t\t\n\t\t\t<h3>B\u00dcCHER - unsere kleine Tee Bibliothek<\/h3><p>Tee und Lesen geh\u00f6ren zusammen, wie sehr passt es dann, Tee zu trinken und sich in Literatur \u00fcber Tee zu vertiefen? In diesem Sinne stellen wir unsere kleine Tee-Bibliothek in unserem Shop im Raimundhof gerne allen G\u00e4sten zum Lesen zur Verf\u00fcgung.<\/p><p><img fetchpriority=\"high\" decoding=\"async\" class=\"aligncenter wp-image-1534\" src=\"https:\/\/harly-tea.at\/wp-content\/uploads\/2022\/09\/IMG_9356-300x300.jpg\" alt=\"\" width=\"300\" height=\"300\" srcset=\"https:\/\/harly-tea.at\/wp-content\/uploads\/2022\/09\/IMG_9356-300x300.jpg 300w, https:\/\/harly-tea.at\/wp-content\/uploads\/2022\/09\/IMG_9356-1024x1024.jpg 1024w, https:\/\/harly-tea.at\/wp-content\/uploads\/2022\/09\/IMG_9356-150x150.jpg 150w, https:\/\/harly-tea.at\/wp-content\/uploads\/2022\/09\/IMG_9356-768x768.jpg 768w, https:\/\/harly-tea.at\/wp-content\/uploads\/2022\/09\/IMG_9356-1536x1536.jpg 1536w, https:\/\/harly-tea.at\/wp-content\/uploads\/2022\/09\/IMG_9356-2048x2048.jpg 2048w, https:\/\/harly-tea.at\/wp-content\/uploads\/2022\/09\/IMG_9356-700x700.jpg 700w, https:\/\/harly-tea.at\/wp-content\/uploads\/2022\/09\/IMG_9356-350x350.jpg 350w, https:\/\/harly-tea.at\/wp-content\/uploads\/2022\/09\/IMG_9356-680x680.jpg 680w\" sizes=\"(max-width: 300px) 100vw, 300px\" \/><\/p>\n\t\t\t\t\t<\/div>\n\t\t\t\t\t\t<\/div>\n\t\t\t\t<\/div>\n\t\t\t\t<div class=\"elementor-element elementor-element-7bb1423 elementor-widget elementor-widget-wd_text_block\" data-id=\"7bb1423\" data-element_type=\"widget\" data-e-type=\"widget\" data-widget_type=\"wd_text_block.default\">\n\t\t\t\t<div class=\"elementor-widget-container\">\n\t\t\t\t\t\t\t<div class=\"wd-text-block reset-last-child text-left\">\n\t\t\t\n\t\t\t<p>Neben einigen Zeitschriften wie <strong>EIGHTY Degrees<\/strong> (in Ausgabe 6 gibt es \u00fcbrigens einen Artikel von uns \u00fcber T\u00fcrkischen Tee) und dem <strong>t-Magazin<\/strong> haben wir unter anderem folgende B\u00fccher lagernd:<\/p><p>Blofeld: Das Tao des Tee Trinkens<\/p><p>Burghardt: Tee! Tee! Tee!: Bubbles, Cocktails, Accessoires \u2013 ein altes Getr\u00e4nk erfindet sich neu<\/p><p>Cheadle: Tee \u2013 Sorten, Anbau, Geschichte, Zubereitung, Rezepte und vieles mehr<\/p><p>Delmas &amp; Minet: Tea-Sommelier: A step by step guide<\/p><p>Gascoyne, Marchand, Desharnais &amp; Americi: TEA (in English)<\/p><p>Erke: \u00c7ay (in T\u00fcrkisch)<\/p><p>Herlin: Das Taschenbuch vom Tee<\/p><p>Libronauti: Bruchlandung mit Tee (ein Kinderbuch!!)<\/p><p>Polt-Heinzl &amp; Schmidjell: TEE \u2013 Eine kulinarische Anthologie<\/p><p>Tee \u2013 Kennen und Genie\u00dfen<\/p><p>Ukers: ALL ABOUT TEA Vol.1, 1935 (in Englisch)<\/p><p>Van Eetvelt: Met Thee aan Tafel (in Niederl\u00e4ndisch)<\/p><p>Zihnio\u011flu: \u2013 Bir Ye\u015filin Pe\u015finde (in T\u00fcrkisch)<\/p><p><em>\u2026. und einige mehr \u2026.<\/em><\/p>\n\t\t\t\t\t<\/div>\n\t\t\t\t\t\t<\/div>\n\t\t\t\t<\/div>\n\t\t\t\t\t<\/div>\n\t\t<\/div>\n\t\t\t\t\t<\/div>\n\t\t<\/section>\n\t\t\t\t<\/div>\n\t\t","protected":false},"excerpt":{"rendered":"<p>B\u00dcCHER &#8211; unsere kleine Tee Bibliothek Tee und Lesen geh\u00f6ren zusammen, wie sehr passt es dann, Tee zu trinken und<\/p>\n","protected":false},"author":1,"featured_media":0,"parent":93,"menu_order":0,"comment_status":"closed","ping_status":"closed","template":"","meta":{"footnotes":""},"class_list":["post-102","page","type-page","status-publish","hentry"],"_links":{"self":[{"href":"https:\/\/harly-tea.at\/de\/wp-json\/wp\/v2\/pages\/102","targetHints":{"allow":["GET"]}}],"collection":[{"href":"https:\/\/harly-tea.at\/de\/wp-json\/wp\/v2\/pages"}],"about":[{"href":"https:\/\/harly-tea.at\/de\/wp-json\/wp\/v2\/types\/page"}],"author":[{"embeddable":true,"href":"https:\/\/harly-tea.at\/de\/wp-json\/wp\/v2\/users\/1"}],"replies":[{"embeddable":true,"href":"https:\/\/harly-tea.at\/de\/wp-json\/wp\/v2\/comments?post=102"}],"version-history":[{"count":17,"href":"https:\/\/harly-tea.at\/de\/wp-json\/wp\/v2\/pages\/102\/revisions"}],"predecessor-version":[{"id":1573,"href":"https:\/\/harly-tea.at\/de\/wp-json\/wp\/v2\/pages\/102\/revisions\/1573"}],"up":[{"embeddable":true,"href":"https:\/\/harly-tea.at\/de\/wp-json\/wp\/v2\/pages\/93"}],"wp:attachment":[{"href":"https:\/\/harly-tea.at\/de\/wp-json\/wp\/v2\/media?parent=102"}],"curies":[{"name":"wp","href":"https:\/\/api.w.org\/{rel}","templated":true}]}}