{"id":1319,"date":"2022-08-30T22:50:27","date_gmt":"2022-08-30T20:50:27","guid":{"rendered":"https:\/\/harly-tea.at\/?page_id=1319"},"modified":"2023-10-23T01:08:25","modified_gmt":"2023-10-22T23:08:25","slug":"unser-teehaus","status":"publish","type":"page","link":"https:\/\/harly-tea.at\/de\/unser-teehaus\/","title":{"rendered":"Unser Teehaus"},"content":{"rendered":"\t\t<div data-elementor-type=\"wp-page\" data-elementor-id=\"1319\" class=\"elementor elementor-1319\">\n\t\t\t\t\t\t<section class=\"elementor-section elementor-top-section elementor-element elementor-element-0545b39 elementor-section-boxed elementor-section-height-default elementor-section-height-default wd-section-disabled\" data-id=\"0545b39\" data-element_type=\"section\" data-e-type=\"section\">\n\t\t\t\t\t\t<div class=\"elementor-container elementor-column-gap-default\">\n\t\t\t\t\t<div class=\"elementor-column elementor-col-100 elementor-top-column elementor-element elementor-element-5d3ddd5\" data-id=\"5d3ddd5\" data-element_type=\"column\" data-e-type=\"column\">\n\t\t\t<div class=\"elementor-widget-wrap elementor-element-populated\">\n\t\t\t\t\t\t<div class=\"elementor-element elementor-element-f4554c1 elementor-widget elementor-widget-wd_text_block\" data-id=\"f4554c1\" data-element_type=\"widget\" data-e-type=\"widget\" data-widget_type=\"wd_text_block.default\">\n\t\t\t\t<div class=\"elementor-widget-container\">\n\t\t\t\t\t\t\t<div class=\"wd-text-block reset-last-child text-left\">\n\t\t\t\n\t\t\t<p>Den Shop von Sir Harly\u2019s Tea im Raimundhof (Mariahilferstrasse 45) gibt es bereits seit 2013. Er wurde von Viola Kim und Walter Poiss als Teehaus gestaltet und in den letzten Jahren von Zdenka Tauses mit Erfolg gef\u00fchrt.<\/p><p>In July 2022 haben wir Harly \u00fcbernommen und planen es zu einer Tee Boutique weiter zu entwickeln, die sich Tee in allen seinen Variationen verschrieben hat: von den Tee-Klassikern bis hin zum Tee-Lik\u00f6r, Sparkling Tea oder auch Tee-Accessoires f\u00fcr verschiedene Tee-Zeremonien finden Sie in unserer Boutique.<\/p><p>Wir wollen, dass Sie sich bei uns wohl f\u00fchlen bei Ihrer Entdeckungsreise in den Welt des Tees. Wir haben stets ca. 140 verschiedene Tees lagernd, die darauf warten gefunden und genossen zu werden. Sie k\u00f6nnen Ihren neuen Lieblingstee auch gleich bei uns verkosten (klassisch britisch oder in Gongfu Stil \u2013 in Abh\u00e4ngigkeit vom Tee) und bei guter Musik (<a style=\"font-size: 16px; background-color: var(--wd-main-bgcolor);\" href=\"https:\/\/open.spotify.com\/playlist\/3r50L47zKsG6LG6E0dXNI3?si=00c528c5e37a415b\" target=\"_blank\" rel=\"noopener\">Harly's Playlist in Spotify<\/a>)<\/p><p>vielleicht auch ein paar Scones essen bzw. einen Afternoon Tea bestellen. Nebenbei wird \u00fcber Tees gefachsimpelt, neue Rarit\u00e4ten besprochen, manchmal finden hier auch Tee-Seminare statt und immer gibt es ein L\u00e4cheln und gute Laune.<\/p><p>Wir freuen uns, mit Ihnen eine Entdeckungsreise zu machen. Das Einzige, das es in Richtung Tee bei uns nicht gibt sind Teebeutel! Oops, es gibt sie doch, aber nur als Keks!<\/p>\n\t\t\t\t\t<\/div>\n\t\t\t\t\t\t<\/div>\n\t\t\t\t<\/div>\n\t\t\t\t<div class=\"elementor-element elementor-element-86390c3 elementor-widget elementor-widget-button\" data-id=\"86390c3\" data-element_type=\"widget\" data-e-type=\"widget\" data-widget_type=\"button.default\">\n\t\t\t\t<div class=\"elementor-widget-container\">\n\t\t\t\t\t\t\t\t\t<div class=\"elementor-button-wrapper\">\n\t\t\t\t\t<a class=\"elementor-button elementor-button-link elementor-size-sm\" href=\"#\">\n\t\t\t\t\t\t<span class=\"elementor-button-content-wrapper\">\n\t\t\t\t\t\t\t\t\t<span class=\"elementor-button-text\">Harly's Playlist<\/span>\n\t\t\t\t\t<\/span>\n\t\t\t\t\t<\/a>\n\t\t\t\t<\/div>\n\t\t\t\t\t\t\t\t<\/div>\n\t\t\t\t<\/div>\n\t\t\t\t<div class=\"elementor-element elementor-element-511c9fd elementor-widget elementor-widget-wd_images_gallery\" data-id=\"511c9fd\" data-element_type=\"widget\" data-e-type=\"widget\" data-widget_type=\"wd_images_gallery.default\">\n\t\t\t\t<div class=\"elementor-widget-container\">\n\t\t\t\t\t\t\t<div class=\"wd-images-gallery wd-justify-center wd-items-middle view-masonry photoswipe-images\" >\n\t\t\t<div class=\"gallery-images row wd-spacing-20\">\n\t\t\t\t\t\t\t\t\t\t\t\t\t\t<div class=\"wd-gallery-item  col-lg-3 col-md-3 col-12\">\n\t\t\t\t\t\t\t\t\t\t\t\t\t<a href=\"https:\/\/harly-tea.at\/wp-content\/uploads\/2022\/08\/349A22F9-316B-4826-980C-85A15262A4F5-scaled.jpeg\" data-width=\"2560\" data-height=\"2560\" data-index=\"1\" data-elementor-open-lightbox=\"no\">\n\t\t\t\t\t\t\n\t\t\t\t\t\t<img decoding=\"async\" class=\"wd-lazy-load woodmart-lazy-load wd-lazy-fade\" src=\"https:\/\/harly-tea.at\/wp-content\/themes\/woodmart\/images\/lazy.png\" data-wood-src=\"https:\/\/harly-tea.at\/wp-content\/uploads\/2022\/08\/349A22F9-316B-4826-980C-85A15262A4F5-768x768.jpeg\"alt=\"349A22F9-316B-4826-980C-85A15262A4F5\">\n\t\t\t\t\t\t\t\t\t\t\t\t\t<\/a>\n\t\t\t\t\t\t\t\t\t\t\t<\/div>\n\t\t\t\t\t\t\t\t\t\t\t\t\t\t\t<div class=\"wd-gallery-item  col-lg-3 col-md-3 col-12\">\n\t\t\t\t\t\t\t\t\t\t\t\t\t<a href=\"https:\/\/harly-tea.at\/wp-content\/uploads\/2022\/09\/8199AF58-7F87-4CAE-95CC-82BDEBEA5EF3-scaled-e1662273236406.jpeg\" data-width=\"1920\" data-height=\"1920\" data-index=\"2\" data-elementor-open-lightbox=\"no\">\n\t\t\t\t\t\t\n\t\t\t\t\t\t<img decoding=\"async\" class=\"wd-lazy-load woodmart-lazy-load wd-lazy-fade\" src=\"https:\/\/harly-tea.at\/wp-content\/themes\/woodmart\/images\/lazy.png\" data-wood-src=\"https:\/\/harly-tea.at\/wp-content\/uploads\/2022\/09\/8199AF58-7F87-4CAE-95CC-82BDEBEA5EF3-scaled-e1662273236406-768x768.jpeg\"alt=\"8199AF58-7F87-4CAE-95CC-82BDEBEA5EF3\">\n\t\t\t\t\t\t\t\t\t\t\t\t\t<\/a>\n\t\t\t\t\t\t\t\t\t\t\t<\/div>\n\t\t\t\t\t\t\t\t\t\t\t\t\t\t\t<div class=\"wd-gallery-item  col-lg-3 col-md-3 col-12\">\n\t\t\t\t\t\t\t\t\t\t\t\t\t<a href=\"https:\/\/harly-tea.at\/wp-content\/uploads\/2022\/08\/68D437E0-B70C-4EFE-BD6D-51EF64D6498C-scaled-e1662273382239.jpeg\" data-width=\"1920\" data-height=\"1920\" data-index=\"3\" data-elementor-open-lightbox=\"no\">\n\t\t\t\t\t\t\n\t\t\t\t\t\t<img decoding=\"async\" class=\"wd-lazy-load woodmart-lazy-load wd-lazy-fade\" src=\"https:\/\/harly-tea.at\/wp-content\/themes\/woodmart\/images\/lazy.png\" data-wood-src=\"https:\/\/harly-tea.at\/wp-content\/uploads\/2022\/08\/68D437E0-B70C-4EFE-BD6D-51EF64D6498C-scaled-e1662273382239-768x768.jpeg\"alt=\"68D437E0-B70C-4EFE-BD6D-51EF64D6498C\">\n\t\t\t\t\t\t\t\t\t\t\t\t\t<\/a>\n\t\t\t\t\t\t\t\t\t\t\t<\/div>\n\t\t\t\t\t\t\t\t\t\t\t\t\t\t\t<div class=\"wd-gallery-item  col-lg-3 col-md-3 col-12\">\n\t\t\t\t\t\t\t\t\t\t\t\t\t<a href=\"https:\/\/harly-tea.at\/wp-content\/uploads\/2022\/09\/3BB7024A-444A-4718-A850-08717B768BB2-scaled.jpeg\" data-width=\"2560\" data-height=\"2560\" data-index=\"4\" data-elementor-open-lightbox=\"no\">\n\t\t\t\t\t\t\n\t\t\t\t\t\t<img decoding=\"async\" class=\"wd-lazy-load woodmart-lazy-load wd-lazy-fade\" src=\"https:\/\/harly-tea.at\/wp-content\/themes\/woodmart\/images\/lazy.png\" data-wood-src=\"https:\/\/harly-tea.at\/wp-content\/uploads\/2022\/09\/3BB7024A-444A-4718-A850-08717B768BB2-768x768.jpeg\"alt=\"3BB7024A-444A-4718-A850-08717B768BB2\">\n\t\t\t\t\t\t\t\t\t\t\t\t\t<\/a>\n\t\t\t\t\t\t\t\t\t\t\t<\/div>\n\t\t\t\t\t\t\t\t<\/div>\n\t\t<\/div>\n\t\t\t\t\t\t<\/div>\n\t\t\t\t<\/div>\n\t\t\t\t<div class=\"elementor-element elementor-element-42371c0 elementor-widget elementor-widget-wd_text_block\" data-id=\"42371c0\" data-element_type=\"widget\" data-e-type=\"widget\" data-widget_type=\"wd_text_block.default\">\n\t\t\t\t<div class=\"elementor-widget-container\">\n\t\t\t\t\t\t\t<div class=\"wd-text-block reset-last-child text-center\">\n\t\t\t\n\t\t\t<p>Harly ist ein wenig versteckt im Raimundhof zu finden. In dieser Perle der Innenstadt, einem Durchhaus von der Mariahilferstra\u00dfe 45 zur Windm\u00fchlgasse finden sich eine Reihe von kleinen Gesch\u00e4ften und Cafes und wir sind mitten drinnen.<span style=\"font-size: 16px; background-color: var(--wd-main-bgcolor); color: var(--wd-text-color);\">\u00a0<\/span><\/p><p>Entdecken Sie die Sch\u00f6nheiten Wiens, Entdecken Sie den Raimundhof, Entdecken Sie HARLY\u2019S TEA TEAM.<\/p>\n\t\t\t\t\t<\/div>\n\t\t\t\t\t\t<\/div>\n\t\t\t\t<\/div>\n\t\t\t\t<div class=\"elementor-element elementor-element-10c0034 elementor-widget elementor-widget-wd_button\" data-id=\"10c0034\" data-element_type=\"widget\" data-e-type=\"widget\" data-widget_type=\"wd_button.default\">\n\t\t\t\t<div class=\"elementor-widget-container\">\n\t\t\t\t\t\t\t<div class=\"wd-button-wrapper woodmart-button-wrapper text-center\" >\n\t\t\t<a class=\"btn btn-style-default btn-style-rectangle btn-size-default btn-color-primary btn-icon-pos-right\" href=\"https:\/\/harly-tea.at\/wp-content\/uploads\/2023\/10\/IMG_2392.jpg\" target=\"_blank\">\n\t\t\t\t<span class=\"wd-btn-text\" data-elementor-setting-key=\"text\">\n\t\t\t\t\tUnsere Men\u00fckarte\t\t\t\t<\/span>\n\n\t\t\t\t\t\t\t\t\t<span class=\"wd-btn-icon\">\n\t\t\t\t\t\t<span class=\"wd-icon far fa-file-pdf\"><\/span>\t\t\t\t\t<\/span>\n\t\t\t\t\t\t\t<\/a>\n\t\t<\/div>\n\t\t\t\t\t\t<\/div>\n\t\t\t\t<\/div>\n\t\t\t\t\t<\/div>\n\t\t<\/div>\n\t\t\t\t\t<\/div>\n\t\t<\/section>\n\t\t\t\t<\/div>\n\t\t","protected":false},"excerpt":{"rendered":"<p>Den Shop von Sir Harly\u2019s Tea im Raimundhof (Mariahilferstrasse 45) gibt es bereits seit 2013. Er wurde von Viola Kim<\/p>\n","protected":false},"author":1,"featured_media":0,"parent":0,"menu_order":0,"comment_status":"closed","ping_status":"closed","template":"","meta":{"footnotes":""},"class_list":["post-1319","page","type-page","status-publish","hentry"],"_links":{"self":[{"href":"https:\/\/harly-tea.at\/de\/wp-json\/wp\/v2\/pages\/1319","targetHints":{"allow":["GET"]}}],"collection":[{"href":"https:\/\/harly-tea.at\/de\/wp-json\/wp\/v2\/pages"}],"about":[{"href":"https:\/\/harly-tea.at\/de\/wp-json\/wp\/v2\/types\/page"}],"author":[{"embeddable":true,"href":"https:\/\/harly-tea.at\/de\/wp-json\/wp\/v2\/users\/1"}],"replies":[{"embeddable":true,"href":"https:\/\/harly-tea.at\/de\/wp-json\/wp\/v2\/comments?post=1319"}],"version-history":[{"count":44,"href":"https:\/\/harly-tea.at\/de\/wp-json\/wp\/v2\/pages\/1319\/revisions"}],"predecessor-version":[{"id":3256,"href":"https:\/\/harly-tea.at\/de\/wp-json\/wp\/v2\/pages\/1319\/revisions\/3256"}],"wp:attachment":[{"href":"https:\/\/harly-tea.at\/de\/wp-json\/wp\/v2\/media?parent=1319"}],"curies":[{"name":"wp","href":"https:\/\/api.w.org\/{rel}","templated":true}]}}