{"id":39,"date":"2022-08-02T10:04:50","date_gmt":"2022-08-02T08:04:50","guid":{"rendered":"https:\/\/harly-tea.at\/?page_id=39"},"modified":"2022-10-12T10:25:56","modified_gmt":"2022-10-12T08:25:56","slug":"ueber-sir-harly","status":"publish","type":"page","link":"https:\/\/harly-tea.at\/de\/ueber-sir-harly\/","title":{"rendered":"\u00dcber Sir Harly"},"content":{"rendered":"\t\t<div data-elementor-type=\"wp-page\" data-elementor-id=\"39\" class=\"elementor elementor-39\">\n\t\t\t\t\t\t<section class=\"wd-negative-gap elementor-section elementor-top-section elementor-element elementor-element-c78eb3e elementor-section-boxed elementor-section-height-default elementor-section-height-default wd-section-disabled\" data-id=\"c78eb3e\" data-element_type=\"section\" data-e-type=\"section\">\n\t\t\t\t\t\t<div class=\"elementor-container elementor-column-gap-default\">\n\t\t\t\t\t<div class=\"elementor-column elementor-col-50 elementor-top-column elementor-element elementor-element-36218ac\" data-id=\"36218ac\" data-element_type=\"column\" data-e-type=\"column\">\n\t\t\t<div class=\"elementor-widget-wrap elementor-element-populated\">\n\t\t\t\t\t\t<div class=\"elementor-element elementor-element-eb602e3 color-scheme-inherit text-left elementor-widget elementor-widget-text-editor\" data-id=\"eb602e3\" data-element_type=\"widget\" data-e-type=\"widget\" data-widget_type=\"text-editor.default\">\n\t\t\t\t<div class=\"elementor-widget-container\">\n\t\t\t\t\t\t\t\t\t<p><strong>Tee hat seinen Ursprung in China, wo er als Heilmittel schon vor ca. 5.000 Jahren<\/strong> genossen wurde und von wo er seinen Siegeszug um die Welt antrat.<strong> Europas Teekultur startete erst in 1610<\/strong>, als Tee erstmals von der Ost-Indien-Kompanie importiert wurde.<\/p><p>Heute ist Tee ein wichtiges Getr\u00e4nk auch in Europa. Liegt der Pro-Kopf Verbrauch auch weit unter jenem von China oder Japan, so entdecken doch immer mehr Menschen die Vielfalt von Tee und genie\u00dfen immer \u00f6fter dieses Getr\u00e4nk.<\/p><h5>Hier kommen wir &amp; Sir Harly ins Spiel:\u00a0<\/h5><p>wir wollen Sie auf Ihrer Tee-Entdeckungsreise in vielen Aspekten begleiten: in unserer Tee-Boutique im Raimundhof in Wien k\u00f6nnen Sie die Vielfalt von <a href=\"https:\/\/harly-tea.at\/de\/produkt-kategorie\/tee\/\"><strong>Tee<\/strong><\/a> riechen und verkosten und auch das passende <a href=\"https:\/\/harly-tea.at\/de\/produkt-kategorie\/zubehoer\/\"><strong>Tee-Zubeh\u00f6r<\/strong><\/a> zum optimalen Genuss finden. Wir organisieren in regelm\u00e4\u00dfigen Abst\u00e4nden auch <a href=\"https:\/\/harly-tea.at\/de\/veranstaltungen\/\"><strong>Tee Seminare<\/strong> und <strong>Diskussionsrunden<\/strong><\/a> und nicht zuletzt m\u00f6chten wir in Zukunft auch kleine Teereisen zu unseren Produzenten vorbereiten.<\/p><p>Unser Tee-Angebot ist vielf\u00e4ltig. Wir haben viele Klassiker st\u00e4ndig auf Lager und dar\u00fcber hinaus versuchen wir, Sie immer wieder mit neuen und hoffentlich aufregenden Mischungen \u00fcberraschen. Dar\u00fcber hinaus bieten <strong>Tee-Spezialit\u00e4ten<\/strong> aus aller Welt an, die oft nur in kleinen Mengen und tempor\u00e4r vorhanden sind \u2013 wenn sie ausgetrunken sind, m\u00fcssen wir auf die n\u00e4chste Ernte warten.<\/p><p>Besuchen Sie uns in unserer Tee-Boutique <b>SIR HARLY\u2019S TEA TEAM<\/b> im Raimundhof in Wien und lassen Sie sich verw\u00f6hnen.&amp;<\/p>\t\t\t\t\t\t\t\t<\/div>\n\t\t\t\t<\/div>\n\t\t\t\t\t<\/div>\n\t\t<\/div>\n\t\t\t\t<div class=\"elementor-column elementor-col-50 elementor-top-column elementor-element elementor-element-e240367\" data-id=\"e240367\" data-element_type=\"column\" data-e-type=\"column\">\n\t\t\t<div class=\"elementor-widget-wrap elementor-element-populated\">\n\t\t\t\t\t\t<div class=\"elementor-element elementor-element-9692713 elementor-widget elementor-widget-image\" data-id=\"9692713\" data-element_type=\"widget\" data-e-type=\"widget\" data-widget_type=\"image.default\">\n\t\t\t\t<div class=\"elementor-widget-container\">\n\t\t\t\t\t\t\t\t\t\t\t\t\t\t\t<img fetchpriority=\"high\" decoding=\"async\" width=\"768\" height=\"1024\" src=\"https:\/\/harly-tea.at\/wp-content\/uploads\/2022\/08\/1_SHT_Draussen_2-768x1024.jpg\" class=\"attachment-large size-large wp-image-657\" alt=\"\" srcset=\"https:\/\/harly-tea.at\/wp-content\/uploads\/2022\/08\/1_SHT_Draussen_2-768x1024.jpg 768w, https:\/\/harly-tea.at\/wp-content\/uploads\/2022\/08\/1_SHT_Draussen_2-225x300.jpg 225w, https:\/\/harly-tea.at\/wp-content\/uploads\/2022\/08\/1_SHT_Draussen_2-1152x1536.jpg 1152w, https:\/\/harly-tea.at\/wp-content\/uploads\/2022\/08\/1_SHT_Draussen_2-1536x2048.jpg 1536w, https:\/\/harly-tea.at\/wp-content\/uploads\/2022\/08\/1_SHT_Draussen_2-700x933.jpg 700w, https:\/\/harly-tea.at\/wp-content\/uploads\/2022\/08\/1_SHT_Draussen_2-350x467.jpg 350w, https:\/\/harly-tea.at\/wp-content\/uploads\/2022\/08\/1_SHT_Draussen_2-680x907.jpg 680w, https:\/\/harly-tea.at\/wp-content\/uploads\/2022\/08\/1_SHT_Draussen_2-150x200.jpg 150w, https:\/\/harly-tea.at\/wp-content\/uploads\/2022\/08\/1_SHT_Draussen_2-scaled.jpg 1920w\" sizes=\"(max-width: 768px) 100vw, 768px\" \/>\t\t\t\t\t\t\t\t\t\t\t\t\t\t\t<\/div>\n\t\t\t\t<\/div>\n\t\t\t\t\t<\/div>\n\t\t<\/div>\n\t\t\t\t\t<\/div>\n\t\t<\/section>\n\t\t\t\t<section class=\"wd-negative-gap elementor-section elementor-top-section elementor-element elementor-element-f543e5f elementor-section-boxed elementor-section-height-default elementor-section-height-default wd-section-disabled\" data-id=\"f543e5f\" data-element_type=\"section\" data-e-type=\"section\">\n\t\t\t\t\t\t<div class=\"elementor-container elementor-column-gap-default\">\n\t\t\t\t\t<div class=\"elementor-column elementor-col-100 elementor-top-column elementor-element elementor-element-42f3ade\" data-id=\"42f3ade\" data-element_type=\"column\" data-e-type=\"column\">\n\t\t\t<div class=\"elementor-widget-wrap elementor-element-populated\">\n\t\t\t\t\t\t<div class=\"elementor-element elementor-element-69a8a1e elementor-widget elementor-widget-wd_title\" data-id=\"69a8a1e\" data-element_type=\"widget\" data-e-type=\"widget\" data-widget_type=\"wd_title.default\">\n\t\t\t\t<div class=\"elementor-widget-container\">\n\t\t\t\t\t\t\t<div class=\"title-wrapper set-mb-s reset-last-child wd-title-color-default wd-title-style-default wd-title-size-large text-center\">\n\n\t\t\t\n\t\t\t<div class=\"liner-continer\">\n\t\t\t\t<h2 class=\"woodmart-title-container title wd-fontsize-xxl wd-underline-colored\">Das Team von Harly<\/h2> \n\t\t\t\t\t\t\t<\/div>\n\n\t\t\t\t\t<\/div>\n\t\t\t\t\t\t<\/div>\n\t\t\t\t<\/div>\n\t\t\t\t\t<\/div>\n\t\t<\/div>\n\t\t\t\t\t<\/div>\n\t\t<\/section>\n\t\t\t\t<section class=\"wd-negative-gap elementor-section elementor-top-section elementor-element elementor-element-2678caf elementor-section-boxed elementor-section-height-default elementor-section-height-default wd-section-disabled\" data-id=\"2678caf\" data-element_type=\"section\" data-e-type=\"section\">\n\t\t\t\t\t\t<div class=\"elementor-container elementor-column-gap-default\">\n\t\t\t\t\t<div class=\"elementor-column elementor-col-50 elementor-top-column elementor-element elementor-element-94f3d0d\" data-id=\"94f3d0d\" data-element_type=\"column\" data-e-type=\"column\">\n\t\t\t<div class=\"elementor-widget-wrap elementor-element-populated\">\n\t\t\t\t\t\t<div class=\"elementor-element elementor-element-a45a5ed elementor-widget elementor-widget-image\" data-id=\"a45a5ed\" data-element_type=\"widget\" data-e-type=\"widget\" data-widget_type=\"image.default\">\n\t\t\t\t<div class=\"elementor-widget-container\">\n\t\t\t\t\t\t\t\t\t\t\t\t\t\t\t<img decoding=\"async\" width=\"768\" height=\"1024\" src=\"https:\/\/harly-tea.at\/wp-content\/uploads\/2022\/08\/EFEDF134-A850-45EC-A344-114FCDA220C3-768x1024.jpeg\" class=\"attachment-medium_large size-medium_large wp-image-1186\" alt=\"\" srcset=\"https:\/\/harly-tea.at\/wp-content\/uploads\/2022\/08\/EFEDF134-A850-45EC-A344-114FCDA220C3-768x1024.jpeg 768w, https:\/\/harly-tea.at\/wp-content\/uploads\/2022\/08\/EFEDF134-A850-45EC-A344-114FCDA220C3-225x300.jpeg 225w, https:\/\/harly-tea.at\/wp-content\/uploads\/2022\/08\/EFEDF134-A850-45EC-A344-114FCDA220C3-1152x1536.jpeg 1152w, https:\/\/harly-tea.at\/wp-content\/uploads\/2022\/08\/EFEDF134-A850-45EC-A344-114FCDA220C3-1536x2048.jpeg 1536w, https:\/\/harly-tea.at\/wp-content\/uploads\/2022\/08\/EFEDF134-A850-45EC-A344-114FCDA220C3-700x933.jpeg 700w, https:\/\/harly-tea.at\/wp-content\/uploads\/2022\/08\/EFEDF134-A850-45EC-A344-114FCDA220C3-350x467.jpeg 350w, https:\/\/harly-tea.at\/wp-content\/uploads\/2022\/08\/EFEDF134-A850-45EC-A344-114FCDA220C3-680x907.jpeg 680w, https:\/\/harly-tea.at\/wp-content\/uploads\/2022\/08\/EFEDF134-A850-45EC-A344-114FCDA220C3-150x200.jpeg 150w, https:\/\/harly-tea.at\/wp-content\/uploads\/2022\/08\/EFEDF134-A850-45EC-A344-114FCDA220C3-scaled.jpeg 1920w\" sizes=\"(max-width: 768px) 100vw, 768px\" \/>\t\t\t\t\t\t\t\t\t\t\t\t\t\t\t<\/div>\n\t\t\t\t<\/div>\n\t\t\t\t\t<\/div>\n\t\t<\/div>\n\t\t\t\t<div class=\"elementor-column elementor-col-50 elementor-top-column elementor-element elementor-element-059bdcf\" data-id=\"059bdcf\" data-element_type=\"column\" data-e-type=\"column\">\n\t\t\t<div class=\"elementor-widget-wrap elementor-element-populated\">\n\t\t\t\t\t\t<div class=\"elementor-element elementor-element-c866c1d elementor-widget elementor-widget-wd_text_block\" data-id=\"c866c1d\" data-element_type=\"widget\" data-e-type=\"widget\" data-widget_type=\"wd_text_block.default\">\n\t\t\t\t<div class=\"elementor-widget-container\">\n\t\t\t\t\t\t\t<div class=\"wd-text-block reset-last-child text-left\">\n\t\t\t\n\t\t\t<p>Wir \u2013 das sind Seda und G\u00fcnther \u2013 haben uns mit SIR HARLY\u2019S TEA TEAM einen Traum erf\u00fcllt. Wir sind Tee-Enthusiasten und genossen Tee immer schon als Begleiter f\u00fcr den ganzen Tag: w\u00e4hrend der Arbeit, bei Plaudereien oder auch am Abend begleitet uns Tee jeden Tag.<\/p><p>In den letzten Jahren haben wir auf unseren Reisen einige Teeplantagen in Indien, Japan, T\u00fcrkei und Sri Lanka gesehen, wir haben Teefarmer getroffen und teilweise auch selbst Tee produziert. Kurz, wir haben die Vielf\u00e4ltigkeit und die M\u00f6glichkeiten dieses Geschenkes der Natur sch\u00e4tzen gelernt und wir lernen jeden Tag weiter dazu. Tee wurde mehr und mehr zu unserer Passion.<\/p><p>Je mehr wir in die Tee-Welt eintauchten, desto mehr wunderten wir uns, warum die gro\u00dfe Auswahl an verschiedenen Tees in unseren Breiten weitgehend unbekannt ist und die Teebeutel-Kultur noch immer dominiert.<\/p><p>So haben wir vor einiger Zeit die <a href=\"https:\/\/harly-tea.at\/de\/tea-team\/\"><strong>TEA TEAM Plattform<\/strong><\/a> gegr\u00fcndet, die es sich zum Ziel gesetzt hat, vor allem <a href=\"https:\/\/harly-tea.at\/de\/shop\/?filter_anbaugebiet=tuerkei\">t\u00fcrkische Spezialit\u00e4ten-Tees<\/a> bekannter zu machen und junge, dynamische Tee-Bauern bei Ihren Bestrebungen beste Qualit\u00e4t zu produzieren, zu unterst\u00fctzen. TEA TEAM wurde nun in\u00a0 HARLY\u2019S TEA integriert.<\/p><p>Jetzt haben wir dar\u00fcber hinaus unsere Passion zum Beruf gemacht und wir entdecken t\u00e4glich mit unseren Kunden neue Facetten rund um den Tee und hoffen, mit unserer Euphorie auch anderen zu helfen, tiefer in diese Welt einzusteigen und wirklich guten Tee zu genie\u00dfen.<\/p>\n\t\t\t\t\t<\/div>\n\t\t\t\t\t\t<\/div>\n\t\t\t\t<\/div>\n\t\t\t\t\t<\/div>\n\t\t<\/div>\n\t\t\t\t\t<\/div>\n\t\t<\/section>\n\t\t\t\t<\/div>\n\t\t","protected":false},"excerpt":{"rendered":"<p>Tee hat seinen Ursprung in China, wo er als Heilmittel schon vor ca. 5.000 Jahren genossen wurde und von wo<\/p>\n","protected":false},"author":1,"featured_media":0,"parent":0,"menu_order":0,"comment_status":"closed","ping_status":"closed","template":"","meta":{"footnotes":""},"class_list":["post-39","page","type-page","status-publish","hentry"],"_links":{"self":[{"href":"https:\/\/harly-tea.at\/de\/wp-json\/wp\/v2\/pages\/39","targetHints":{"allow":["GET"]}}],"collection":[{"href":"https:\/\/harly-tea.at\/de\/wp-json\/wp\/v2\/pages"}],"about":[{"href":"https:\/\/harly-tea.at\/de\/wp-json\/wp\/v2\/types\/page"}],"author":[{"embeddable":true,"href":"https:\/\/harly-tea.at\/de\/wp-json\/wp\/v2\/users\/1"}],"replies":[{"embeddable":true,"href":"https:\/\/harly-tea.at\/de\/wp-json\/wp\/v2\/comments?post=39"}],"version-history":[{"count":63,"href":"https:\/\/harly-tea.at\/de\/wp-json\/wp\/v2\/pages\/39\/revisions"}],"predecessor-version":[{"id":1934,"href":"https:\/\/harly-tea.at\/de\/wp-json\/wp\/v2\/pages\/39\/revisions\/1934"}],"wp:attachment":[{"href":"https:\/\/harly-tea.at\/de\/wp-json\/wp\/v2\/media?parent=39"}],"curies":[{"name":"wp","href":"https:\/\/api.w.org\/{rel}","templated":true}]}}