{"id":74,"date":"2022-08-02T10:51:42","date_gmt":"2022-08-02T08:51:42","guid":{"rendered":"https:\/\/harly-tea.at\/versand__lieferung\/"},"modified":"2022-09-07T23:14:23","modified_gmt":"2022-09-07T21:14:23","slug":"versand-zahlung","status":"publish","type":"page","link":"https:\/\/harly-tea.at\/de\/versand-zahlung\/","title":{"rendered":"Versand &#038; Zahlung"},"content":{"rendered":"<div class=\"title-wrapper basel-title-color-default basel-title-style-default basel-title-size-default text-center \">\n<div class=\"liner-continer\">\n<h4 class=\"title\"><b>VERSANDINFORMATIONEN<\/b><\/h4>\n<\/div>\n<\/div>\n<div class=\"wpb_text_column wpb_content_element\">\n<div class=\"wpb_wrapper\">\n<p>Die auf den Produktseiten genannten Preise enthalten die gesetzliche Mehrwertsteuer und sonstige Preisbestandteile.<\/p>\n<p>Wir liefern nach \u00d6sterreich und innerhalb der EU.<\/p>\n<p>Zus\u00e4tzlich zu den angegebenen Preisen berechnen wir f\u00fcr die Lieferung innerhalb \u00d6sterreichs pauschal<strong> 4,90 \u20ac pro Bestellung<\/strong>.<\/p>\n<p>Ab einem Bestellwert von \u20ac 50,- entfallen die Versandkosten innerhalb \u00d6sterreichs.<\/p>\n<p>F\u00fcr den Versand innerhalb der EU berechnen wir pauschal <strong>9,90 \u20ac pro Bestellung.<\/strong><\/p>\n<p>Die Versandkostenpauschale enth\u00e4lt die gesetzliche Mehrwertsteuer. Da die Mehrwertsteuer auf die Versandkostenpauschale abh\u00e4ngig von den erworbenen Waren berechnet wird, kann sie sich mindern, wenn Waren zu niedrigeren Umsatzsteuers\u00e4tzen erworben werden (z.B. bei Erwerb von B\u00fcchern). Das bedeutet, dass die Versandkostenpauschale erst im Rahmen des Bestellprozesses endg\u00fcltig berechnet werden kann. Sie kann dabei jedoch nicht h\u00f6her, sondern nur zu Ihren Gunsten niedriger werden.<\/p>\n<\/div>\n<\/div>\n<div class=\"title-wrapper basel-title-color-default basel-title-style-default basel-title-size-default text-center \">\n<div class=\"liner-continer\">\n<h4 class=\"title\"><b>ZAHLUNGSARTEN<\/b><\/h4>\n<\/div>\n<p><span class=\"title-after_title\">Derzeit bieten wir Ihnen folgende Zahlungsarten an<\/span><\/p>\n<\/div>\n<div class=\"wpb_text_column wpb_content_element\">\n<div class=\"wpb_wrapper\">\n<p><strong>Vorauskassa<\/strong><\/p>\n<p>Bitte \u00fcberweisen Sie die Endsumme der Bestellung auf das angegebene Konto in der Bestellbest\u00e4tigung. Sobald die Zahlung bei uns verbucht ist wird die Ware umgehend an Sie versendet.<\/p>\n<p><strong>Kreditkarte<\/strong><\/p>\n<p>Bezahlen Sie einfach online mit Mastercard oder Visa<\/p>\n<p><strong>Bar\/Bankomat bei Abholung<\/strong><\/p>\n<p>Gerne k\u00f6nnen Sie die Ware auch bei uns in der Boutique abholen und bezahlen<\/p>\n<\/div>\n<\/div>\n","protected":false},"excerpt":{"rendered":"<p>VERSANDINFORMATIONEN Die auf den Produktseiten genannten Preise enthalten die gesetzliche Mehrwertsteuer und sonstige Preisbestandteile. Wir liefern nach \u00d6sterreich und innerhalb<\/p>\n","protected":false},"author":1,"featured_media":0,"parent":0,"menu_order":0,"comment_status":"closed","ping_status":"closed","template":"","meta":{"footnotes":""},"class_list":["post-74","page","type-page","status-publish","hentry"],"_links":{"self":[{"href":"https:\/\/harly-tea.at\/de\/wp-json\/wp\/v2\/pages\/74","targetHints":{"allow":["GET"]}}],"collection":[{"href":"https:\/\/harly-tea.at\/de\/wp-json\/wp\/v2\/pages"}],"about":[{"href":"https:\/\/harly-tea.at\/de\/wp-json\/wp\/v2\/types\/page"}],"author":[{"embeddable":true,"href":"https:\/\/harly-tea.at\/de\/wp-json\/wp\/v2\/users\/1"}],"replies":[{"embeddable":true,"href":"https:\/\/harly-tea.at\/de\/wp-json\/wp\/v2\/comments?post=74"}],"version-history":[{"count":5,"href":"https:\/\/harly-tea.at\/de\/wp-json\/wp\/v2\/pages\/74\/revisions"}],"predecessor-version":[{"id":1603,"href":"https:\/\/harly-tea.at\/de\/wp-json\/wp\/v2\/pages\/74\/revisions\/1603"}],"wp:attachment":[{"href":"https:\/\/harly-tea.at\/de\/wp-json\/wp\/v2\/media?parent=74"}],"curies":[{"name":"wp","href":"https:\/\/api.w.org\/{rel}","templated":true}]}}