{"id":80,"date":"2022-08-02T10:51:42","date_gmt":"2022-08-02T08:51:42","guid":{"rendered":"https:\/\/harly-tea.at\/allgemeine_geschaeftsbedingungen\/"},"modified":"2022-09-06T06:18:07","modified_gmt":"2022-09-06T04:18:07","slug":"agb","status":"publish","type":"page","link":"https:\/\/harly-tea.at\/de\/agb\/","title":{"rendered":"Allgemeine Gesch\u00e4ftsbedingungen"},"content":{"rendered":"<p><strong>Allgemeine Gesch\u00e4ftsbedingungen mit Kundeninformationen<\/strong><\/p>\n<p>1. Geltungsbereich<br \/>\n2. Angebote und Leistungsbeschreibungen<br \/>\n3. Bestellvorgang und Vertragsabschluss<br \/>\n4. Preise und Versandkosten<br \/>\n5. Lieferung, Warenverf\u00fcgbarkeit<br \/>\n6. Zahlung<br \/>\n7. Eigentumsvorbehalt<br \/>\n8. Sachm\u00e4ngelgew\u00e4hrleistung und Garantie<br \/>\n9. Haftung<br \/>\n10. Speicherung des Vertragstextes<br \/>\n11. Copyright<br \/>\n12. Schlussbestimmungen<\/p>\n<p><strong>1. Geltungsbereich<\/strong><br \/>\n1.1. F\u00fcr die Gesch\u00e4ftsbeziehung zwischen Sir Harly&#8217;s Tea Chaka Chuka OG, 1060 Wien, Mariahilferstrasse 45\/44 (nachfolgend \u201eVerk\u00e4ufer\u201c) und dem Kunden (nachfolgend \u201eKunde\u201c) gelten ausschlie\u00dflich die nachfolgenden Allgemeinen Gesch\u00e4ftsbedingungen in ihrer zum Zeitpunkt der Bestellung g\u00fcltigen Fassung.<\/p>\n<p>1.2. Verbraucher im Sinne dieser AGB ist jede nat\u00fcrliche Person, die ein Rechtsgesch\u00e4ft zu einem Zwecke abschlie\u00dft, der \u00fcberwiegend weder ihrer gewerblichen noch ihrer selbstst\u00e4ndigen beruflichen T\u00e4tigkeit zugerechnet werden kann. Unternehmer ist eine nat\u00fcrliche oder juristische Person oder eine rechtsf\u00e4hige Personengesellschaft, die bei Abschluss eines Rechtsgesch\u00e4fts in Aus\u00fcbung ihrer gewerblichen oder selbst\u00e4ndigen beruflichen T\u00e4tigkeit handelt.<\/p>\n<p>1.3. Abweichende Bedingungen des Kunden werden nicht anerkannt, es sei denn, der Verk\u00e4ufer stimmt ihrer Geltung ausdr\u00fccklich zu.<\/p>\n<p><strong>2. Angebote und Leistungsbeschreibungen<\/strong><br \/>\n2.1 Die Darstellung der Produkte im Online-Shop stellt kein rechtlich bindendes Angebot, sondern eine Aufforderung zur Abgabe einer Bestellung dar. Leistungsbeschreibungen in Katalogen sowie auf den Websites des Verk\u00e4ufers haben nicht den Charakter einer Zusicherung oder Garantie.<\/p>\n<p>2.2 Alle Angebote gelten \u201esolange der Vorrat reicht\u201c, wenn nicht bei den Produkten etwas anderes vermerkt ist. Im \u00dcbrigen bleiben Irrt\u00fcmer vorbehalten.<\/p>\n<p><strong>3. Bestellvorgang und Vertragsabschluss<\/strong><\/p>\n<div>\n<p>3.1. Der Kunde kann aus dem Sortiment des Verk\u00e4ufers Produkte unverbindlich ausw\u00e4hlen und diese \u00fcber die Schaltfl\u00e4che &#8222;in den Warenkorb&#8220; in einem sogenannten Warenkorb sammeln. Innerhalb des Warenkorbes kann die Produktauswahl ver\u00e4ndert, (z.B. gel\u00f6scht) werden. Anschlie\u00dfend kann der Kunde innerhalb des Warenkorbs \u00fcber die Schaltfl\u00e4che &#8222;Kasse&#8220; zum Abschluss des Bestellvorgangs schreiten.<\/p>\n<\/div>\n<div>\n<p>3.2. \u00dcber die Schaltfl\u00e4che &#8222;zahlungspflichtig bestellen&#8220; gibt der Kunde einen verbindlichen Antrag zum Kauf der im Warenkorb befindlichen Waren ab. Vor Abschicken der Bestellung kann der Kunde die Daten jederzeit \u00e4ndern und einsehen, sowie mithilfe der Browserfunktion &#8222;zur\u00fcck&#8220; zum Warenkorb zur\u00fcckgehen oder den Bestellvorgang insgesamt abbrechen. Notwendige Angaben sind mit einem Sternchen (*) gekennzeichnet.<\/p>\n<\/div>\n<div>\n<p>3.3. Der Verk\u00e4ufer schickt daraufhin dem Kunden eine automatische Empfangsbest\u00e4tigung per E-Mail zu, in welcher die Bestellung des Kunden nochmals aufgef\u00fchrt wird. Die automatische Empfangsbest\u00e4tigung dokumentiert lediglich, dass die Bestellung des Kunden beim Verk\u00e4ufer eingegangen ist und stellt keine Annahme des Antrags dar. Der Kaufvertrag kommt erst dann zustande, wenn der Verk\u00e4ufer das bestellte Produkt innerhalb von <span lang=\"DE-AT\">3<\/span> <span lang=\"DE-AT\">Arbeitst<\/span>agen an den Kunden versendet, \u00fcbergeben oder den Versand an den Kunden innerhalb von <span lang=\"DE-AT\">3<\/span> Tagen mit einer ausdr\u00fccklichen Auftragsbest\u00e4tigung oder Zusendung der Rechnung best\u00e4tigt hat.<span class=\"apple-converted-space\">\u00a0<\/span>Die Annahme kann ferner durch eine seitens des Verk\u00e4ufers an den Kunden gerichtete Zahlungsaufforderung und sp\u00e4testens durch den Abschluss des Zahlungsvorgangs erfolgen. Nimmt der Verk\u00e4ufer das Angebot des Kunden innerhalb der Annahmefrist nicht an, kommt kein Vertrag zustande und der Kunde wird nicht mehr an sein Angebot gebunden.<\/p>\n<\/div>\n<div>\n<p>3.4 Sir Harly&#8217;s Tea verkauft in diesem Webshop nur an Endverbraucher zum Eigenverbrauch. Ohne schriftliche Genehmigung durch den Verk\u00e4ufer ist ein Wiederverkauf mit der Marke &#8222;Sir Harly&#8217;s Tea&#8220; gekennzeichneten Artikel nicht gestattet. Die Abgabe erfolgt nur in haushalts\u00fcblichen Mengen.<\/p>\n<\/div>\n<p>3.5. In allen F\u00e4llen, in denen der Verk\u00e4ufer eine\u00a0Vorauskasse-Zahlung erm\u00f6glicht, kommt der Vertrag mit der Bereitstellung der Bankdaten und Zahlungsaufforderung zustande.\u00a0Wenn die Zahlung trotz F\u00e4lligkeit auch nach erneuter Aufforderung nicht bis zu einem Zeitpunkt von 10 Kalendertagen nach Absendung der Bestellbest\u00e4tigung beim Verk\u00e4ufer eingegangen ist, tritt der Verk\u00e4ufer vom Vertrag zur\u00fcck mit der Folge, dass die Bestellung hinf\u00e4llig ist und den Verk\u00e4ufer keine Lieferpflicht trifft. Die Bestellung ist dann f\u00fcr den K\u00e4ufer und Verk\u00e4ufer ohne weitere Folgen erledigt. Eine Reservierung des Artikels bei Vorkassezahlungen erfolgt daher l\u00e4ngstens f\u00fcr 10 Kalendertage.<\/p>\n<p><strong>4. Preise und Versandkosten<\/strong><\/p>\n<p>4.1. Alle Preise, die auf der Website des Verk\u00e4ufers angegeben sind, verstehen sich einschlie\u00dflich der jeweils g\u00fcltigen gesetzlichen Umsatzsteuer. Die Teepreise beziehen sich, wenn nicht anders angegeben, jeweils auf Verpackungseinheiten von 100g. Andere Verpackungseinheiten sind nur in speziell ausgewiesenen F\u00e4llen vorgesehen.<\/p>\n<p>4.2. Alle Preise gelten bis auf Widerruf, Preis\u00e4nderungen bleiben vorbehalten.<\/p>\n<p>4.3. Zus\u00e4tzlich zu den angegebenen Preisen berechnet der Verk\u00e4ufer f\u00fcr die Lieferung Versandkosten. Die Versandkosten werden dem K\u00e4ufer im Rahmen des Bestellvorgangs deutlich mitgeteilt.<\/p>\n<p>4.4. <em>Versandkosten \u00d6sterreich<\/em>: ab einem Warenwert von 50 EUR versenden wir PORTOFREI. Die Aufschl\u00fcsselung der Kosten sind auf der Rechnung ersichtlich. Die Versandkosten richten sich unter anderem nach dem Gesamtgewicht der Sendung, jedoch k\u00f6nnen die Versandkosten abweichen, sollte es sich um gebrechliche Ware oder spezielle Verpackungen handeln.<\/p>\n<p>Bei Lieferungen mit einem Warenwert unter 50 EUR werden folgende Versandkosten innerhalb \u00d6sterreichs verrechnet:0 kg &#8211; 2kg: 4,30 EUR \/\u00a02kg &#8211; 4 kg: 12,00 EUR \/\u00a04kg &#8211; 10kg: 15,00 EUR<\/p>\n<p>4.5.<em> Versandkosten EU<\/em>: die Aufschl\u00fcsselung der Kosten sind auf der Rechnung ersichtlich. Die Aufschl\u00fcsselung der Kosten sind auf der Rechnung ersichtlich. Die Versandkosten <span lang=\"DE\">betragen pauschal 19,90 EUR in alle EUR L\u00e4nder.<\/span><\/p>\n<p>4.6. Versandkosten au\u00dferhalb EU: Versand ist grunds\u00e4tzlich m\u00f6glich. Die Versandkosten werden dem Kunden nach Bestellung per e-Mail von uns zugesandt (laut geltenden Tarifen der \u00f6sterreichischen Post). Zus\u00e4tzlich k\u00f6nnen je nach Einfuhrland vom Kunden zu tragende Zollabgaben anfallen.<\/p>\n<p><strong>5. Lieferung, Warenverf\u00fcgbarkeit<\/strong><br \/>\n5.1. Soweit Vorauskasse vereinbart ist, erfolgt die Lieferung nach Eingang des Rechnungsbetrages.<\/p>\n<p>5.2. Sollte die Zustellung der Ware durch Verschulden des K\u00e4ufers trotz dreimaligem Ausliefer-Versuches scheitern, kann der Verk\u00e4ufer vom Vertrag zur\u00fccktreten. Gegebenenfalls geleistete Zahlungen werden dem Kunden unverz\u00fcglich erstattet.<\/p>\n<p>5.3. Wenn das bestellte Produkt nicht verf\u00fcgbar ist, weil der Verk\u00e4ufer mit diesem Produkt von seinem Lieferanten ohne eigenes Verschulden nicht beliefert wird, kann der Verk\u00e4ufer vom Vertrag zur\u00fccktreten. In diesem Fall wird der Verk\u00e4ufer den Kunden unverz\u00fcglich informieren und ihm ggf. die Lieferung eines vergleichbaren Produktes vorschlagen. Wenn kein vergleichbares Produkt verf\u00fcgbar ist oder der Kunde keine Lieferung eines vergleichbaren Produktes w\u00fcnscht, wird der Verk\u00e4ufer dem Kunden gegebenenfalls bereits erbrachte Gegenleistungen unverz\u00fcglich erstatten.<\/p>\n<p>5.4. \u00a0Im Fall von Kunden die Unternehmen sind, gilt, dass die Gefahr des zuf\u00e4lligen Untergangs und der zuf\u00e4lligen Verschlechterung der Ware auf die K\u00e4ufer \u00fcbergeht, sobald der Verk\u00e4ufer die Sache dem Lieferservice (z.B. Post) \u00fcbergeben hat; die angegebenen Lieferdaten und Fristen vorbehaltlich anderweitiger Zusagen und Vereinbarungen sind keine Fixtermine.<\/p>\n<p>5.5. Liefer- und Leistungsverz\u00f6gerungen aufgrund h\u00f6herer Gewalt und aufgrund von unvorhersehbaren Ereignissen, die dem Verk\u00e4ufer die Lieferung wesentlich erschweren oder unm\u00f6glich machen, hat der Verk\u00e4ufer gegen\u00fcber Kunden, die Unternehmer sind, auch bei verbindlich vereinbarten Fristen und Terminen nicht zu vertreten. In diesem Fall ist der Verk\u00e4ufer berechtigt, die Lieferung bzw. Leistung um die Dauer der Behinderung zuz\u00fcglich einer angemessenen Anlauffrist hinauszuschieben. Das Recht zur Hinausschiebung der Frist gilt gegen\u00fcber Kunden, die Unternehmer sind auch in F\u00e4llen unvorhersehbarer Ereignisse, die auf den Betrieb eines Vorlieferanten einwirken und weder von ihm noch von dem Verk\u00e4ufer zu vertreten sind. W\u00e4hrend der Dauer dieser Behinderung ist der Kunde ebenfalls von seinen vertraglichen V erpflichtungen entbunden, insbesondere der Zahlung. Ist die Verz\u00f6gerung dem Kunden nicht zuzumuten, kann dieser nach einer von ihm zu setzenden angemessenen Frist oder einvernehmlicher R\u00fccksprache mit dem Verk\u00e4ufer durch schriftliche Erkl\u00e4rung vom Vertrag zur\u00fccktreten.<\/p>\n<p><strong>6. Zahlung<\/strong><br \/>\n6.1. Der Kunde kann im Rahmen und vor Abschluss des Bestellvorgangs aus den zur Verf\u00fcgung stehenden Zahlungsarten w\u00e4hlen. Kunden werden \u00fcber die zur Verf\u00fcgung stehenden Zahlungsmittel auf einer gesonderten Informationsseite unterrichtet.<\/p>\n<div>\n<p><span lang=\"DE-AT\">6.2.<\/span> <span lang=\"DE\"><em>Bezahlung per Kreditkarte<\/em>: Der Verk\u00e4ufer akzeptiert Visa, Mastercard und AMEX. Die faktische Belastung der Kreditkarte des K\u00e4ufers erfolgt automatisch mit der Pr\u00fcfung der Kreditkarte im Moment der Bestellung. Bei Eingabe einer neuen Kundenadresse wird eine erneute Eingabe der Zahlungsdaten erforderlich. Hiermit wird gew\u00e4hrleistet, dass eine Adresse nur auf den ausdr\u00fccklichen Wunsch des K\u00e4ufers hin ver\u00e4ndert wird.\u00a0\u00a0\u00a0\u00a0\u00a0\u00a0\u00a0\u00a0\u00a0\u00a0\u00a0 <\/span><\/p>\n<\/div>\n<div>\n<p><span lang=\"DE-AT\">6.3. <em>Bezahlung mittels \u00dcberweisung (EPS)<\/em>: Diese von \u00f6sterreichischen Banken entwickelte L\u00f6sung erlaubt die Zahlung vom Konto des K\u00e4ufers auf das Konto des Verk\u00e4ufers. Die EPS \u00dcberweisung setzt auf dem jeweiligen Online Banking der eps-anbietenden Banken auf und erm\u00f6glicht allen K\u00e4ufern eine einfache und sichere Abwicklung Ihrer Zahlungen bei Eink\u00e4ufen \u00fcber das Internet. <\/span><\/p>\n<\/div>\n<div>\n<p><span lang=\"DE-AT\">6.4. Bei <em>Abholung der bestellten Artikel<\/em> im Sir Harly\u2019s Tea Gesch\u00e4ft in 1060 Wien, Mariahilferstrasse 45\/44 (im Raimundhof) kann der Rechnungsbetrag auch vor Ort bezahlt werden. Die Waren werden maximal 10 Werktage reserviert. Sollte die Ware in diesem Zeitraum nicht abgeholt werden, tritt der Verk\u00e4ufer vom Vertrag zur\u00fcck. (Startpunkt ist die Auftragsbest\u00e4tigung). <\/span><\/p>\n<\/div>\n<p>6.5. Werden Drittanbieter mit der Zahlungsabwicklung beauftragt ( z.B. Stripe), gelten deren Allgemeine Gesch\u00e4ftsbedingungen.<\/p>\n<p><strong>7. Eigentumsvorbehalt<\/strong><br \/>\nBis zur vollst\u00e4ndigen Bezahlung verbleiben die gelieferten Waren im Eigentum des Verk\u00e4ufers.<\/p>\n<p><strong>8. Sachm\u00e4ngelgew\u00e4hrleistung und Garantie<br \/>\n<\/strong>8.1. Der Verk\u00e4ufer leistet nach den gesetzlichen Bestimmungen Gew\u00e4hr f\u00fcr die Mangelfreiheit zum Zeitpunkt der Lieferung der Ware. F\u00fcr die Geltendmachung der Gew\u00e4hrleistungsanspr\u00fcche gelten die gesetzlichen Fristen.<\/p>\n<div>\n<p>8.2. Bei berechtigt beanstandeten M\u00e4ngeln wird entweder kostenloser Ersatz oder Verbesserung vorgenommen, wobei eine angemessene Frist einzur\u00e4umen ist. Kommt ein Austausch oder eine Verbesserung nicht in Betracht (nicht m\u00f6glich, zu hoher Aufwand, unzumutbar, Fristverzug), dann hat der K\u00e4ufer Anspruch auf Preisminderung bzw. wenn der Mangel nicht geringf\u00fcgig ist, Aufhebung des Vertrages (Wandlung).<\/p>\n<\/div>\n<div>\n<p>8.3. Auftretende M\u00e4ngel sind m\u00f6glichst bei Lieferung bzw. nach Entdeckung des Mangels bekannt zu geben. Ist der Kauf f\u00fcr den Kunden ein Unternehmergesch\u00e4ft (B2B), so hat er bis sp\u00e4testens zwei Wochen nach Erhalt die Ware zu untersuchen und den Verk\u00e4ufer unverz\u00fcglich bei Auffinden eines Mangels zu informieren.<\/p>\n<\/div>\n<div>\n<p>8.4. Der Verk\u00e4ufer haftet ausschlie\u00dflich nur f\u00fcr Sch\u00e4den bei Vorsatz oder grober Fahrl\u00e4ssigkeit. Dies gilt nicht f\u00fcr Personensch\u00e4den bzw. bei Verbrauchergesch\u00e4ften. Das Vorliegen von leichter bzw. grober Fahrl\u00e4ssigkeit hat, sofern es sich nicht um ein Verbrauchergesch\u00e4ft handelt, der Gesch\u00e4digte zu beweisen. Der Ersatz von Folgesch\u00e4den, sowie sonstigen Sachsch\u00e4den, Verm\u00f6genssch\u00e4den und Sch\u00e4den Dritter gegen den Kunden, sofern es sich nicht um ein Verbrauchergesch\u00e4ft handelt, ist ausgeschlossen.<\/p>\n<\/div>\n<div>\n<p>8.5. Der Verk\u00e4ufer erbringt die Leistungen mit gr\u00f6\u00dfter Sorgfalt, haftet aber nicht f\u00fcr die von Dritten zur Verf\u00fcgung gestellten bzw. von Dritten bezogenen Leistungen. Die Garantie ist beim Garantiegeber (<span lang=\"DE-AT\">Produzenten<\/span>) geltend zu machen und erfolgt nach dessen Bestimmungen. Durch die Inanspruchnahme der Garantie wird die gesetzliche Gew\u00e4hrleistung nicht eingeschr\u00e4nkt.<\/p>\n<\/div>\n<p><strong>9. Haftung<\/strong><br \/>\n9.1. F\u00fcr eine Haftung des Verk\u00e4ufers auf Schadensersatz gelten unbeschadet der sonstigen gesetzlichen Anspruchsvoraussetzungen folgende Haftungsausschl\u00fcsse und -begrenzungen.<\/p>\n<p>9.2. Der Verk\u00e4ufer haftet unbeschr\u00e4nkt, soweit die Schadensursache auf Vorsatz oder grober Fahrl\u00e4ssigkeit beruht.<\/p>\n<p>9.3. Ferner haftet der Verk\u00e4ufer f\u00fcr die leicht fahrl\u00e4ssige Verletzung von wesentlichen Pflichten, deren Verletzung die Erreichung des Vertragszwecks gef\u00e4hrdet, oder f\u00fcr die Verletzung von Pflichten, deren Erf\u00fcllung die ordnungsgem\u00e4\u00dfe Durchf\u00fchrung des Vertrages \u00fcberhaupt erst erm\u00f6glicht und auf deren Einhaltung der Kunde regelm\u00e4\u00dfig vertraut. In diesem Fall haftet der Verk\u00e4ufer jedoch nur f\u00fcr den vorhersehbaren, vertragstypischen Schaden. Der Verk\u00e4ufer haftet nicht f\u00fcr die leicht fahrl\u00e4ssige Verletzung anderer als der in den vorstehenden S\u00e4tzen genannten Pflichten.<\/p>\n<p>9.4. Die vorstehenden Haftungsbeschr\u00e4nkungen gelten nicht bei Verletzung von Leben, K\u00f6rper und Gesundheit, f\u00fcr einen Mangel nach \u00dcbernahme einer Garantie f\u00fcr die Beschaffenheit des Produktes und bei arglistig verschwiegenen M\u00e4ngeln. Die Haftung nach dem Produkthaftungsgesetz bleibt unber\u00fchrt.<\/p>\n<p>9.5. Soweit die Haftung des Verk\u00e4ufers ausgeschlossen oder beschr\u00e4nkt ist, gilt dies auch f\u00fcr die pers\u00f6nliche Haftung von Arbeitnehmern, Vertretern und Erf\u00fcllungsgehilfen.<\/p>\n<p><strong>10. Speicherung des Vertragstextes<\/strong><br \/>\n10.1. Der Kunde kann den Vertragstext vor der Abgabe der Bestellung an den Verk\u00e4ufer ausdrucken, indem er im letzten Schritt der Bestellung die Druckfunktion seines Browsers nutzt.<\/p>\n<p>10.2. Der Verk\u00e4ufer sendet dem Kunden au\u00dferdem eine Bestellbest\u00e4tigung mit allen Bestelldaten an die von Ihm angegebene e-Mail-Adresse zu. \u00a0Sofern Sie sich in unserem Shop registriert haben sollten, k\u00f6nnen Sie in Ihrem Profilbereich Ihre aufgegebenen Bestellungen einsehen. Dar\u00fcber hinaus speichern wir den Vertragstext, machen ihn jedoch im Internet nicht zug\u00e4nglich.<\/p>\n<p>10.3 Kunden die Unternehmer sind, k\u00f6nnen die Vertragsunterlagen per E-Mail, schriftlich oder Verweis auf eine Onlinequelle erhalten.<\/p>\n<p><strong>11. Copyright<br \/>\n<\/strong>Sir Harly\u2019s Tea Chaka Chuka OG beh\u00e4lt sich s\u00e4mtliche Rechte, insbesondere Marken- und Urheberrechte am gesamten Inhalt dieser Webseite vor, insbesondere an Marken, Logos, Texten, Grafiken, Fotografien und Layout. \u00a0Soweit die Nutzung nicht gesetzlich zwingend gestattet ist, bedarf jede Nutzung von Inhalten dieser Webseite, insbesondere die Speicherung in Datenbanken, Vervielf\u00e4ltigung, Verbreitung oder Bearbeitung der ausdr\u00fccklichen Zustimmung des Verk\u00e4ufers. Alle Produktabbildungen sind Symbolbilder.<\/p>\n<p><strong>12. Schlussbestimmungen<br \/>\n<\/strong>12.1. <span lang=\"DE-AT\">Durch die Abgabe einer Bestellung werden die jeweils g\u00fcltigen AGBs akzeptiert. Der Verk\u00e4ufer beh\u00e4lt sich vor, diese AGBs jederzeit und ohne Angabe von Gr\u00fcnden zu \u00e4ndern, wobei solche \u00c4nderungen nicht f\u00fcr bereits get\u00e4tigte Bestellungen gelten.<\/span><\/p>\n<div>\n<p><span lang=\"DE-AT\">12.2. Die Vertragsparteien vereinbaren, soweit keine zwingenden gesetzlichen Bestimmungen entgegenstehen, die Anwendbarkeit \u00f6sterreichischen Rechts mit Ausschluss der Verweisungsnormen. \u00a0Das UN-Kaufrecht sowie s\u00e4mtliche Bestimmungen, die sich auf das UN Kaufrecht beziehen, werden ausdr\u00fccklich ausgeschlossen.<\/span><\/p>\n<\/div>\n<div>\n<p><span lang=\"DE-AT\">11.3. Erf\u00fcllungsort, sowie Gerichtsstand f\u00fcr s\u00e4mtliche Leistungen aus dem Vertrag ist Wien, \u00d6sterreich.<\/span><\/p>\n<\/div>\n<div>\n<p><span lang=\"DE-AT\">11.4. Vertragssprache ist Deutsch.<\/span><\/p>\n<\/div>\n<div>\n<p><span lang=\"DE-AT\">11.5. Sollte eine Bestimmung dieser AGB unwirksam sein, bleiben die \u00fcbrigen Bestimmungen davon unber\u00fchrt.<\/span><\/p>\n<\/div>\n<div>\n<p>11.<span lang=\"DE-AT\">6<\/span>. Plattform der Europ\u00e4ischen Kommission zur Online-Streitbeilegung (OS) f\u00fcr Verbraucher:<span class=\"apple-converted-space\">\u00a0<\/span><a href=\"http:\/\/ec.europa.eu\/consumers\/odr\/\" target=\"_blank\" rel=\"noopener\">http:\/\/ec.europa.eu\/consumers\/odr\/<\/a>. Wir sind nicht bereit und nicht verpflichtet an einem Streitbeilegungsverfahren vor einer Verbraucherschlichtungsstelle teilzunehmen.<\/p>\n<p>&nbsp;<\/p>\n<\/div>\n","protected":false},"excerpt":{"rendered":"<p>Allgemeine Gesch\u00e4ftsbedingungen mit Kundeninformationen 1. Geltungsbereich 2. Angebote und Leistungsbeschreibungen 3. Bestellvorgang und Vertragsabschluss 4. Preise und Versandkosten 5. Lieferung,<\/p>\n","protected":false},"author":1,"featured_media":0,"parent":0,"menu_order":0,"comment_status":"closed","ping_status":"closed","template":"","meta":{"footnotes":""},"class_list":["post-80","page","type-page","status-publish","hentry"],"_links":{"self":[{"href":"https:\/\/harly-tea.at\/de\/wp-json\/wp\/v2\/pages\/80","targetHints":{"allow":["GET"]}}],"collection":[{"href":"https:\/\/harly-tea.at\/de\/wp-json\/wp\/v2\/pages"}],"about":[{"href":"https:\/\/harly-tea.at\/de\/wp-json\/wp\/v2\/types\/page"}],"author":[{"embeddable":true,"href":"https:\/\/harly-tea.at\/de\/wp-json\/wp\/v2\/users\/1"}],"replies":[{"embeddable":true,"href":"https:\/\/harly-tea.at\/de\/wp-json\/wp\/v2\/comments?post=80"}],"version-history":[{"count":6,"href":"https:\/\/harly-tea.at\/de\/wp-json\/wp\/v2\/pages\/80\/revisions"}],"predecessor-version":[{"id":1583,"href":"https:\/\/harly-tea.at\/de\/wp-json\/wp\/v2\/pages\/80\/revisions\/1583"}],"wp:attachment":[{"href":"https:\/\/harly-tea.at\/de\/wp-json\/wp\/v2\/media?parent=80"}],"curies":[{"name":"wp","href":"https:\/\/api.w.org\/{rel}","templated":true}]}}