{"id":96,"date":"2022-08-02T15:20:49","date_gmt":"2022-08-02T13:20:49","guid":{"rendered":"https:\/\/harly-tea.at\/?page_id=96"},"modified":"2022-09-25T20:01:04","modified_gmt":"2022-09-25T18:01:04","slug":"rezepte","status":"publish","type":"page","link":"https:\/\/harly-tea.at\/de\/service\/rezepte\/","title":{"rendered":"Rezepte"},"content":{"rendered":"\t\t<div data-elementor-type=\"wp-page\" data-elementor-id=\"96\" class=\"elementor elementor-96\">\n\t\t\t\t\t\t<section class=\"elementor-section elementor-top-section elementor-element elementor-element-9a20ef6 elementor-section-boxed elementor-section-height-default elementor-section-height-default wd-section-disabled\" data-id=\"9a20ef6\" data-element_type=\"section\" data-e-type=\"section\">\n\t\t\t\t\t\t<div class=\"elementor-container elementor-column-gap-default\">\n\t\t\t\t\t<div class=\"elementor-column elementor-col-100 elementor-top-column elementor-element elementor-element-05f91a6\" data-id=\"05f91a6\" data-element_type=\"column\" data-e-type=\"column\">\n\t\t\t<div class=\"elementor-widget-wrap elementor-element-populated\">\n\t\t\t\t\t\t<div class=\"elementor-element elementor-element-4cf8e1a elementor-widget elementor-widget-wd_text_block\" data-id=\"4cf8e1a\" data-element_type=\"widget\" data-e-type=\"widget\" data-widget_type=\"wd_text_block.default\">\n\t\t\t\t<div class=\"elementor-widget-container\">\n\t\t\t\t\t\t\t<div class=\"wd-text-block reset-last-child text-left\">\n\t\t\t\n\t\t\t<h3><b>Afternoon Tea \u2013 Five o\u00b4Clock Tea<\/b><\/h3><p>Der Afternoon Tea oder 5 o\u00b4Clock Tea, der traditionellerweise zwischen 16-17 Uhr im Salon eingenommen wird ist fast schon eine eigene Mahlzeit. Zum Tee werden mehrere K\u00f6stlichkeiten angeboten, die von kleinen Sandwiches bis hin zu den ber\u00fchmten Scones reichen. Diese kleine S\u00fcnde sollte jedermann einmal probiert haben.<\/p><p>Rund um den Afternoon Tea haben wir einige Rezepte zusammengestellt, damit Sie zu Hause den perfekten britischen Tee-Nachmittag zelebrieren k\u00f6nnen \u2013 Sie k\u00f6nnen sich nat\u00fcrlich auch etwas Gutes tun und einfach bei Sir Harly\u2019s einen Tisch vorbestellen und einen Afternoon Tea bestellen. Wir bitten um einen Tag Vorlaufzeit, damit wir die Speisen f\u00fcr Sie frisch zubereiten k\u00f6nnen.<\/p>\n\t\t\t\t\t<\/div>\n\t\t\t\t\t\t<\/div>\n\t\t\t\t<\/div>\n\t\t\t\t<div class=\"elementor-element elementor-element-96114f2 elementor-widget elementor-widget-wd_button\" data-id=\"96114f2\" data-element_type=\"widget\" data-e-type=\"widget\" data-widget_type=\"wd_button.default\">\n\t\t\t\t<div class=\"elementor-widget-container\">\n\t\t\t\t\t\t\t<div class=\"wd-button-wrapper woodmart-button-wrapper text-center\" >\n\t\t\t<a class=\"btn btn-style-default btn-style-rectangle btn-size-default btn-color-primary btn-icon-pos-right\"  href=\"https:\/\/harly-tea.at\/de\/kontakt\/\">\n\t\t\t\t<span class=\"wd-btn-text\" data-elementor-setting-key=\"text\">\n\t\t\t\t\tANMELDEN\t\t\t\t<\/span>\n\n\t\t\t\t\t\t\t<\/a>\n\t\t<\/div>\n\t\t\t\t\t\t<\/div>\n\t\t\t\t<\/div>\n\t\t\t\t\t<\/div>\n\t\t<\/div>\n\t\t\t\t\t<\/div>\n\t\t<\/section>\n\t\t\t\t<section class=\"elementor-section elementor-top-section elementor-element elementor-element-eaf9777 elementor-section-boxed elementor-section-height-default elementor-section-height-default wd-section-disabled\" data-id=\"eaf9777\" data-element_type=\"section\" data-e-type=\"section\">\n\t\t\t\t\t\t<div class=\"elementor-container elementor-column-gap-default\">\n\t\t\t\t\t<div class=\"elementor-column elementor-col-33 elementor-top-column elementor-element elementor-element-ffe8b2b\" data-id=\"ffe8b2b\" data-element_type=\"column\" data-e-type=\"column\">\n\t\t\t<div class=\"elementor-widget-wrap elementor-element-populated\">\n\t\t\t\t\t\t<div class=\"elementor-element elementor-element-cb3888f elementor-widget elementor-widget-wd_text_block\" data-id=\"cb3888f\" data-element_type=\"widget\" data-e-type=\"widget\" data-widget_type=\"wd_text_block.default\">\n\t\t\t\t<div class=\"elementor-widget-container\">\n\t\t\t\t\t\t\t<div class=\"wd-text-block reset-last-child text-center\">\n\t\t\t\n\t\t\t<h2>Scones<\/h2>\n\t\t\t\t\t<\/div>\n\t\t\t\t\t\t<\/div>\n\t\t\t\t<\/div>\n\t\t\t\t<div class=\"elementor-element elementor-element-2a8d253 elementor-widget elementor-widget-wd_image_or_svg\" data-id=\"2a8d253\" data-element_type=\"widget\" data-e-type=\"widget\" data-widget_type=\"wd_image_or_svg.default\">\n\t\t\t\t<div class=\"elementor-widget-container\">\n\t\t\t\t\t\n\t\t<div class=\"wd-image text-center\">\n\t\t\t\t\t\t\t\t<img decoding=\"async\" width=\"142\" height=\"142\" src=\"https:\/\/harly-tea.at\/wp-content\/uploads\/2022\/09\/scones.jpg\" class=\"attachment-thumbnail size-thumbnail wp-image-1372\" alt=\"\" \/>\t\t\t\t\t<\/div>\n\n\t\t\t\t\t\t<\/div>\n\t\t\t\t<\/div>\n\t\t\t\t\t<\/div>\n\t\t<\/div>\n\t\t\t\t<div class=\"elementor-column elementor-col-66 elementor-top-column elementor-element elementor-element-e7fde93\" data-id=\"e7fde93\" data-element_type=\"column\" data-e-type=\"column\">\n\t\t\t<div class=\"elementor-widget-wrap elementor-element-populated\">\n\t\t\t\t\t\t<div class=\"elementor-element elementor-element-445d813 elementor-widget elementor-widget-wd_text_block\" data-id=\"445d813\" data-element_type=\"widget\" data-e-type=\"widget\" data-widget_type=\"wd_text_block.default\">\n\t\t\t\t<div class=\"elementor-widget-container\">\n\t\t\t\t\t\t\t<div class=\"wd-text-block reset-last-child text-left\">\n\t\t\t\n\t\t\t<p>Bei einem so bekannten und traditionellen englischen Geb\u00e4ck gibt es viele Rezeptvarianten. Unser Lieblingsrezept finden Sie nachstehen.<\/p><p>Zutaten (f\u00fcr 7-8 St\u00fcck):<br \/>225g Mehl, 55g kalte Butter, 1 Pck. Backpulver, eine Prise Salz, 150 ml Milch (oder Buttermilch), 1 Ei verquirlt mit etwas Milch, 50g Rosinen (kein Muss!).<\/p><p>Den Ofen auf 180 Grad (Umluft) vorheizen. Mehl und Backpulver vermischen und zusammen mit Butter,Salz und Milch verkneten, bis der Teig geschmeidig ist. Nun rollen sie den Teig aus (Dicke etwa 2 cm).<\/p><p>Mit einer runden Form oder einem Glas die Scones ausstechen. Legen sie die Scones auf das eingefettete Backblech und streichen diese mit dem Ei\/Milch Mix ein. Das Blech auf die mittlere Stufe schieben und backen, bis die Scones gut aufgegangen und goldbraun sind (ca. 15 Minuten).<\/p><p>Die fertigen Scones sollten gut ausk\u00fchlen bevor sie mit Erdbeermarmelade und Clotted Cream genossen werden.<\/p>\n\t\t\t\t\t<\/div>\n\t\t\t\t\t\t<\/div>\n\t\t\t\t<\/div>\n\t\t\t\t\t<\/div>\n\t\t<\/div>\n\t\t\t\t\t<\/div>\n\t\t<\/section>\n\t\t\t\t<section class=\"elementor-section elementor-top-section elementor-element elementor-element-b67ab56 elementor-section-boxed elementor-section-height-default elementor-section-height-default wd-section-disabled\" data-id=\"b67ab56\" data-element_type=\"section\" data-e-type=\"section\">\n\t\t\t\t\t\t<div class=\"elementor-container elementor-column-gap-default\">\n\t\t\t\t\t<div class=\"elementor-column elementor-col-33 elementor-top-column elementor-element elementor-element-e71fd3f\" data-id=\"e71fd3f\" data-element_type=\"column\" data-e-type=\"column\">\n\t\t\t<div class=\"elementor-widget-wrap elementor-element-populated\">\n\t\t\t\t\t\t<div class=\"elementor-element elementor-element-844659a elementor-widget elementor-widget-wd_text_block\" data-id=\"844659a\" data-element_type=\"widget\" data-e-type=\"widget\" data-widget_type=\"wd_text_block.default\">\n\t\t\t\t<div class=\"elementor-widget-container\">\n\t\t\t\t\t\t\t<div class=\"wd-text-block reset-last-child text-center\">\n\t\t\t\n\t\t\t<h2>Clotted Cream<\/h2>\n\t\t\t\t\t<\/div>\n\t\t\t\t\t\t<\/div>\n\t\t\t\t<\/div>\n\t\t\t\t<div class=\"elementor-element elementor-element-72f6622 elementor-widget elementor-widget-wd_image_or_svg\" data-id=\"72f6622\" data-element_type=\"widget\" data-e-type=\"widget\" data-widget_type=\"wd_image_or_svg.default\">\n\t\t\t\t<div class=\"elementor-widget-container\">\n\t\t\t\t\t\n\t\t<div class=\"wd-image text-center\">\n\t\t\t\t\t\t\t\t<img decoding=\"async\" width=\"147\" height=\"98\" src=\"https:\/\/harly-tea.at\/wp-content\/uploads\/2022\/09\/clotted-cream.jpg\" class=\"attachment-thumbnail size-thumbnail wp-image-1380\" alt=\"\" \/>\t\t\t\t\t<\/div>\n\n\t\t\t\t\t\t<\/div>\n\t\t\t\t<\/div>\n\t\t\t\t\t<\/div>\n\t\t<\/div>\n\t\t\t\t<div class=\"elementor-column elementor-col-66 elementor-top-column elementor-element elementor-element-24d9f1a\" data-id=\"24d9f1a\" data-element_type=\"column\" data-e-type=\"column\">\n\t\t\t<div class=\"elementor-widget-wrap elementor-element-populated\">\n\t\t\t\t\t\t<div class=\"elementor-element elementor-element-6777886 elementor-widget elementor-widget-wd_text_block\" data-id=\"6777886\" data-element_type=\"widget\" data-e-type=\"widget\" data-widget_type=\"wd_text_block.default\">\n\t\t\t\t<div class=\"elementor-widget-container\">\n\t\t\t\t\t\t\t<div class=\"wd-text-block reset-last-child text-left\">\n\t\t\t\n\t\t\tVorbeitungszeit 5 min.\nKochen + abk\u00fchlen \u00fcber Nacht: 5 Std.\n\nF\u00fcr 100\/200 ml Clotted Cream 300\/600 ml Schlagobers\nDie Schlagobers in einem Wasserbad erhitzen und f\u00fcr ca. 5 Std. ungest\u00f6rt leicht vor sich hink\u00f6cheln lassen. Dabei darf die Sahne nicht anfangen zu kochen. Die Clotted Cream ist fertig, wenn sich ein leichte goldbraune Kruste gebildet hat. Die Creme samt Schale an einem k\u00fchlen Platz \u00fcber Nacht abk\u00fchlen lassen. Am n\u00e4chsten Tag kann die Clotted Cream vorsichtig von oben abgel\u00f6ffelt werden. Die noch fl\u00fcssige Sahne am Boden kann f\u00fcr andere Rezepte benutzt werden. \n\nAlternativ kann Clotted Cream auch gekauft werden oder Sie probieren als schnelle Alternative eine \u201efake Clotted Cream\u201c:\n\n300 g zimmerwarme Butter mit einem Becher Creme Double und einer Messerspitze Salz mit dem Handmixer zu einer cremigen Masse verr\u00fchren.\n\n\t\t\t\t\t<\/div>\n\t\t\t\t\t\t<\/div>\n\t\t\t\t<\/div>\n\t\t\t\t\t<\/div>\n\t\t<\/div>\n\t\t\t\t\t<\/div>\n\t\t<\/section>\n\t\t\t\t<\/div>\n\t\t","protected":false},"excerpt":{"rendered":"<p>Afternoon Tea \u2013 Five o\u00b4Clock Tea Der Afternoon Tea oder 5 o\u00b4Clock Tea, der traditionellerweise zwischen 16-17 Uhr im Salon<\/p>\n","protected":false},"author":1,"featured_media":0,"parent":93,"menu_order":0,"comment_status":"closed","ping_status":"closed","template":"","meta":{"footnotes":""},"class_list":["post-96","page","type-page","status-publish","hentry"],"_links":{"self":[{"href":"https:\/\/harly-tea.at\/de\/wp-json\/wp\/v2\/pages\/96","targetHints":{"allow":["GET"]}}],"collection":[{"href":"https:\/\/harly-tea.at\/de\/wp-json\/wp\/v2\/pages"}],"about":[{"href":"https:\/\/harly-tea.at\/de\/wp-json\/wp\/v2\/types\/page"}],"author":[{"embeddable":true,"href":"https:\/\/harly-tea.at\/de\/wp-json\/wp\/v2\/users\/1"}],"replies":[{"embeddable":true,"href":"https:\/\/harly-tea.at\/de\/wp-json\/wp\/v2\/comments?post=96"}],"version-history":[{"count":25,"href":"https:\/\/harly-tea.at\/de\/wp-json\/wp\/v2\/pages\/96\/revisions"}],"predecessor-version":[{"id":2082,"href":"https:\/\/harly-tea.at\/de\/wp-json\/wp\/v2\/pages\/96\/revisions\/2082"}],"up":[{"embeddable":true,"href":"https:\/\/harly-tea.at\/de\/wp-json\/wp\/v2\/pages\/93"}],"wp:attachment":[{"href":"https:\/\/harly-tea.at\/de\/wp-json\/wp\/v2\/media?parent=96"}],"curies":[{"name":"wp","href":"https:\/\/api.w.org\/{rel}","templated":true}]}}