{"id":1045,"date":"2022-08-23T16:36:47","date_gmt":"2022-08-23T14:36:47","guid":{"rendered":"https:\/\/harly-tea.at\/?post_type=product&#038;p=1045"},"modified":"2025-12-07T10:20:00","modified_gmt":"2025-12-07T09:20:00","slug":"teedose-yumiko","status":"publish","type":"product","link":"https:\/\/harly-tea.at\/de\/produkt\/teedose-yumiko\/","title":{"rendered":"Teedose YUMIKO"},"content":{"rendered":"<p>Runde Dose aus Wei\u00dfblech mit Blumendekor und Aromaverschlu\u00df f\u00fcr ca. 150g Tee.<\/p>\n<p>H\u00f6he 11,7cm hoch<\/p>\n<p>Durchmesser 7,5 cm<\/p>\n","protected":false},"excerpt":{"rendered":"<p>Runde Dose aus Wei\u00dfblech mit Blumendekor und Aromaverschlu\u00df f\u00fcr ca. 150g Tee. H\u00f6he 11,7cm hoch Durchmesser 7,5 cm<\/p>\n","protected":false},"featured_media":1249,"template":"","meta":[],"product_brand":[],"product_cat":[66],"product_tag":[],"class_list":{"0":"post-1045","1":"product","2":"type-product","3":"status-publish","4":"has-post-thumbnail","6":"product_cat-teedosen","8":"first","9":"outofstock","10":"taxable","11":"shipping-taxable","12":"product-type-variable"},"_links":{"self":[{"href":"https:\/\/harly-tea.at\/de\/wp-json\/wp\/v2\/product\/1045","targetHints":{"allow":["GET"]}}],"collection":[{"href":"https:\/\/harly-tea.at\/de\/wp-json\/wp\/v2\/product"}],"about":[{"href":"https:\/\/harly-tea.at\/de\/wp-json\/wp\/v2\/types\/product"}],"wp:featuredmedia":[{"embeddable":true,"href":"https:\/\/harly-tea.at\/de\/wp-json\/wp\/v2\/media\/1249"}],"wp:attachment":[{"href":"https:\/\/harly-tea.at\/de\/wp-json\/wp\/v2\/media?parent=1045"}],"wp:term":[{"taxonomy":"product_brand","embeddable":true,"href":"https:\/\/harly-tea.at\/de\/wp-json\/wp\/v2\/product_brand?post=1045"},{"taxonomy":"product_cat","embeddable":true,"href":"https:\/\/harly-tea.at\/de\/wp-json\/wp\/v2\/product_cat?post=1045"},{"taxonomy":"product_tag","embeddable":true,"href":"https:\/\/harly-tea.at\/de\/wp-json\/wp\/v2\/product_tag?post=1045"}],"curies":[{"name":"wp","href":"https:\/\/api.w.org\/{rel}","templated":true}]}}