{"id":1704,"date":"2022-09-07T22:46:15","date_gmt":"2022-09-07T20:46:15","guid":{"rendered":"https:\/\/harly-tea.at\/?post_type=product&#038;p=1704"},"modified":"2022-09-07T23:02:06","modified_gmt":"2022-09-07T21:02:06","slug":"da-hong-pao","status":"publish","type":"product","link":"https:\/\/harly-tea.at\/de\/produkt\/da-hong-pao\/","title":{"rendered":"Da Hong Pao"},"content":{"rendered":"<p>Da Hong Pao &#8211; auch Felsentee genannt, ist einer der beliebtesten und ber\u00fchmtesten Oolongs in China und wird in den H\u00f6henz\u00fcgen des Wu-Yi Gebirges in fujian angebaut. Dieser optisch eher robuste Oolong aus kontrolliert biologischem Landbau spricht f\u00fcr sich selbst. Aus Tradition wird der erste Aufguss des Tees nicht getrunken, sondern als Gabe f\u00fcr Buddha geopfert. Erst der zweite Aufguss wird genossen und entwickelt eine fast vollkommene, harmonische Kombination reifer nussiger Geschmacksfarben, begleitet von eleganten muskatekligen Obert\u00f6nen und eingebettet in sanfte, weiche R\u00f6stnoten. Die Infusion schimmert in kupfernen T\u00f6nen. Die rubinfarbene Tasse h\u00e4lt was sie verspricht: lang anhaltender Genuss mit Tiefe und vollem K\u00f6rper.<\/p>\n<p>Eignet sich auch f\u00fcr Gong Fu Zeremonie: ca. 5 Gramm Tee auf 150ml, Ziehzeit 2 Minuten &#8211; mehrfach aufgiessbar.<\/p>\n<div class=\"row mt-5\">\n   <div class=\"col-md-12 text-center\">\n      <h3>Zubereitungsempfehlung<\/h3>\n   <\/div>\n   <\/div><div class=\"row\">   <div class=\"col-md-4 wc-info-box\">\n      <i class=\"fa fa-3x fa-scale-balanced\"><\/i>\n      <h4>3 Gramm Tee pro 200ml<\/h4>\n      <\/div>   <div class=\"col-md-4 wc-info-box\">\n      <i class=\"fa fa-3x fa-temperature-full\"><\/i>\n      <h4>90\u00b0C Wassertemperatur<\/h4>\n      <\/div>   <div class=\"col-md-4 wc-info-box\">\n      <i class=\"fa fa-3x fa-clock\"><\/i>\n      <h4>2-4 Minuten Ziehzeit<\/h4>\n      <\/div><\/div>\n","protected":false},"excerpt":{"rendered":"<p>Da Hong Pao &#8211; auch Felsentee genannt, ist einer der beliebtesten und ber\u00fchmtesten Oolongs in China und wird in den<\/p>\n","protected":false},"featured_media":1699,"template":"","meta":[],"product_brand":[],"product_cat":[95,16],"product_tag":[],"class_list":{"0":"post-1704","1":"product","2":"type-product","3":"status-publish","4":"has-post-thumbnail","6":"product_cat-oolong-tee","7":"product_cat-tee","9":"first","10":"instock","11":"taxable","12":"shipping-taxable","13":"purchasable","14":"product-type-simple"},"_links":{"self":[{"href":"https:\/\/harly-tea.at\/de\/wp-json\/wp\/v2\/product\/1704","targetHints":{"allow":["GET"]}}],"collection":[{"href":"https:\/\/harly-tea.at\/de\/wp-json\/wp\/v2\/product"}],"about":[{"href":"https:\/\/harly-tea.at\/de\/wp-json\/wp\/v2\/types\/product"}],"wp:featuredmedia":[{"embeddable":true,"href":"https:\/\/harly-tea.at\/de\/wp-json\/wp\/v2\/media\/1699"}],"wp:attachment":[{"href":"https:\/\/harly-tea.at\/de\/wp-json\/wp\/v2\/media?parent=1704"}],"wp:term":[{"taxonomy":"product_brand","embeddable":true,"href":"https:\/\/harly-tea.at\/de\/wp-json\/wp\/v2\/product_brand?post=1704"},{"taxonomy":"product_cat","embeddable":true,"href":"https:\/\/harly-tea.at\/de\/wp-json\/wp\/v2\/product_cat?post=1704"},{"taxonomy":"product_tag","embeddable":true,"href":"https:\/\/harly-tea.at\/de\/wp-json\/wp\/v2\/product_tag?post=1704"}],"curies":[{"name":"wp","href":"https:\/\/api.w.org\/{rel}","templated":true}]}}