{"id":1709,"date":"2022-09-07T22:58:53","date_gmt":"2022-09-07T20:58:53","guid":{"rendered":"https:\/\/harly-tea.at\/?post_type=product&#038;p=1709"},"modified":"2025-11-10T16:39:16","modified_gmt":"2025-11-10T15:39:16","slug":"ginseng-oolong","status":"publish","type":"product","link":"https:\/\/harly-tea.at\/de\/produkt\/ginseng-oolong\/","title":{"rendered":"Lan Gui Ren Ginseng Oolong Premium"},"content":{"rendered":"<p>Dieser ausgezeichnete Ginseng Oolong kommt aus der chinesischen Provinz Hunan und basiert auf einem hochwertigen gr\u00fcnen Oolong, dem Kleinstmengen pulverisierten Ginsengs und S\u00fc\u00dfholzes zugesetzt werden. Ausschlie\u00dflich j\u00fcngste Teetriebe werden nach dem Welken und Rollen mit einer feinen Paste aus vorgenannten Zutaten sozusagen &#8222;kuvertiert&#8220; und anschlie\u00dfend getrocknet. Optisch erinnert dieser Tee an klein gerollte und anschlie\u00dfend gepresste olivgr\u00fcne Tee-Nuggets. Der Aufguss ist gold-gr\u00fcn, wobei Ginseng und S\u00fc\u00dfholz den delikat weichen, leicht s\u00fc\u00dflichen Geschmack noch verst\u00e4rken.<\/p>\n<p>Tee kann mehrfach aufgebr\u00fcht werden, die ersten beiden Infusion sind aber die Besten.<\/p>\n<p>Zutaten: gr\u00fcner Tee (78%), Ginsengpulver (20%), S\u00fc\u00dfholz.<\/p>\n<div class=\"row mt-5\">\n   <div class=\"col-md-12 text-center\">\n      <h3>Zubereitungsempfehlung<\/h3>\n   <\/div>\n   <\/div><div class=\"row\">   <div class=\"col-md-4 wc-info-box\">\n      <i class=\"fa fa-3x fa-scale-balanced\"><\/i>\n      <h4>6 Gramm Tee pro 150ml<\/h4>\n      <\/div>   <div class=\"col-md-4 wc-info-box\">\n      <i class=\"fa fa-3x fa-temperature-full\"><\/i>\n      <h4>90\u00b0C Wassertemperatur<\/h4>\n      <\/div>   <div class=\"col-md-4 wc-info-box\">\n      <i class=\"fa fa-3x fa-clock\"><\/i>\n      <h4>1-3 Minuten Ziehzeit<\/h4>\n      <\/div><\/div>\n","protected":false},"excerpt":{"rendered":"<p>Dieser ausgezeichnete Ginseng Oolong kommt aus der chinesischen Provinz Hunan und basiert auf einem hochwertigen gr\u00fcnen Oolong, dem Kleinstmengen pulverisierten<\/p>\n","protected":false},"featured_media":1697,"template":"","meta":[],"product_brand":[],"product_cat":[16,95],"product_tag":[],"class_list":{"0":"post-1709","1":"product","2":"type-product","3":"status-publish","4":"has-post-thumbnail","6":"product_cat-tee","7":"product_cat-oolong-tee","9":"first","10":"instock","11":"taxable","12":"shipping-taxable","13":"purchasable","14":"product-type-simple"},"_links":{"self":[{"href":"https:\/\/harly-tea.at\/de\/wp-json\/wp\/v2\/product\/1709","targetHints":{"allow":["GET"]}}],"collection":[{"href":"https:\/\/harly-tea.at\/de\/wp-json\/wp\/v2\/product"}],"about":[{"href":"https:\/\/harly-tea.at\/de\/wp-json\/wp\/v2\/types\/product"}],"wp:featuredmedia":[{"embeddable":true,"href":"https:\/\/harly-tea.at\/de\/wp-json\/wp\/v2\/media\/1697"}],"wp:attachment":[{"href":"https:\/\/harly-tea.at\/de\/wp-json\/wp\/v2\/media?parent=1709"}],"wp:term":[{"taxonomy":"product_brand","embeddable":true,"href":"https:\/\/harly-tea.at\/de\/wp-json\/wp\/v2\/product_brand?post=1709"},{"taxonomy":"product_cat","embeddable":true,"href":"https:\/\/harly-tea.at\/de\/wp-json\/wp\/v2\/product_cat?post=1709"},{"taxonomy":"product_tag","embeddable":true,"href":"https:\/\/harly-tea.at\/de\/wp-json\/wp\/v2\/product_tag?post=1709"}],"curies":[{"name":"wp","href":"https:\/\/api.w.org\/{rel}","templated":true}]}}