{"id":1803,"date":"2022-09-10T12:15:39","date_gmt":"2022-09-10T10:15:39","guid":{"rendered":"https:\/\/harly-tea.at\/?post_type=product&#038;p=1803"},"modified":"2022-09-10T12:17:45","modified_gmt":"2022-09-10T10:17:45","slug":"genmaicha","status":"publish","type":"product","link":"https:\/\/harly-tea.at\/de\/produkt\/genmaicha\/","title":{"rendered":"Genmaicha"},"content":{"rendered":"<p>Bei diesem von Natur aus koffeinarmen Banca erzeugt der Zusatz von ger\u00f6stetem Vollkornes eine herb duftende Tasse mit nussiger Geschmacksnote. Manche Reisk\u00f6rner sind aufgepumpt, was diesem Tee oftmals auch den Beinamen &#8222;Popkorn-Tee&#8220; gegeben hat. Sehr bek\u00f6mmlicher Alltagstee.<\/p>\n<div class=\"row mt-5\">\n   <div class=\"col-md-12 text-center\">\n      <h3>Zubereitungsempfehlung<\/h3>\n   <\/div>\n   <\/div><div class=\"row\">   <div class=\"col-md-4 wc-info-box\">\n      <i class=\"fa fa-3x fa-scale-balanced\"><\/i>\n      <h4>3 Gramm Tee pro 200ml<\/h4>\n      <\/div>   <div class=\"col-md-4 wc-info-box\">\n      <i class=\"fa fa-3x fa-temperature-full\"><\/i>\n      <h4>80\u00b0C Wassertemperatur<\/h4>\n      <\/div>   <div class=\"col-md-4 wc-info-box\">\n      <i class=\"fa fa-3x fa-clock\"><\/i>\n      <h4>3 Minuten Ziehzeit<\/h4>\n      <\/div><\/div>\n","protected":false},"excerpt":{"rendered":"<p>Bei diesem von Natur aus koffeinarmen Banca erzeugt der Zusatz von ger\u00f6stetem Vollkornes eine herb duftende Tasse mit nussiger Geschmacksnote.<\/p>\n","protected":false},"featured_media":1804,"template":"","meta":[],"product_brand":[],"product_cat":[17,16],"product_tag":[],"class_list":{"0":"post-1803","1":"product","2":"type-product","3":"status-publish","4":"has-post-thumbnail","6":"product_cat-gruenertee","7":"product_cat-tee","9":"first","10":"instock","11":"taxable","12":"shipping-taxable","13":"purchasable","14":"product-type-simple"},"_links":{"self":[{"href":"https:\/\/harly-tea.at\/de\/wp-json\/wp\/v2\/product\/1803","targetHints":{"allow":["GET"]}}],"collection":[{"href":"https:\/\/harly-tea.at\/de\/wp-json\/wp\/v2\/product"}],"about":[{"href":"https:\/\/harly-tea.at\/de\/wp-json\/wp\/v2\/types\/product"}],"wp:featuredmedia":[{"embeddable":true,"href":"https:\/\/harly-tea.at\/de\/wp-json\/wp\/v2\/media\/1804"}],"wp:attachment":[{"href":"https:\/\/harly-tea.at\/de\/wp-json\/wp\/v2\/media?parent=1803"}],"wp:term":[{"taxonomy":"product_brand","embeddable":true,"href":"https:\/\/harly-tea.at\/de\/wp-json\/wp\/v2\/product_brand?post=1803"},{"taxonomy":"product_cat","embeddable":true,"href":"https:\/\/harly-tea.at\/de\/wp-json\/wp\/v2\/product_cat?post=1803"},{"taxonomy":"product_tag","embeddable":true,"href":"https:\/\/harly-tea.at\/de\/wp-json\/wp\/v2\/product_tag?post=1803"}],"curies":[{"name":"wp","href":"https:\/\/api.w.org\/{rel}","templated":true}]}}