{"id":1968,"date":"2022-09-14T12:32:40","date_gmt":"2022-09-14T10:32:40","guid":{"rendered":"https:\/\/harly-tea.at\/?post_type=product&#038;p=1968"},"modified":"2025-02-09T11:37:08","modified_gmt":"2025-02-09T10:37:08","slug":"gruen-karamell-sahne","status":"publish","type":"product","link":"https:\/\/harly-tea.at\/de\/produkt\/gruen-karamell-sahne\/","title":{"rendered":"Gr\u00fcn Karamell-Sahne"},"content":{"rendered":"<p>Das cremig s\u00fc\u00dfe Karamell Bonbon aus der Tasse, welches warm und weich auf der Zunge zergeht.<\/p>\n<p>Zutaten: China Sencha Gr\u00fcntee, Karamellst\u00fccke (gezuckerte Kondensmagermilch, Zucker, Gluckosesirup, Butterfett, Feucwhthaltemittel E420, Emulgator: E471), Aromen<\/p>\n<p>&nbsp;<\/p>\n<p>&nbsp;<\/p>\n","protected":false},"excerpt":{"rendered":"<p>Das cremig s\u00fc\u00dfe Karamell Bonbon aus der Tasse, welches warm und weich auf der Zunge zergeht. Zutaten: China Sencha Gr\u00fcntee,<\/p>\n","protected":false},"featured_media":1969,"template":"","meta":[],"product_brand":[],"product_cat":[99],"product_tag":[],"class_list":{"0":"post-1968","1":"product","2":"type-product","3":"status-publish","4":"has-post-thumbnail","6":"product_cat-aromatisierter-gruentee","8":"first","9":"outofstock","10":"taxable","11":"shipping-taxable","12":"purchasable","13":"product-type-simple"},"_links":{"self":[{"href":"https:\/\/harly-tea.at\/de\/wp-json\/wp\/v2\/product\/1968","targetHints":{"allow":["GET"]}}],"collection":[{"href":"https:\/\/harly-tea.at\/de\/wp-json\/wp\/v2\/product"}],"about":[{"href":"https:\/\/harly-tea.at\/de\/wp-json\/wp\/v2\/types\/product"}],"wp:featuredmedia":[{"embeddable":true,"href":"https:\/\/harly-tea.at\/de\/wp-json\/wp\/v2\/media\/1969"}],"wp:attachment":[{"href":"https:\/\/harly-tea.at\/de\/wp-json\/wp\/v2\/media?parent=1968"}],"wp:term":[{"taxonomy":"product_brand","embeddable":true,"href":"https:\/\/harly-tea.at\/de\/wp-json\/wp\/v2\/product_brand?post=1968"},{"taxonomy":"product_cat","embeddable":true,"href":"https:\/\/harly-tea.at\/de\/wp-json\/wp\/v2\/product_cat?post=1968"},{"taxonomy":"product_tag","embeddable":true,"href":"https:\/\/harly-tea.at\/de\/wp-json\/wp\/v2\/product_tag?post=1968"}],"curies":[{"name":"wp","href":"https:\/\/api.w.org\/{rel}","templated":true}]}}