{"id":2030,"date":"2022-09-25T17:11:57","date_gmt":"2022-09-25T15:11:57","guid":{"rendered":"https:\/\/harly-tea.at\/?post_type=product&#038;p=2030"},"modified":"2026-04-01T09:30:16","modified_gmt":"2026-04-01T07:30:16","slug":"einfuehrung-in-die-welt-des-tees","status":"publish","type":"product","link":"https:\/\/harly-tea.at\/de\/produkt\/einfuehrung-in-die-welt-des-tees\/","title":{"rendered":"Workshop: Einf\u00fchrung in die Welt des Tees"},"content":{"rendered":"<div class=\"liner-continer\"><span style=\"color: #333333; font-size: 16px;\">Wir entf\u00fchren Sie f\u00fcr zwei Stunden in die Welt des Tees und neben einer Teeverkostung behandeln wir in entspannter Atmosph\u00e4re des Sir Harly die folgenden Themen:<\/span><\/div>\n<div class=\"elementor-element elementor-element-22de89d elementor-widget elementor-widget-wd_text_block\" data-id=\"22de89d\" data-element_type=\"widget\" data-widget_type=\"wd_text_block.default\">\n<div class=\"elementor-widget-container\">\n<div class=\"wd-text-block reset-last-child text-left\">\n<ul>\n<li>was ist \u201eechter\u201c Tee<\/li>\n<li>woher kommt Tee, klimatische Voraussetzungen<\/li>\n<li>Teebeutel vs. \u201eSpeciality Tea\u201c<\/li>\n<li>Teesorten und Arbeitsproze\u00df<\/li>\n<\/ul>\n<p>&nbsp;<\/p>\n<\/div>\n<\/div>\n<\/div>\n","protected":false},"excerpt":{"rendered":"<p>&nbsp;<\/p>\n<p><span style=\"text-decoration: underline;\"><strong>N\u00e4chste Termine:<\/strong><\/span><\/p>\n<p><strong>23.06.2026, Dienstag 18:00 Uhr<\/strong><\/p>\n<p>&nbsp;<\/p>\n<p>&nbsp;<\/p>\n<p>&nbsp;<\/p>\n<p>&nbsp;<\/p>\n","protected":false},"featured_media":1145,"template":"","meta":[],"product_brand":[],"product_cat":[167,168],"product_tag":[172,173,171],"class_list":{"0":"post-2030","1":"product","2":"type-product","3":"status-publish","4":"has-post-thumbnail","6":"product_cat-events","7":"product_cat-seminare","8":"product_tag-seminar","9":"product_tag-teamwork","10":"product_tag-workshop","12":"first","13":"instock","14":"taxable","15":"shipping-taxable","16":"purchasable","17":"product-type-variable"},"_links":{"self":[{"href":"https:\/\/harly-tea.at\/de\/wp-json\/wp\/v2\/product\/2030","targetHints":{"allow":["GET"]}}],"collection":[{"href":"https:\/\/harly-tea.at\/de\/wp-json\/wp\/v2\/product"}],"about":[{"href":"https:\/\/harly-tea.at\/de\/wp-json\/wp\/v2\/types\/product"}],"wp:featuredmedia":[{"embeddable":true,"href":"https:\/\/harly-tea.at\/de\/wp-json\/wp\/v2\/media\/1145"}],"wp:attachment":[{"href":"https:\/\/harly-tea.at\/de\/wp-json\/wp\/v2\/media?parent=2030"}],"wp:term":[{"taxonomy":"product_brand","embeddable":true,"href":"https:\/\/harly-tea.at\/de\/wp-json\/wp\/v2\/product_brand?post=2030"},{"taxonomy":"product_cat","embeddable":true,"href":"https:\/\/harly-tea.at\/de\/wp-json\/wp\/v2\/product_cat?post=2030"},{"taxonomy":"product_tag","embeddable":true,"href":"https:\/\/harly-tea.at\/de\/wp-json\/wp\/v2\/product_tag?post=2030"}],"curies":[{"name":"wp","href":"https:\/\/api.w.org\/{rel}","templated":true}]}}