{"id":2035,"date":"2022-09-24T14:51:35","date_gmt":"2022-09-24T12:51:35","guid":{"rendered":"https:\/\/harly-tea.at\/?post_type=product&#038;p=2035"},"modified":"2024-12-15T11:37:55","modified_gmt":"2024-12-15T10:37:55","slug":"christines-morning","status":"publish","type":"product","link":"https:\/\/harly-tea.at\/de\/produkt\/christines-morning\/","title":{"rendered":"Christine&#8217;s Morning"},"content":{"rendered":"<p>Diese muntere Kr\u00e4utermischung besticht mit einer zitronigen Note von Zitronengras und der herb-w\u00fcrzigen Verbene. Ein idealer Fr\u00fchst\u00fcckstee, der erfrischt und munter macht!<\/p>\n<p>Zutaten: Mate (20%), Hibiskusbl\u00fcten, Rosmarin, Fenchelsaat, Zitronengras, S\u00fc\u00dfholzwurzel, Brombeerbl\u00e4tter, Zitronenverbene, Hagebuttenschalen, Anissaat, Kornblumenblauen<\/p>\n<p>&nbsp;<\/p>\n<div class=\"row mt-5\">\n   <div class=\"col-md-12 text-center\">\n      <h3>Zubereitungsempfehlung<\/h3>\n   <\/div>\n   <\/div><div class=\"row\">   <div class=\"col-md-4 wc-info-box\">\n      <i class=\"fa fa-3x fa-scale-balanced\"><\/i>\n      <h4>5 Gramm Tee pro 200ml<\/h4>\n      <\/div>   <div class=\"col-md-4 wc-info-box\">\n      <i class=\"fa fa-3x fa-temperature-full\"><\/i>\n      <h4>100\u00b0C Wassertemperatur<\/h4>\n      <\/div>   <div class=\"col-md-4 wc-info-box\">\n      <i class=\"fa fa-3x fa-clock\"><\/i>\n      <h4>5-8 Minuten Ziehzeit<\/h4>\n      <\/div><\/div>\n","protected":false},"excerpt":{"rendered":"<p>Diese muntere Kr\u00e4utermischung besticht mit einer zitronigen Note von Zitronengras und der herb-w\u00fcrzigen Verbene. Ein idealer Fr\u00fchst\u00fcckstee, der erfrischt und<\/p>\n","protected":false},"featured_media":2036,"template":"","meta":[],"product_brand":[],"product_cat":[105],"product_tag":[],"class_list":{"0":"post-2035","1":"product","2":"type-product","3":"status-publish","4":"has-post-thumbnail","6":"product_cat-kraeutertee","8":"first","9":"outofstock","10":"taxable","11":"shipping-taxable","12":"purchasable","13":"product-type-simple"},"_links":{"self":[{"href":"https:\/\/harly-tea.at\/de\/wp-json\/wp\/v2\/product\/2035","targetHints":{"allow":["GET"]}}],"collection":[{"href":"https:\/\/harly-tea.at\/de\/wp-json\/wp\/v2\/product"}],"about":[{"href":"https:\/\/harly-tea.at\/de\/wp-json\/wp\/v2\/types\/product"}],"wp:featuredmedia":[{"embeddable":true,"href":"https:\/\/harly-tea.at\/de\/wp-json\/wp\/v2\/media\/2036"}],"wp:attachment":[{"href":"https:\/\/harly-tea.at\/de\/wp-json\/wp\/v2\/media?parent=2035"}],"wp:term":[{"taxonomy":"product_brand","embeddable":true,"href":"https:\/\/harly-tea.at\/de\/wp-json\/wp\/v2\/product_brand?post=2035"},{"taxonomy":"product_cat","embeddable":true,"href":"https:\/\/harly-tea.at\/de\/wp-json\/wp\/v2\/product_cat?post=2035"},{"taxonomy":"product_tag","embeddable":true,"href":"https:\/\/harly-tea.at\/de\/wp-json\/wp\/v2\/product_tag?post=2035"}],"curies":[{"name":"wp","href":"https:\/\/api.w.org\/{rel}","templated":true}]}}