{"id":2089,"date":"2024-04-07T16:52:48","date_gmt":"2024-04-07T14:52:48","guid":{"rendered":"https:\/\/harly-tea.at\/?post_type=product&#038;p=2089"},"modified":"2026-02-02T14:22:42","modified_gmt":"2026-02-02T13:22:42","slug":"teezubereiter-magic-ii","status":"publish","type":"product","link":"https:\/\/harly-tea.at\/de\/produkt\/teezubereiter-magic-ii\/","title":{"rendered":"Teezubereiter MAGIC II"},"content":{"rendered":"<p>Magic II Teezubereiter erlaubt es Ihnen Ihren Tee schnell und sauber zuzubereiten.<br \/>\nF\u00fcllen Sie losen Tee in den Zubereiter und gie\u00dfen Sie hei\u00dfes oder kochendes Wasser (je nach Teesorte). Lassen Sie den Tee f\u00fcr die empfohlene Zeit ziehen und setzen Sie den Zubereiter auf den Becher.<\/p>\n<ul>\n<li>\n<div>Fassungsverm\u00f6gen: 0,5 Liter<\/div>\n<\/li>\n<li>\n<div>Material: sp\u00fclmaschinengeeigneter Kunststoff<\/div>\n<\/li>\n<\/ul>\n","protected":false},"excerpt":{"rendered":"<p>Magic II Teezubereiter erlaubt es Ihnen Ihren Tee schnell und sauber zuzubereiten. F\u00fcllen Sie losen Tee in den Zubereiter und<\/p>\n","protected":false},"featured_media":2090,"template":"","meta":[],"product_brand":[],"product_cat":[64],"product_tag":[],"class_list":{"0":"post-2089","1":"product","2":"type-product","3":"status-publish","4":"has-post-thumbnail","6":"product_cat-teezubereitung","8":"first","9":"instock","10":"taxable","11":"shipping-taxable","12":"purchasable","13":"product-type-simple"},"_links":{"self":[{"href":"https:\/\/harly-tea.at\/de\/wp-json\/wp\/v2\/product\/2089","targetHints":{"allow":["GET"]}}],"collection":[{"href":"https:\/\/harly-tea.at\/de\/wp-json\/wp\/v2\/product"}],"about":[{"href":"https:\/\/harly-tea.at\/de\/wp-json\/wp\/v2\/types\/product"}],"wp:featuredmedia":[{"embeddable":true,"href":"https:\/\/harly-tea.at\/de\/wp-json\/wp\/v2\/media\/2090"}],"wp:attachment":[{"href":"https:\/\/harly-tea.at\/de\/wp-json\/wp\/v2\/media?parent=2089"}],"wp:term":[{"taxonomy":"product_brand","embeddable":true,"href":"https:\/\/harly-tea.at\/de\/wp-json\/wp\/v2\/product_brand?post=2089"},{"taxonomy":"product_cat","embeddable":true,"href":"https:\/\/harly-tea.at\/de\/wp-json\/wp\/v2\/product_cat?post=2089"},{"taxonomy":"product_tag","embeddable":true,"href":"https:\/\/harly-tea.at\/de\/wp-json\/wp\/v2\/product_tag?post=2089"}],"curies":[{"name":"wp","href":"https:\/\/api.w.org\/{rel}","templated":true}]}}