{"id":2097,"date":"2022-10-04T15:06:35","date_gmt":"2022-10-04T13:06:35","guid":{"rendered":"https:\/\/harly-tea.at\/?post_type=product&#038;p=2097"},"modified":"2023-05-15T14:54:24","modified_gmt":"2023-05-15T12:54:24","slug":"abendsonne","status":"publish","type":"product","link":"https:\/\/harly-tea.at\/de\/produkt\/abendsonne\/","title":{"rendered":"Abendsonne"},"content":{"rendered":"<p>Eine Kr\u00e4utermischung mit milder Note von Minze und Kamille &#8211; wie geschaffen f\u00fcr einen beschaulich-sch\u00f6nen Abend.<\/p>\n<p>Zutaten: Melisse, Pfefferminze, Brombeerbl\u00e4tter, Zitronengras, Kamillenbl\u00fcten, Lavendelbl\u00fcten, Rosenbl\u00fctenbl\u00e4tter, Orangenbl\u00fcten, Heidekrautbl\u00fcten<\/p>\n<p>&nbsp;<\/p>\n<div class=\"row mt-5\">\n   <div class=\"col-md-12 text-center\">\n      <h3>Zubereitungsempfehlung<\/h3>\n   <\/div>\n   <\/div><div class=\"row\">   <div class=\"col-md-4 wc-info-box\">\n      <i class=\"fa fa-3x fa-scale-balanced\"><\/i>\n      <h4>5 Gramm Tee pro 200ml<\/h4>\n      <\/div>   <div class=\"col-md-4 wc-info-box\">\n      <i class=\"fa fa-3x fa-temperature-full\"><\/i>\n      <h4>100\u00b0C Wassertemperatur<\/h4>\n      <\/div>   <div class=\"col-md-4 wc-info-box\">\n      <i class=\"fa fa-3x fa-clock\"><\/i>\n      <h4>5-7 Minuten Ziehzeit<\/h4>\n      <\/div><\/div>\n","protected":false},"excerpt":{"rendered":"<p>Eine Kr\u00e4utermischung mit milder Note von Minze und Kamille &#8211; wie geschaffen f\u00fcr einen beschaulich-sch\u00f6nen Abend. Zutaten: Melisse, Pfefferminze, Brombeerbl\u00e4tter,<\/p>\n","protected":false},"featured_media":2098,"template":"","meta":[],"product_brand":[],"product_cat":[105],"product_tag":[],"class_list":{"0":"post-2097","1":"product","2":"type-product","3":"status-publish","4":"has-post-thumbnail","6":"product_cat-kraeutertee","8":"first","9":"instock","10":"taxable","11":"shipping-taxable","12":"purchasable","13":"product-type-simple"},"_links":{"self":[{"href":"https:\/\/harly-tea.at\/de\/wp-json\/wp\/v2\/product\/2097","targetHints":{"allow":["GET"]}}],"collection":[{"href":"https:\/\/harly-tea.at\/de\/wp-json\/wp\/v2\/product"}],"about":[{"href":"https:\/\/harly-tea.at\/de\/wp-json\/wp\/v2\/types\/product"}],"wp:featuredmedia":[{"embeddable":true,"href":"https:\/\/harly-tea.at\/de\/wp-json\/wp\/v2\/media\/2098"}],"wp:attachment":[{"href":"https:\/\/harly-tea.at\/de\/wp-json\/wp\/v2\/media?parent=2097"}],"wp:term":[{"taxonomy":"product_brand","embeddable":true,"href":"https:\/\/harly-tea.at\/de\/wp-json\/wp\/v2\/product_brand?post=2097"},{"taxonomy":"product_cat","embeddable":true,"href":"https:\/\/harly-tea.at\/de\/wp-json\/wp\/v2\/product_cat?post=2097"},{"taxonomy":"product_tag","embeddable":true,"href":"https:\/\/harly-tea.at\/de\/wp-json\/wp\/v2\/product_tag?post=2097"}],"curies":[{"name":"wp","href":"https:\/\/api.w.org\/{rel}","templated":true}]}}