{"id":2109,"date":"2022-10-06T10:16:44","date_gmt":"2022-10-06T08:16:44","guid":{"rendered":"https:\/\/harly-tea.at\/?post_type=product&#038;p=2109"},"modified":"2022-12-09T15:14:02","modified_gmt":"2022-12-09T14:14:02","slug":"marokko-minze","status":"publish","type":"product","link":"https:\/\/harly-tea.at\/de\/produkt\/marokko-minze\/","title":{"rendered":"Marokko Minze"},"content":{"rendered":"<p>Eine erfrischende Geschmacksbombe dank der \u00e4therischen \u00d6le der Minze und einem kr\u00e4ftigen Gunpowder-Gr\u00fcntee.<\/p>\n<p>Zutaten: China Gunpowder Gr\u00fcntee (90%), Minze (10%)<\/p>\n<div class=\"row mt-5\">\n   <div class=\"col-md-12 text-center\">\n      <h3>Zubereitungsempfehlung<\/h3>\n   <\/div>\n   <\/div><div class=\"row\">   <div class=\"col-md-4 wc-info-box\">\n      <i class=\"fa fa-3x fa-scale-balanced\"><\/i>\n      <h4>3-4 Gramm Tee pro 200ml<\/h4>\n      <\/div>   <div class=\"col-md-4 wc-info-box\">\n      <i class=\"fa fa-3x fa-temperature-full\"><\/i>\n      <h4>80\u00b0C Wassertemperatur<\/h4>\n      <\/div>   <div class=\"col-md-4 wc-info-box\">\n      <i class=\"fa fa-3x fa-clock\"><\/i>\n      <h4>3 Minuten Ziehzeit<\/h4>\n      <\/div><\/div>\n","protected":false},"excerpt":{"rendered":"<p>Eine erfrischende Geschmacksbombe dank der \u00e4therischen \u00d6le der Minze und einem kr\u00e4ftigen Gunpowder-Gr\u00fcntee. Zutaten: China Gunpowder Gr\u00fcntee (90%), Minze (10%)<\/p>\n","protected":false},"featured_media":2110,"template":"","meta":[],"product_brand":[],"product_cat":[16,99],"product_tag":[],"class_list":{"0":"post-2109","1":"product","2":"type-product","3":"status-publish","4":"has-post-thumbnail","6":"product_cat-tee","7":"product_cat-aromatisierter-gruentee","9":"first","10":"instock","11":"taxable","12":"shipping-taxable","13":"purchasable","14":"product-type-simple"},"_links":{"self":[{"href":"https:\/\/harly-tea.at\/de\/wp-json\/wp\/v2\/product\/2109","targetHints":{"allow":["GET"]}}],"collection":[{"href":"https:\/\/harly-tea.at\/de\/wp-json\/wp\/v2\/product"}],"about":[{"href":"https:\/\/harly-tea.at\/de\/wp-json\/wp\/v2\/types\/product"}],"wp:featuredmedia":[{"embeddable":true,"href":"https:\/\/harly-tea.at\/de\/wp-json\/wp\/v2\/media\/2110"}],"wp:attachment":[{"href":"https:\/\/harly-tea.at\/de\/wp-json\/wp\/v2\/media?parent=2109"}],"wp:term":[{"taxonomy":"product_brand","embeddable":true,"href":"https:\/\/harly-tea.at\/de\/wp-json\/wp\/v2\/product_brand?post=2109"},{"taxonomy":"product_cat","embeddable":true,"href":"https:\/\/harly-tea.at\/de\/wp-json\/wp\/v2\/product_cat?post=2109"},{"taxonomy":"product_tag","embeddable":true,"href":"https:\/\/harly-tea.at\/de\/wp-json\/wp\/v2\/product_tag?post=2109"}],"curies":[{"name":"wp","href":"https:\/\/api.w.org\/{rel}","templated":true}]}}