{"id":2210,"date":"2022-11-06T16:13:02","date_gmt":"2022-11-06T15:13:02","guid":{"rendered":"https:\/\/harly-tea.at\/?post_type=product&#038;p=2210"},"modified":"2025-11-21T14:43:48","modified_gmt":"2025-11-21T13:43:48","slug":"2024-harlys-tea-adventskalender","status":"publish","type":"product","link":"https:\/\/harly-tea.at\/de\/produkt\/2024-harlys-tea-adventskalender\/","title":{"rendered":"2025 Harly&#8217;s Tea Adventkalender"},"content":{"rendered":"<p>Unsere kleine Genussreise durch den Advent f\u00fcr alle Tee-Freunde.<\/p>\n<p>24 erlesene Tees bieten eine sinnlich duftende Entdeckungsreise durch Harly\u2018s-Welt: von Klassikern und Tee-Spezialit\u00e4ten bis hin zu wohltuenden Kr\u00e4utermischungen. Sie laden ein, der Hektik zu entfliehen und die \u201estillste\u201c Zeit des Jahres wirklich zu zelebrieren und Schluck f\u00fcr Schluck zu genie\u00dfen.<\/p>\n<p>F\u00fcr den optischen Genuss haben wir unserer Kalenderbox noch drei Meter Schnur und 24 Holzklammern zum Aufh\u00e4ngen der P\u00e4ckchen hinzugef\u00fcgt.<\/p>\n<p>Genie\u00dfe die Weihnachtszeit und lass Dich \u00fcberraschen!<\/p>\n<p>24&#215;5 g Tee, 3m Schnurr, 24 Holzklammern<\/p>\n<p>Hinweis: die Verpackungen des diesj\u00e4hrigen Kalenders sind aus Kraftpapier und weichen von der Darstellung in der Galerie ab.<\/p>\n","protected":false},"excerpt":{"rendered":"<p>ADVENTKALENDER<\/p>\n<p>ab dem 01.11 sind unsere Adventkalender zur Abholung oder zum Versand bereit.<\/p>\n","protected":false},"featured_media":4163,"template":"","meta":[],"product_brand":[],"product_cat":[67],"product_tag":[],"class_list":{"0":"post-2210","1":"product","2":"type-product","3":"status-publish","4":"has-post-thumbnail","6":"product_cat-geschenke","8":"first","9":"outofstock","10":"taxable","11":"shipping-taxable","12":"purchasable","13":"product-type-simple"},"_links":{"self":[{"href":"https:\/\/harly-tea.at\/de\/wp-json\/wp\/v2\/product\/2210","targetHints":{"allow":["GET"]}}],"collection":[{"href":"https:\/\/harly-tea.at\/de\/wp-json\/wp\/v2\/product"}],"about":[{"href":"https:\/\/harly-tea.at\/de\/wp-json\/wp\/v2\/types\/product"}],"wp:featuredmedia":[{"embeddable":true,"href":"https:\/\/harly-tea.at\/de\/wp-json\/wp\/v2\/media\/4163"}],"wp:attachment":[{"href":"https:\/\/harly-tea.at\/de\/wp-json\/wp\/v2\/media?parent=2210"}],"wp:term":[{"taxonomy":"product_brand","embeddable":true,"href":"https:\/\/harly-tea.at\/de\/wp-json\/wp\/v2\/product_brand?post=2210"},{"taxonomy":"product_cat","embeddable":true,"href":"https:\/\/harly-tea.at\/de\/wp-json\/wp\/v2\/product_cat?post=2210"},{"taxonomy":"product_tag","embeddable":true,"href":"https:\/\/harly-tea.at\/de\/wp-json\/wp\/v2\/product_tag?post=2210"}],"curies":[{"name":"wp","href":"https:\/\/api.w.org\/{rel}","templated":true}]}}