{"id":2291,"date":"2022-11-25T13:25:48","date_gmt":"2022-11-25T12:25:48","guid":{"rendered":"https:\/\/harly-tea.at\/?post_type=product&#038;p=2291"},"modified":"2024-03-04T07:12:33","modified_gmt":"2024-03-04T06:12:33","slug":"tasse-amrani","status":"publish","type":"product","link":"https:\/\/harly-tea.at\/de\/produkt\/tasse-amrani\/","title":{"rendered":"Tasse Amrani"},"content":{"rendered":"<p>Das Design dieses besonderen Keramikbechers erinnert an mediterrane Schmuckfliesen die wie Scherben kunstvoll in einem Patchworkdesign zusammengesetzt wurden. Das Arrangement der optisch ungleichen Fliesenfragmente erh\u00e4lt durch das einheitliche blau-wei\u00dfe Farbschema ein verbindendes Element. Hierdurch wirkt das Gesamtdesign \u00e4u\u00dferst harmonisch und geschlossen. Die braunen und tiefblauen Farbakzente an Sockel, den Grafikzwischenr\u00e4umen sowie der Innenseite des Bechers unterstreichen den insgesamt ausgewogenen Produktlook. Mit einer F\u00fcllmenge von 0,3 l ist dieser Artikel ein Allrounder und eignet sich f\u00fcr den Genuss diverser Kaffeespezialit\u00e4ten und Tees.<\/p>\n","protected":false},"excerpt":{"rendered":"<p>Das Design dieses besonderen Keramikbechers erinnert an mediterrane Schmuckfliesen die wie Scherben kunstvoll in einem Patchworkdesign zusammengesetzt wurden. Das Arrangement<\/p>\n","protected":false},"featured_media":2257,"template":"","meta":[],"product_brand":[],"product_cat":[67,65],"product_tag":[],"class_list":{"0":"post-2291","1":"product","2":"type-product","3":"status-publish","4":"has-post-thumbnail","6":"product_cat-geschenke","7":"product_cat-teekannen-tassen","9":"first","10":"outofstock","11":"taxable","12":"shipping-taxable","13":"purchasable","14":"product-type-simple"},"_links":{"self":[{"href":"https:\/\/harly-tea.at\/de\/wp-json\/wp\/v2\/product\/2291","targetHints":{"allow":["GET"]}}],"collection":[{"href":"https:\/\/harly-tea.at\/de\/wp-json\/wp\/v2\/product"}],"about":[{"href":"https:\/\/harly-tea.at\/de\/wp-json\/wp\/v2\/types\/product"}],"wp:featuredmedia":[{"embeddable":true,"href":"https:\/\/harly-tea.at\/de\/wp-json\/wp\/v2\/media\/2257"}],"wp:attachment":[{"href":"https:\/\/harly-tea.at\/de\/wp-json\/wp\/v2\/media?parent=2291"}],"wp:term":[{"taxonomy":"product_brand","embeddable":true,"href":"https:\/\/harly-tea.at\/de\/wp-json\/wp\/v2\/product_brand?post=2291"},{"taxonomy":"product_cat","embeddable":true,"href":"https:\/\/harly-tea.at\/de\/wp-json\/wp\/v2\/product_cat?post=2291"},{"taxonomy":"product_tag","embeddable":true,"href":"https:\/\/harly-tea.at\/de\/wp-json\/wp\/v2\/product_tag?post=2291"}],"curies":[{"name":"wp","href":"https:\/\/api.w.org\/{rel}","templated":true}]}}