{"id":2342,"date":"2022-12-09T15:20:01","date_gmt":"2022-12-09T14:20:01","guid":{"rendered":"https:\/\/harly-tea.at\/?post_type=product&#038;p=2342"},"modified":"2023-01-10T13:24:40","modified_gmt":"2023-01-10T12:24:40","slug":"sinnliche-zeit","status":"publish","type":"product","link":"https:\/\/harly-tea.at\/de\/produkt\/sinnliche-zeit\/","title":{"rendered":"Sinnliche Zeit"},"content":{"rendered":"<p>Aromatisierte Kr\u00e4uter-\/Gew\u00fcrzteemischung mit fruchtigem Karamellgeschmack.<\/p>\n<p>Zutaten: Zitronenmelisse, Apfelst\u00fccke, gr\u00fcner Rooibos, Pfefferminze, Fenchel s\u00fc\u00df, Kamillenbl\u00fcten, Johannisbrotst\u00fccke, Zimt, Hagebuttenschalen, Aroma, Anissamen, Zitrusschalen, nat\u00fcrlicherBourbon Vanilleextrakt.<\/p>\n<div class=\"row mt-5\">\n   <div class=\"col-md-12 text-center\">\n      <h3>Zubereitungsempfehlung<\/h3>\n   <\/div>\n   <\/div><div class=\"row\">   <div class=\"col-md-4 wc-info-box\">\n      <i class=\"fa fa-3x fa-scale-balanced\"><\/i>\n      <h4>3-4 Gramm Tee pro 200ml<\/h4>\n      <\/div>   <div class=\"col-md-4 wc-info-box\">\n      <i class=\"fa fa-3x fa-temperature-full\"><\/i>\n      <h4>100\u00b0C Wassertemperatur<\/h4>\n      <\/div>   <div class=\"col-md-4 wc-info-box\">\n      <i class=\"fa fa-3x fa-clock\"><\/i>\n      <h4>8-10 Minuten Ziehzeit<\/h4>\n      <\/div><\/div>\n","protected":false},"excerpt":{"rendered":"<p>Aromatisierte Kr\u00e4uter-\/Gew\u00fcrzteemischung mit fruchtigem Karamellgeschmack. Zutaten: Zitronenmelisse, Apfelst\u00fccke, gr\u00fcner Rooibos, Pfefferminze, Fenchel s\u00fc\u00df, Kamillenbl\u00fcten, Johannisbrotst\u00fccke, Zimt, Hagebuttenschalen, Aroma, Anissamen, Zitrusschalen,<\/p>\n","protected":false},"featured_media":2324,"template":"","meta":[],"product_brand":[],"product_cat":[16],"product_tag":[],"class_list":{"0":"post-2342","1":"product","2":"type-product","3":"status-publish","4":"has-post-thumbnail","6":"product_cat-tee","8":"first","9":"outofstock","10":"taxable","11":"shipping-taxable","12":"purchasable","13":"product-type-simple"},"_links":{"self":[{"href":"https:\/\/harly-tea.at\/de\/wp-json\/wp\/v2\/product\/2342","targetHints":{"allow":["GET"]}}],"collection":[{"href":"https:\/\/harly-tea.at\/de\/wp-json\/wp\/v2\/product"}],"about":[{"href":"https:\/\/harly-tea.at\/de\/wp-json\/wp\/v2\/types\/product"}],"wp:featuredmedia":[{"embeddable":true,"href":"https:\/\/harly-tea.at\/de\/wp-json\/wp\/v2\/media\/2324"}],"wp:attachment":[{"href":"https:\/\/harly-tea.at\/de\/wp-json\/wp\/v2\/media?parent=2342"}],"wp:term":[{"taxonomy":"product_brand","embeddable":true,"href":"https:\/\/harly-tea.at\/de\/wp-json\/wp\/v2\/product_brand?post=2342"},{"taxonomy":"product_cat","embeddable":true,"href":"https:\/\/harly-tea.at\/de\/wp-json\/wp\/v2\/product_cat?post=2342"},{"taxonomy":"product_tag","embeddable":true,"href":"https:\/\/harly-tea.at\/de\/wp-json\/wp\/v2\/product_tag?post=2342"}],"curies":[{"name":"wp","href":"https:\/\/api.w.org\/{rel}","templated":true}]}}