{"id":2533,"date":"2023-01-23T15:21:28","date_gmt":"2023-01-23T14:21:28","guid":{"rendered":"https:\/\/harly-tea.at\/?post_type=product&#038;p=2533"},"modified":"2026-02-02T14:37:33","modified_gmt":"2026-02-02T13:37:33","slug":"becher-lalia-0-2-l","status":"publish","type":"product","link":"https:\/\/harly-tea.at\/de\/produkt\/becher-lalia-0-2-l\/","title":{"rendered":"Becher &#8222;Lalia&#8220; 0.2 L"},"content":{"rendered":"<p>Dieser au\u00dfergew\u00f6hnliche Keramikbecher im Handmade-Look \u00fcberzeugt durch sein besonderes Produktdesign. So hebt sich der Becher durch die breite und flache Form von anderen Artikeln ab und \u00fcberrascht zudem mit einer interessanten, welligen Oberfl\u00e4chen-Haptik. Das zweifach-sortierte grafische Dekor greift Ethnoelemente auf und so verbinden sich Form und Design zu einer urspr\u00fcnglichen und beinahe handgefertigten Optik. Der Henkel mit Goldauflage sorgt zus\u00e4tzlich f\u00fcr Glanz und verleiht dem Becher einen hochwertigen und exklusiven Touch. Ein Hingucker f\u00fcr jedes Sortiment!<\/p>\n","protected":false},"excerpt":{"rendered":"<p>Dieser au\u00dfergew\u00f6hnliche Keramikbecher im Handmade-Look \u00fcberzeugt durch sein besonderes Produktdesign. So hebt sich der Becher durch die breite und flache<\/p>\n","protected":false},"featured_media":2418,"template":"","meta":[],"product_brand":[],"product_cat":[65],"product_tag":[],"class_list":{"0":"post-2533","1":"product","2":"type-product","3":"status-publish","4":"has-post-thumbnail","6":"product_cat-teekannen-tassen","8":"first","9":"instock","10":"taxable","11":"shipping-taxable","12":"purchasable","13":"product-type-simple"},"_links":{"self":[{"href":"https:\/\/harly-tea.at\/de\/wp-json\/wp\/v2\/product\/2533","targetHints":{"allow":["GET"]}}],"collection":[{"href":"https:\/\/harly-tea.at\/de\/wp-json\/wp\/v2\/product"}],"about":[{"href":"https:\/\/harly-tea.at\/de\/wp-json\/wp\/v2\/types\/product"}],"wp:featuredmedia":[{"embeddable":true,"href":"https:\/\/harly-tea.at\/de\/wp-json\/wp\/v2\/media\/2418"}],"wp:attachment":[{"href":"https:\/\/harly-tea.at\/de\/wp-json\/wp\/v2\/media?parent=2533"}],"wp:term":[{"taxonomy":"product_brand","embeddable":true,"href":"https:\/\/harly-tea.at\/de\/wp-json\/wp\/v2\/product_brand?post=2533"},{"taxonomy":"product_cat","embeddable":true,"href":"https:\/\/harly-tea.at\/de\/wp-json\/wp\/v2\/product_cat?post=2533"},{"taxonomy":"product_tag","embeddable":true,"href":"https:\/\/harly-tea.at\/de\/wp-json\/wp\/v2\/product_tag?post=2533"}],"curies":[{"name":"wp","href":"https:\/\/api.w.org\/{rel}","templated":true}]}}