{"id":2539,"date":"2023-01-23T16:02:38","date_gmt":"2023-01-23T15:02:38","guid":{"rendered":"https:\/\/harly-tea.at\/?post_type=product&#038;p=2539"},"modified":"2024-10-24T08:28:24","modified_gmt":"2024-10-24T06:28:24","slug":"teezubereiter-monty-05-l","status":"publish","type":"product","link":"https:\/\/harly-tea.at\/de\/produkt\/teezubereiter-monty-05-l\/","title":{"rendered":"Teezubereiter &#8222;Monty&#8220; 0,5 L"},"content":{"rendered":"<p>Genie\u00dfen Sie mehrere Aufg\u00fcsse Ihres Tees auf Knopfdruck! F\u00fcllen Sie den Tee in den oberen Teil des Zubereiters und gie\u00dfen Sie diesen mit hei\u00dfem Wasser auf. Nach Ablauf der Ziehzeit dr\u00fccken Sie den Knopf am Deckel und der Tee flie\u00dft durch das integrierte Sieb in die Kanne. Die Teebl\u00e4tter verbleiben dabei im obigen Beh\u00e4lter bereit f\u00fcr den n\u00e4chsten Aufguss.<br \/>\nTipp: Bei Folgeaufg\u00fcssen die Ziehzeit f\u00fcr ein volles Aroma einfach verl\u00e4ngern.<\/p>\n","protected":false},"excerpt":{"rendered":"<p>Genie\u00dfen Sie mehrere Aufg\u00fcsse Ihres Tees auf Knopfdruck! F\u00fcllen Sie den Tee in den oberen Teil des Zubereiters und gie\u00dfen<\/p>\n","protected":false},"featured_media":2527,"template":"","meta":[],"product_brand":[],"product_cat":[64],"product_tag":[],"class_list":{"0":"post-2539","1":"product","2":"type-product","3":"status-publish","4":"has-post-thumbnail","6":"product_cat-teezubereitung","8":"first","9":"outofstock","10":"taxable","11":"shipping-taxable","12":"purchasable","13":"product-type-simple"},"_links":{"self":[{"href":"https:\/\/harly-tea.at\/de\/wp-json\/wp\/v2\/product\/2539","targetHints":{"allow":["GET"]}}],"collection":[{"href":"https:\/\/harly-tea.at\/de\/wp-json\/wp\/v2\/product"}],"about":[{"href":"https:\/\/harly-tea.at\/de\/wp-json\/wp\/v2\/types\/product"}],"wp:featuredmedia":[{"embeddable":true,"href":"https:\/\/harly-tea.at\/de\/wp-json\/wp\/v2\/media\/2527"}],"wp:attachment":[{"href":"https:\/\/harly-tea.at\/de\/wp-json\/wp\/v2\/media?parent=2539"}],"wp:term":[{"taxonomy":"product_brand","embeddable":true,"href":"https:\/\/harly-tea.at\/de\/wp-json\/wp\/v2\/product_brand?post=2539"},{"taxonomy":"product_cat","embeddable":true,"href":"https:\/\/harly-tea.at\/de\/wp-json\/wp\/v2\/product_cat?post=2539"},{"taxonomy":"product_tag","embeddable":true,"href":"https:\/\/harly-tea.at\/de\/wp-json\/wp\/v2\/product_tag?post=2539"}],"curies":[{"name":"wp","href":"https:\/\/api.w.org\/{rel}","templated":true}]}}