{"id":2541,"date":"2023-01-23T16:23:22","date_gmt":"2023-01-23T15:23:22","guid":{"rendered":"https:\/\/harly-tea.at\/?post_type=product&#038;p=2541"},"modified":"2023-02-17T17:57:19","modified_gmt":"2023-02-17T16:57:19","slug":"tea-for-one-set-sophie","status":"publish","type":"product","link":"https:\/\/harly-tea.at\/de\/produkt\/tea-for-one-set-sophie\/","title":{"rendered":"&#8222;Sophie&#8220; Tea-for-one-Set"},"content":{"rendered":"<p>Feinstes Fine Bone China, eine federleichte Produktqualit\u00e4t und das strahlende wei\u00df verleihen diesem sch\u00f6nen Tea-for-one Set h\u00f6chste Exklusivit\u00e4t. Das 4-teilige Set, bestehend aus Kanne mit Deckel, Tasse und Unterteller ist ideal geeignet f\u00fcr eine Person. Der gro\u00dfe Teller bietet ausreichend Ablagefl\u00e4che f\u00fcr einen L\u00f6ffel, Kekse oder Zucker.<\/p>\n<p>Kanne: 0,45 l, Tasse: 0,25 l<\/p>\n","protected":false},"excerpt":{"rendered":"<p>Feinstes Fine Bone China, eine federleichte Produktqualit\u00e4t und das strahlende wei\u00df verleihen diesem sch\u00f6nen Tea-for-one Set h\u00f6chste Exklusivit\u00e4t. Das 4-teilige<\/p>\n","protected":false},"featured_media":2523,"template":"","meta":[],"product_brand":[],"product_cat":[64],"product_tag":[],"class_list":{"0":"post-2541","1":"product","2":"type-product","3":"status-publish","4":"has-post-thumbnail","6":"product_cat-teezubereitung","8":"first","9":"outofstock","10":"taxable","11":"shipping-taxable","12":"purchasable","13":"product-type-simple"},"_links":{"self":[{"href":"https:\/\/harly-tea.at\/de\/wp-json\/wp\/v2\/product\/2541","targetHints":{"allow":["GET"]}}],"collection":[{"href":"https:\/\/harly-tea.at\/de\/wp-json\/wp\/v2\/product"}],"about":[{"href":"https:\/\/harly-tea.at\/de\/wp-json\/wp\/v2\/types\/product"}],"wp:featuredmedia":[{"embeddable":true,"href":"https:\/\/harly-tea.at\/de\/wp-json\/wp\/v2\/media\/2523"}],"wp:attachment":[{"href":"https:\/\/harly-tea.at\/de\/wp-json\/wp\/v2\/media?parent=2541"}],"wp:term":[{"taxonomy":"product_brand","embeddable":true,"href":"https:\/\/harly-tea.at\/de\/wp-json\/wp\/v2\/product_brand?post=2541"},{"taxonomy":"product_cat","embeddable":true,"href":"https:\/\/harly-tea.at\/de\/wp-json\/wp\/v2\/product_cat?post=2541"},{"taxonomy":"product_tag","embeddable":true,"href":"https:\/\/harly-tea.at\/de\/wp-json\/wp\/v2\/product_tag?post=2541"}],"curies":[{"name":"wp","href":"https:\/\/api.w.org\/{rel}","templated":true}]}}