{"id":2542,"date":"2023-01-23T16:37:56","date_gmt":"2023-01-23T15:37:56","guid":{"rendered":"https:\/\/harly-tea.at\/?post_type=product&#038;p=2542"},"modified":"2023-01-23T16:59:08","modified_gmt":"2023-01-23T15:59:08","slug":"teekanne-sophie-0-65-l","status":"publish","type":"product","link":"https:\/\/harly-tea.at\/de\/produkt\/teekanne-sophie-0-65-l\/","title":{"rendered":"&#8222;Sophie&#8220; Teekanne 0.65 L"},"content":{"rendered":"<p>Feinstes Fine Bone China, eine federleichte Produktqualit\u00e4t und das strahlende wei\u00df verleihen dieser besonderen Kanne h\u00f6chste Exklusivit\u00e4t. Der au\u00dfergew\u00f6hnliche, flache Kannenk\u00f6rper hat ein Fassungsverm\u00f6gen von 0,65 l und eignet sich ideal f\u00fcr die Zubereitung von zwei bis drei Bechern Tee. Kombinieren Sie diesen Artikel mit der passenden Tasse, Jumbotasse, dem St\u00f6vchen oder Milch- und Zuckerset dieser Reihe. Das Produktdesign aller Artikel ist fein aufeinander abgestimmt, so dass diese auf dem gedeckten Tisch optisch wunderbar miteinander harmonieren.<\/p>\n","protected":false},"excerpt":{"rendered":"<p>Feinstes Fine Bone China, eine federleichte Produktqualit\u00e4t und das strahlende wei\u00df verleihen dieser besonderen Kanne h\u00f6chste Exklusivit\u00e4t. Der au\u00dfergew\u00f6hnliche, flache<\/p>\n","protected":false},"featured_media":2521,"template":"","meta":[],"product_brand":[],"product_cat":[65],"product_tag":[],"class_list":{"0":"post-2542","1":"product","2":"type-product","3":"status-publish","4":"has-post-thumbnail","6":"product_cat-teekannen-tassen","8":"first","9":"instock","10":"taxable","11":"shipping-taxable","12":"purchasable","13":"product-type-simple"},"_links":{"self":[{"href":"https:\/\/harly-tea.at\/de\/wp-json\/wp\/v2\/product\/2542","targetHints":{"allow":["GET"]}}],"collection":[{"href":"https:\/\/harly-tea.at\/de\/wp-json\/wp\/v2\/product"}],"about":[{"href":"https:\/\/harly-tea.at\/de\/wp-json\/wp\/v2\/types\/product"}],"wp:featuredmedia":[{"embeddable":true,"href":"https:\/\/harly-tea.at\/de\/wp-json\/wp\/v2\/media\/2521"}],"wp:attachment":[{"href":"https:\/\/harly-tea.at\/de\/wp-json\/wp\/v2\/media?parent=2542"}],"wp:term":[{"taxonomy":"product_brand","embeddable":true,"href":"https:\/\/harly-tea.at\/de\/wp-json\/wp\/v2\/product_brand?post=2542"},{"taxonomy":"product_cat","embeddable":true,"href":"https:\/\/harly-tea.at\/de\/wp-json\/wp\/v2\/product_cat?post=2542"},{"taxonomy":"product_tag","embeddable":true,"href":"https:\/\/harly-tea.at\/de\/wp-json\/wp\/v2\/product_tag?post=2542"}],"curies":[{"name":"wp","href":"https:\/\/api.w.org\/{rel}","templated":true}]}}