{"id":2543,"date":"2023-01-23T16:48:01","date_gmt":"2023-01-23T15:48:01","guid":{"rendered":"https:\/\/harly-tea.at\/?post_type=product&#038;p=2543"},"modified":"2025-01-13T14:43:08","modified_gmt":"2025-01-13T13:43:08","slug":"sophie-tasse-untere","status":"publish","type":"product","link":"https:\/\/harly-tea.at\/de\/produkt\/sophie-tasse-untere\/","title":{"rendered":"&#8222;Sophie&#8220; Tasse &#038; Untere"},"content":{"rendered":"<p>Feinstes Fine Bone China, eine federleichte Produktqualit\u00e4t und das strahlende wei\u00df verleihen dieser sch\u00f6nen Tasse mit Untertasse h\u00f6chste Exklusivit\u00e4t. Mit einem Fassungsverm\u00f6gen von 0,11 l bietet dieser Artikel ausreichend Platz f\u00fcr Ihren Lieblingstee. Der d\u00fcnne und feine Trinkrand der Tasse sorgt f\u00fcr ein angenehmes Trinkgef\u00fchl. Kombinieren Sie diesen Artikel mit den passenden Kannen, dem St\u00f6vchen oder Milch- und Zuckerset dieser Reihe. Das Produktdesign aller Artikel ist fein aufeinander abgestimmt, so dass diese auf dem gedeckten Tisch optisch wunderbar miteinander harmonieren.<\/p>\n","protected":false},"excerpt":{"rendered":"<p>Feinstes Fine Bone China, eine federleichte Produktqualit\u00e4t und das strahlende wei\u00df verleihen dieser sch\u00f6nen Tasse mit Untertasse h\u00f6chste Exklusivit\u00e4t. Mit<\/p>\n","protected":false},"featured_media":2515,"template":"","meta":[],"product_brand":[],"product_cat":[65],"product_tag":[],"class_list":{"0":"post-2543","1":"product","2":"type-product","3":"status-publish","4":"has-post-thumbnail","6":"product_cat-teekannen-tassen","8":"first","9":"outofstock","10":"taxable","11":"shipping-taxable","12":"purchasable","13":"product-type-simple"},"_links":{"self":[{"href":"https:\/\/harly-tea.at\/de\/wp-json\/wp\/v2\/product\/2543","targetHints":{"allow":["GET"]}}],"collection":[{"href":"https:\/\/harly-tea.at\/de\/wp-json\/wp\/v2\/product"}],"about":[{"href":"https:\/\/harly-tea.at\/de\/wp-json\/wp\/v2\/types\/product"}],"wp:featuredmedia":[{"embeddable":true,"href":"https:\/\/harly-tea.at\/de\/wp-json\/wp\/v2\/media\/2515"}],"wp:attachment":[{"href":"https:\/\/harly-tea.at\/de\/wp-json\/wp\/v2\/media?parent=2543"}],"wp:term":[{"taxonomy":"product_brand","embeddable":true,"href":"https:\/\/harly-tea.at\/de\/wp-json\/wp\/v2\/product_brand?post=2543"},{"taxonomy":"product_cat","embeddable":true,"href":"https:\/\/harly-tea.at\/de\/wp-json\/wp\/v2\/product_cat?post=2543"},{"taxonomy":"product_tag","embeddable":true,"href":"https:\/\/harly-tea.at\/de\/wp-json\/wp\/v2\/product_tag?post=2543"}],"curies":[{"name":"wp","href":"https:\/\/api.w.org\/{rel}","templated":true}]}}