{"id":2544,"date":"2023-01-23T16:52:41","date_gmt":"2023-01-23T15:52:41","guid":{"rendered":"https:\/\/harly-tea.at\/?post_type=product&#038;p=2544"},"modified":"2025-12-07T10:18:27","modified_gmt":"2025-12-07T09:18:27","slug":"sophie-kanne-13-l","status":"publish","type":"product","link":"https:\/\/harly-tea.at\/de\/produkt\/sophie-kanne-13-l\/","title":{"rendered":"&#8222;Sophie&#8220; Kanne 1,3 L"},"content":{"rendered":"<p>Feinstes Fine Bone China, eine federleichte Produktqualit\u00e4t und das strahlende wei\u00df verleihen dieser sch\u00f6nen Kanne h\u00f6chste Exklusivit\u00e4t. Der kugelf\u00f6rmige Kannenk\u00f6rper hat ein Fassungsverm\u00f6gen von 1,3 l und eignet sich ideal f\u00fcr die Zubereitung von vier bis f\u00fcnf Bechern Tee. Kombinieren Sie diesen Artikel mit der passenden Tasse, Jumbotasse, dem St\u00f6vchen oder Milch- und Zuckerset dieser Reihe. Das Produktdesign aller Artikel ist fein aufeinander abgestimmt, so dass diese auf dem gedeckten Tisch optisch wunderbar miteinander harmonieren.<\/p>\n","protected":false},"excerpt":{"rendered":"<p>Feinstes Fine Bone China, eine federleichte Produktqualit\u00e4t und das strahlende wei\u00df verleihen dieser sch\u00f6nen Kanne h\u00f6chste Exklusivit\u00e4t. Der kugelf\u00f6rmige Kannenk\u00f6rper<\/p>\n","protected":false},"featured_media":2519,"template":"","meta":[],"product_brand":[],"product_cat":[65],"product_tag":[],"class_list":{"0":"post-2544","1":"product","2":"type-product","3":"status-publish","4":"has-post-thumbnail","6":"product_cat-teekannen-tassen","8":"first","9":"outofstock","10":"taxable","11":"shipping-taxable","12":"purchasable","13":"product-type-simple"},"_links":{"self":[{"href":"https:\/\/harly-tea.at\/de\/wp-json\/wp\/v2\/product\/2544","targetHints":{"allow":["GET"]}}],"collection":[{"href":"https:\/\/harly-tea.at\/de\/wp-json\/wp\/v2\/product"}],"about":[{"href":"https:\/\/harly-tea.at\/de\/wp-json\/wp\/v2\/types\/product"}],"wp:featuredmedia":[{"embeddable":true,"href":"https:\/\/harly-tea.at\/de\/wp-json\/wp\/v2\/media\/2519"}],"wp:attachment":[{"href":"https:\/\/harly-tea.at\/de\/wp-json\/wp\/v2\/media?parent=2544"}],"wp:term":[{"taxonomy":"product_brand","embeddable":true,"href":"https:\/\/harly-tea.at\/de\/wp-json\/wp\/v2\/product_brand?post=2544"},{"taxonomy":"product_cat","embeddable":true,"href":"https:\/\/harly-tea.at\/de\/wp-json\/wp\/v2\/product_cat?post=2544"},{"taxonomy":"product_tag","embeddable":true,"href":"https:\/\/harly-tea.at\/de\/wp-json\/wp\/v2\/product_tag?post=2544"}],"curies":[{"name":"wp","href":"https:\/\/api.w.org\/{rel}","templated":true}]}}