{"id":2545,"date":"2023-01-23T16:56:23","date_gmt":"2023-01-23T15:56:23","guid":{"rendered":"https:\/\/harly-tea.at\/?post_type=product&#038;p=2545"},"modified":"2023-07-07T17:00:29","modified_gmt":"2023-07-07T15:00:29","slug":"gaba-pu-erh-sheng-cha-50g","status":"publish","type":"product","link":"https:\/\/harly-tea.at\/de\/produkt\/gaba-pu-erh-sheng-cha-50g\/","title":{"rendered":"Gaba Pu-Erh Sheng Cha (50g)"},"content":{"rendered":"<p>Sheng-Cha aus Taiwan, Region Nantou.<\/p>\n<p>Dieser Tee vereint die geschmacklichen Eigenschaften und physiologischen Wirkungen von GABA-Tees und gr\u00fcnem, nat\u00fcrlich reifenden Pu-Erh. Gro\u00dfbl\u00e4ttrig, nat\u00fcrlich gereift, nicht ger\u00f6stet.<\/p>\n<div class=\"row mt-5\">\n   <div class=\"col-md-12 text-center\">\n      <h3>Zubereitungsempfehlung<\/h3>\n   <\/div>\n   <\/div><div class=\"row\">   <div class=\"col-md-4 wc-info-box\">\n      <i class=\"fa fa-3x fa-scale-balanced\"><\/i>\n      <h4>3 Gramm Tee pro 200ml<\/h4>\n      <\/div>   <div class=\"col-md-4 wc-info-box\">\n      <i class=\"fa fa-3x fa-temperature-full\"><\/i>\n      <h4>100\u00b0C Wassertemperatur<\/h4>\n      <\/div>   <div class=\"col-md-4 wc-info-box\">\n      <i class=\"fa fa-3x fa-clock\"><\/i>\n      <h4>3 Minuten Ziehzeit<\/h4>\n      <\/div><\/div>\n","protected":false},"excerpt":{"rendered":"<p>Sheng-Cha aus Taiwan, Region Nantou. Dieser Tee vereint die geschmacklichen Eigenschaften und physiologischen Wirkungen von GABA-Tees und gr\u00fcnem, nat\u00fcrlich reifenden<\/p>\n","protected":false},"featured_media":2479,"template":"","meta":[],"product_brand":[],"product_cat":[16,58],"product_tag":[],"class_list":{"0":"post-2545","1":"product","2":"type-product","3":"status-publish","4":"has-post-thumbnail","6":"product_cat-tee","7":"product_cat-schwarztee","9":"first","10":"outofstock","11":"taxable","12":"shipping-taxable","13":"purchasable","14":"product-type-simple"},"_links":{"self":[{"href":"https:\/\/harly-tea.at\/de\/wp-json\/wp\/v2\/product\/2545","targetHints":{"allow":["GET"]}}],"collection":[{"href":"https:\/\/harly-tea.at\/de\/wp-json\/wp\/v2\/product"}],"about":[{"href":"https:\/\/harly-tea.at\/de\/wp-json\/wp\/v2\/types\/product"}],"wp:featuredmedia":[{"embeddable":true,"href":"https:\/\/harly-tea.at\/de\/wp-json\/wp\/v2\/media\/2479"}],"wp:attachment":[{"href":"https:\/\/harly-tea.at\/de\/wp-json\/wp\/v2\/media?parent=2545"}],"wp:term":[{"taxonomy":"product_brand","embeddable":true,"href":"https:\/\/harly-tea.at\/de\/wp-json\/wp\/v2\/product_brand?post=2545"},{"taxonomy":"product_cat","embeddable":true,"href":"https:\/\/harly-tea.at\/de\/wp-json\/wp\/v2\/product_cat?post=2545"},{"taxonomy":"product_tag","embeddable":true,"href":"https:\/\/harly-tea.at\/de\/wp-json\/wp\/v2\/product_tag?post=2545"}],"curies":[{"name":"wp","href":"https:\/\/api.w.org\/{rel}","templated":true}]}}