{"id":2548,"date":"2023-01-24T11:24:14","date_gmt":"2023-01-24T10:24:14","guid":{"rendered":"https:\/\/harly-tea.at\/?post_type=product&#038;p=2548"},"modified":"2025-09-19T10:56:39","modified_gmt":"2025-09-19T08:56:39","slug":"annbritt-kanne-09-l","status":"publish","type":"product","link":"https:\/\/harly-tea.at\/de\/produkt\/annbritt-kanne-09-l\/","title":{"rendered":"&#8222;Annbritt&#8220; Kanne 0,9 L"},"content":{"rendered":"<p>Diese Kanne \u00fcberrascht durch eine au\u00dfergew\u00f6hnliche Haptik. Die Kombination aus puristischer Farbgebung und handgearbeiteter Anmutung machen diesen Artikel zu etwas Besonderem. Die neuartige Henkelform rundet diesen Eindruck optisch ab. Zusammen mit dem passenden Becher\u00a0 oder der Tasse das perfekte Geschirr f\u00fcr alle Liebhaber des Scandic Living oder Landhaustrends.<\/p>\n<p>Keramik, matt mit Relief<\/p>\n<p>Handbemalt, Sp\u00fclmaschinenfest, Mikrowellengeeignet<\/p>\n","protected":false},"excerpt":{"rendered":"<p>Diese Kanne \u00fcberrascht durch eine au\u00dfergew\u00f6hnliche Haptik. Die Kombination aus puristischer Farbgebung und handgearbeiteter Anmutung machen diesen Artikel zu etwas<\/p>\n","protected":false},"featured_media":2414,"template":"","meta":[],"product_brand":[],"product_cat":[65],"product_tag":[],"class_list":{"0":"post-2548","1":"product","2":"type-product","3":"status-publish","4":"has-post-thumbnail","6":"product_cat-teekannen-tassen","8":"first","9":"outofstock","10":"taxable","11":"shipping-taxable","12":"purchasable","13":"product-type-simple"},"_links":{"self":[{"href":"https:\/\/harly-tea.at\/de\/wp-json\/wp\/v2\/product\/2548","targetHints":{"allow":["GET"]}}],"collection":[{"href":"https:\/\/harly-tea.at\/de\/wp-json\/wp\/v2\/product"}],"about":[{"href":"https:\/\/harly-tea.at\/de\/wp-json\/wp\/v2\/types\/product"}],"wp:featuredmedia":[{"embeddable":true,"href":"https:\/\/harly-tea.at\/de\/wp-json\/wp\/v2\/media\/2414"}],"wp:attachment":[{"href":"https:\/\/harly-tea.at\/de\/wp-json\/wp\/v2\/media?parent=2548"}],"wp:term":[{"taxonomy":"product_brand","embeddable":true,"href":"https:\/\/harly-tea.at\/de\/wp-json\/wp\/v2\/product_brand?post=2548"},{"taxonomy":"product_cat","embeddable":true,"href":"https:\/\/harly-tea.at\/de\/wp-json\/wp\/v2\/product_cat?post=2548"},{"taxonomy":"product_tag","embeddable":true,"href":"https:\/\/harly-tea.at\/de\/wp-json\/wp\/v2\/product_tag?post=2548"}],"curies":[{"name":"wp","href":"https:\/\/api.w.org\/{rel}","templated":true}]}}