{"id":2551,"date":"2023-01-24T11:40:58","date_gmt":"2023-01-24T10:40:58","guid":{"rendered":"https:\/\/harly-tea.at\/?post_type=product&#038;p=2551"},"modified":"2025-09-18T10:25:56","modified_gmt":"2025-09-18T08:25:56","slug":"annbritt-tasse-und-untere-027l","status":"publish","type":"product","link":"https:\/\/harly-tea.at\/de\/produkt\/annbritt-tasse-und-untere-027l\/","title":{"rendered":"&#8222;Annbritt&#8220; Tasse und Untere 0,27L"},"content":{"rendered":"<p>Diese Tasse mit Unterteller aus Keramik \u00fcberrascht durch eine au\u00dfergew\u00f6hnliche Haptik. Die Kombination aus puristischer Farbgebung und handgearbeiteter Anmutung machen diesen Artikel zu etwas Besonderem. Die neuartige Henkelform rundet diesen Eindruck optisch ab. Zusammen mit der passenden Kanne das perfekte Geschirr f\u00fcr alle Liebhaber des Scandic Living oder Landhaustrends.<\/p>\n<p>Keramik, matt mit Relief<\/p>\n<p>Handbemalt, Sp\u00fclmaschinenfest, Mikrowellengeeignet<\/p>\n","protected":false},"excerpt":{"rendered":"<p>Diese Tasse mit Unterteller aus Keramik \u00fcberrascht durch eine au\u00dfergew\u00f6hnliche Haptik. Die Kombination aus puristischer Farbgebung und handgearbeiteter Anmutung machen<\/p>\n","protected":false},"featured_media":2410,"template":"","meta":[],"product_brand":[],"product_cat":[65],"product_tag":[],"class_list":{"0":"post-2551","1":"product","2":"type-product","3":"status-publish","4":"has-post-thumbnail","6":"product_cat-teekannen-tassen","8":"first","9":"outofstock","10":"sale","11":"taxable","12":"shipping-taxable","13":"purchasable","14":"product-type-simple"},"_links":{"self":[{"href":"https:\/\/harly-tea.at\/de\/wp-json\/wp\/v2\/product\/2551","targetHints":{"allow":["GET"]}}],"collection":[{"href":"https:\/\/harly-tea.at\/de\/wp-json\/wp\/v2\/product"}],"about":[{"href":"https:\/\/harly-tea.at\/de\/wp-json\/wp\/v2\/types\/product"}],"wp:featuredmedia":[{"embeddable":true,"href":"https:\/\/harly-tea.at\/de\/wp-json\/wp\/v2\/media\/2410"}],"wp:attachment":[{"href":"https:\/\/harly-tea.at\/de\/wp-json\/wp\/v2\/media?parent=2551"}],"wp:term":[{"taxonomy":"product_brand","embeddable":true,"href":"https:\/\/harly-tea.at\/de\/wp-json\/wp\/v2\/product_brand?post=2551"},{"taxonomy":"product_cat","embeddable":true,"href":"https:\/\/harly-tea.at\/de\/wp-json\/wp\/v2\/product_cat?post=2551"},{"taxonomy":"product_tag","embeddable":true,"href":"https:\/\/harly-tea.at\/de\/wp-json\/wp\/v2\/product_tag?post=2551"}],"curies":[{"name":"wp","href":"https:\/\/api.w.org\/{rel}","templated":true}]}}