{"id":2552,"date":"2023-01-24T13:38:42","date_gmt":"2023-01-24T12:38:42","guid":{"rendered":"https:\/\/harly-tea.at\/?post_type=product&#038;p=2552"},"modified":"2023-12-08T06:39:33","modified_gmt":"2023-12-08T05:39:33","slug":"nepal-himalaya-dhaulagiri-premium","status":"publish","type":"product","link":"https:\/\/harly-tea.at\/de\/produkt\/nepal-himalaya-dhaulagiri-premium\/","title":{"rendered":"Nepal Himalaya Dhaulagiri Premium"},"content":{"rendered":"<p>Dieser gr\u00fcne Himalaya-Blatt-Tee stammt aus dem Dorf Maipokhari im Osten Nepals und wird im Sommer auf einer H\u00f6he von 1600-2000m geerntet. Diese Rarit\u00e4t hat leicht gerollte Bl\u00e4tter des Typs Nepal Bancha Premium. Der Aufguss ist gelb-gr\u00fcn und der Tee hat einen frischen, floralen Geschmack.<br \/>\nNepalesische Hochgebirtstees werden auf einer H\u00f6he von rund 2000m in unmittelbarer N\u00e4he des Hauptmassivs des Himalaya angebaut. Sie zeichnen sich durch einen reinigenden Charakter aus und helfen, K\u00f6rpe und Geist in Einklang zu bringen. Hochgebirgstees aus dem Himalaya Massiv haben eine wohltuende Wirkung.<\/p>\n<p>Dieser Tee kann mehrmals aufgegossen werden.<\/p>\n<div class=\"row mt-5\">\n   <div class=\"col-md-12 text-center\">\n      <h3>Zubereitungsempfehlung<\/h3>\n   <\/div>\n   <\/div><div class=\"row\">   <div class=\"col-md-4 wc-info-box\">\n      <i class=\"fa fa-3x fa-scale-balanced\"><\/i>\n      <h4>3 Gramm Tee pro 200ml<\/h4>\n      <\/div>   <div class=\"col-md-4 wc-info-box\">\n      <i class=\"fa fa-3x fa-temperature-full\"><\/i>\n      <h4>80\u00b0C Wassertemperatur<\/h4>\n      <\/div>   <div class=\"col-md-4 wc-info-box\">\n      <i class=\"fa fa-3x fa-clock\"><\/i>\n      <h4>3 Minuten Ziehzeit<\/h4>\n      <\/div><\/div>\n","protected":false},"excerpt":{"rendered":"<p>Dieser gr\u00fcne Himalaya-Blatt-Tee stammt aus dem Dorf Maipokhari im Osten Nepals und wird im Sommer auf einer H\u00f6he von 1600-2000m<\/p>\n","protected":false},"featured_media":2485,"template":"","meta":[],"product_brand":[],"product_cat":[17],"product_tag":[],"class_list":{"0":"post-2552","1":"product","2":"type-product","3":"status-publish","4":"has-post-thumbnail","6":"product_cat-gruenertee","8":"first","9":"outofstock","10":"taxable","11":"shipping-taxable","12":"purchasable","13":"product-type-simple"},"_links":{"self":[{"href":"https:\/\/harly-tea.at\/de\/wp-json\/wp\/v2\/product\/2552","targetHints":{"allow":["GET"]}}],"collection":[{"href":"https:\/\/harly-tea.at\/de\/wp-json\/wp\/v2\/product"}],"about":[{"href":"https:\/\/harly-tea.at\/de\/wp-json\/wp\/v2\/types\/product"}],"wp:featuredmedia":[{"embeddable":true,"href":"https:\/\/harly-tea.at\/de\/wp-json\/wp\/v2\/media\/2485"}],"wp:attachment":[{"href":"https:\/\/harly-tea.at\/de\/wp-json\/wp\/v2\/media?parent=2552"}],"wp:term":[{"taxonomy":"product_brand","embeddable":true,"href":"https:\/\/harly-tea.at\/de\/wp-json\/wp\/v2\/product_brand?post=2552"},{"taxonomy":"product_cat","embeddable":true,"href":"https:\/\/harly-tea.at\/de\/wp-json\/wp\/v2\/product_cat?post=2552"},{"taxonomy":"product_tag","embeddable":true,"href":"https:\/\/harly-tea.at\/de\/wp-json\/wp\/v2\/product_tag?post=2552"}],"curies":[{"name":"wp","href":"https:\/\/api.w.org\/{rel}","templated":true}]}}