{"id":2553,"date":"2023-01-24T13:59:20","date_gmt":"2023-01-24T12:59:20","guid":{"rendered":"https:\/\/harly-tea.at\/?post_type=product&#038;p=2553"},"modified":"2023-11-05T07:15:38","modified_gmt":"2023-11-05T06:15:38","slug":"nepal-lhotse-shar-premium","status":"publish","type":"product","link":"https:\/\/harly-tea.at\/de\/produkt\/nepal-lhotse-shar-premium\/","title":{"rendered":"Nepal Lhotse Shar Premium"},"content":{"rendered":"<p>Dieser gr\u00fcne Himalaya-Blatt-Tee stammt aus dem Dorf Maipokhari im Osten Nepals und wird im Sommer auf einer H\u00f6he von 1600-2000m geerntet. Die Teebl\u00e4tter zeichnen sich durch lange, schmale und leicht gewellte Jungtriebe aus und diese Rarit\u00e4t ist nicht ger\u00f6stet, sondern ged\u00e4mpft. Der Geschmack erinnert an japanische Gr\u00fcntees, die Tasse ist hellgelb und der Geschmack blumig-fruchtig.<\/p>\n<p>Dieser Tee kann mehrmals aufgegossen werden.<\/p>\n<div class=\"row mt-5\">\n   <div class=\"col-md-12 text-center\">\n      <h3>Zubereitungsempfehlung<\/h3>\n   <\/div>\n   <\/div><div class=\"row\">   <div class=\"col-md-4 wc-info-box\">\n      <i class=\"fa fa-3x fa-scale-balanced\"><\/i>\n      <h4>3 Gramm Tee pro 200ml<\/h4>\n      <\/div>   <div class=\"col-md-4 wc-info-box\">\n      <i class=\"fa fa-3x fa-temperature-full\"><\/i>\n      <h4>80\u00b0C Wassertemperatur<\/h4>\n      <\/div>   <div class=\"col-md-4 wc-info-box\">\n      <i class=\"fa fa-3x fa-clock\"><\/i>\n      <h4>3 Minuten Ziehzeit<\/h4>\n      <\/div><\/div>\n","protected":false},"excerpt":{"rendered":"<p>Dieser gr\u00fcne Himalaya-Blatt-Tee stammt aus dem Dorf Maipokhari im Osten Nepals und wird im Sommer auf einer H\u00f6he von 1600-2000m<\/p>\n","protected":false},"featured_media":2487,"template":"","meta":[],"product_brand":[],"product_cat":[17],"product_tag":[],"class_list":{"0":"post-2553","1":"product","2":"type-product","3":"status-publish","4":"has-post-thumbnail","6":"product_cat-gruenertee","8":"first","9":"outofstock","10":"taxable","11":"shipping-taxable","12":"purchasable","13":"product-type-simple"},"_links":{"self":[{"href":"https:\/\/harly-tea.at\/de\/wp-json\/wp\/v2\/product\/2553","targetHints":{"allow":["GET"]}}],"collection":[{"href":"https:\/\/harly-tea.at\/de\/wp-json\/wp\/v2\/product"}],"about":[{"href":"https:\/\/harly-tea.at\/de\/wp-json\/wp\/v2\/types\/product"}],"wp:featuredmedia":[{"embeddable":true,"href":"https:\/\/harly-tea.at\/de\/wp-json\/wp\/v2\/media\/2487"}],"wp:attachment":[{"href":"https:\/\/harly-tea.at\/de\/wp-json\/wp\/v2\/media?parent=2553"}],"wp:term":[{"taxonomy":"product_brand","embeddable":true,"href":"https:\/\/harly-tea.at\/de\/wp-json\/wp\/v2\/product_brand?post=2553"},{"taxonomy":"product_cat","embeddable":true,"href":"https:\/\/harly-tea.at\/de\/wp-json\/wp\/v2\/product_cat?post=2553"},{"taxonomy":"product_tag","embeddable":true,"href":"https:\/\/harly-tea.at\/de\/wp-json\/wp\/v2\/product_tag?post=2553"}],"curies":[{"name":"wp","href":"https:\/\/api.w.org\/{rel}","templated":true}]}}