{"id":2600,"date":"2023-01-27T11:13:07","date_gmt":"2023-01-27T10:13:07","guid":{"rendered":"https:\/\/harly-tea.at\/?post_type=product&#038;p=2600"},"modified":"2026-03-16T12:02:20","modified_gmt":"2026-03-16T11:02:20","slug":"bai-ya-bao","status":"publish","type":"product","link":"https:\/\/harly-tea.at\/de\/produkt\/bai-ya-bao\/","title":{"rendered":"BAI YA BAO"},"content":{"rendered":"<p>Diese sonnengetrockneten Pu-Erh Knospen sind ein einzigartiger und besonderer Tee. Sie werden von wild wachsenden Teeb\u00e4umen in der Provinz Yunnan gesammelt. Die Teeknospen m\u00fcssen nicht weiter verarbeitet werden und werden v\u00f6llig naturbelassen in der Sonne getrocknet. Es handelt sich wahrscheinlich um den nat\u00fcrlichsten aller bekannten Tees.<\/p>\n<p><span class=\"Y2IQFc\" lang=\"de\">Die Knospen werden von demselben Teebaum gepfl\u00fcckt, von dem Teebl\u00e4tter f\u00fcr die Herstellung von Puer gesammelt werden. Deshalb werden sie auch als \u201ePuer Buds\u201c bezeichnet.<\/span><\/p>\n<p>Der sehr helle Aufguss \u00fcberrascht mit komplexen Aromen: helles Holz, Erdigkeit, Gurke, Chili und Pfeffer und hat eine lang anhaltende beruhigende, blumige S\u00fc\u00dfe.<\/p>\n","protected":false},"excerpt":{"rendered":"<p>Diese sonnengetrockneten Pu-Erh Knospen sind ein einzigartiger und besonderer Tee. Sie werden von wild wachsenden Teeb\u00e4umen in der Provinz Yunnan<\/p>\n","protected":false},"featured_media":2601,"template":"","meta":[],"product_brand":[],"product_cat":[16,60],"product_tag":[],"class_list":{"0":"post-2600","1":"product","2":"type-product","3":"status-publish","4":"has-post-thumbnail","6":"product_cat-tee","7":"product_cat-weisser-tee","9":"first","10":"instock","11":"taxable","12":"shipping-taxable","13":"purchasable","14":"product-type-simple"},"_links":{"self":[{"href":"https:\/\/harly-tea.at\/de\/wp-json\/wp\/v2\/product\/2600","targetHints":{"allow":["GET"]}}],"collection":[{"href":"https:\/\/harly-tea.at\/de\/wp-json\/wp\/v2\/product"}],"about":[{"href":"https:\/\/harly-tea.at\/de\/wp-json\/wp\/v2\/types\/product"}],"wp:featuredmedia":[{"embeddable":true,"href":"https:\/\/harly-tea.at\/de\/wp-json\/wp\/v2\/media\/2601"}],"wp:attachment":[{"href":"https:\/\/harly-tea.at\/de\/wp-json\/wp\/v2\/media?parent=2600"}],"wp:term":[{"taxonomy":"product_brand","embeddable":true,"href":"https:\/\/harly-tea.at\/de\/wp-json\/wp\/v2\/product_brand?post=2600"},{"taxonomy":"product_cat","embeddable":true,"href":"https:\/\/harly-tea.at\/de\/wp-json\/wp\/v2\/product_cat?post=2600"},{"taxonomy":"product_tag","embeddable":true,"href":"https:\/\/harly-tea.at\/de\/wp-json\/wp\/v2\/product_tag?post=2600"}],"curies":[{"name":"wp","href":"https:\/\/api.w.org\/{rel}","templated":true}]}}