{"id":2628,"date":"2023-01-27T15:52:44","date_gmt":"2023-01-27T14:52:44","guid":{"rendered":"https:\/\/harly-tea.at\/?post_type=product&#038;p=2628"},"modified":"2024-12-23T15:59:38","modified_gmt":"2024-12-23T14:59:38","slug":"achtsamkeit-02-l","status":"publish","type":"product","link":"https:\/\/harly-tea.at\/de\/produkt\/achtsamkeit-02-l\/","title":{"rendered":"Achtsamkeit, 0,2 l"},"content":{"rendered":"<p>Keramikbecher aus New Bone China (hohe Kantenschlagfestigkeit), F\u00fcllmenge 200ml<br \/>\nDurchmesser 73mm, H\u00f6he 80cm<br \/>\nSp\u00fclmaschinengeeignet<\/p>\n","protected":false},"excerpt":{"rendered":"<p>Keramikbecher aus New Bone China (hohe Kantenschlagfestigkeit), F\u00fcllmenge 200ml Durchmesser 73mm, H\u00f6he 80cm Sp\u00fclmaschinengeeignet<\/p>\n","protected":false},"featured_media":2629,"template":"","meta":[],"product_brand":[],"product_cat":[65],"product_tag":[],"class_list":{"0":"post-2628","1":"product","2":"type-product","3":"status-publish","4":"has-post-thumbnail","6":"product_cat-teekannen-tassen","8":"first","9":"outofstock","10":"sale","11":"taxable","12":"shipping-taxable","13":"purchasable","14":"product-type-simple"},"_links":{"self":[{"href":"https:\/\/harly-tea.at\/de\/wp-json\/wp\/v2\/product\/2628","targetHints":{"allow":["GET"]}}],"collection":[{"href":"https:\/\/harly-tea.at\/de\/wp-json\/wp\/v2\/product"}],"about":[{"href":"https:\/\/harly-tea.at\/de\/wp-json\/wp\/v2\/types\/product"}],"wp:featuredmedia":[{"embeddable":true,"href":"https:\/\/harly-tea.at\/de\/wp-json\/wp\/v2\/media\/2629"}],"wp:attachment":[{"href":"https:\/\/harly-tea.at\/de\/wp-json\/wp\/v2\/media?parent=2628"}],"wp:term":[{"taxonomy":"product_brand","embeddable":true,"href":"https:\/\/harly-tea.at\/de\/wp-json\/wp\/v2\/product_brand?post=2628"},{"taxonomy":"product_cat","embeddable":true,"href":"https:\/\/harly-tea.at\/de\/wp-json\/wp\/v2\/product_cat?post=2628"},{"taxonomy":"product_tag","embeddable":true,"href":"https:\/\/harly-tea.at\/de\/wp-json\/wp\/v2\/product_tag?post=2628"}],"curies":[{"name":"wp","href":"https:\/\/api.w.org\/{rel}","templated":true}]}}