{"id":2636,"date":"2023-02-08T13:16:14","date_gmt":"2023-02-08T12:16:14","guid":{"rendered":"https:\/\/harly-tea.at\/?post_type=product&#038;p=2636"},"modified":"2024-06-28T07:31:32","modified_gmt":"2024-06-28T05:31:32","slug":"gaba-oolong-saphir-50g","status":"publish","type":"product","link":"https:\/\/harly-tea.at\/de\/produkt\/gaba-oolong-saphir-50g\/","title":{"rendered":"GABA Oolong Saphir 50g"},"content":{"rendered":"<p>Dieser teiloxidierte (55-60%) Tee wurde in Meishan (Chiayi, Taiwan) auf ca. 1500 m. Seeh\u00f6he angebaut und ist ein gekr\u00e4uselter Oolong der Variet\u00e4t Jin Xuan.<\/p>\n<p>Dieser im Fr\u00fchjahr handgepfl\u00fcckte Tee hat einen leichten,cremigen gleichzeitig blumigen Geschmack.<\/p>\n<p>Besonders macht diesen Tee der signifikant hohe Gehalt an Gamma-Aminobutters\u00e4ure und gilt nat\u00fcrliches Beruhigungsmittel.<\/p>\n<div class=\"row mt-5\">\n   <div class=\"col-md-12 text-center\">\n      <h3>Zubereitungsempfehlung<\/h3>\n   <\/div>\n   <\/div><div class=\"row\">   <div class=\"col-md-4 wc-info-box\">\n      <i class=\"fa fa-3x fa-scale-balanced\"><\/i>\n      <h4>5 Gramm Tee pro 200ml<\/h4>\n      <\/div>   <div class=\"col-md-4 wc-info-box\">\n      <i class=\"fa fa-3x fa-temperature-full\"><\/i>\n      <h4>85\u00b0C Wassertemperatur<\/h4>\n      <\/div>   <div class=\"col-md-4 wc-info-box\">\n      <i class=\"fa fa-3x fa-clock\"><\/i>\n      <h4>4-5 Minuten Ziehzeit<\/h4>\n      <\/div><\/div>\n","protected":false},"excerpt":{"rendered":"<p>Dieser teiloxidierte (55-60%) Tee wurde in Meishan (Chiayi, Taiwan) auf ca. 1500 m. Seeh\u00f6he angebaut und ist ein gekr\u00e4uselter Oolong<\/p>\n","protected":false},"featured_media":2493,"template":"","meta":[],"product_brand":[],"product_cat":[95],"product_tag":[],"class_list":{"0":"post-2636","1":"product","2":"type-product","3":"status-publish","4":"has-post-thumbnail","6":"product_cat-oolong-tee","8":"first","9":"outofstock","10":"taxable","11":"shipping-taxable","12":"purchasable","13":"product-type-simple"},"_links":{"self":[{"href":"https:\/\/harly-tea.at\/de\/wp-json\/wp\/v2\/product\/2636","targetHints":{"allow":["GET"]}}],"collection":[{"href":"https:\/\/harly-tea.at\/de\/wp-json\/wp\/v2\/product"}],"about":[{"href":"https:\/\/harly-tea.at\/de\/wp-json\/wp\/v2\/types\/product"}],"wp:featuredmedia":[{"embeddable":true,"href":"https:\/\/harly-tea.at\/de\/wp-json\/wp\/v2\/media\/2493"}],"wp:attachment":[{"href":"https:\/\/harly-tea.at\/de\/wp-json\/wp\/v2\/media?parent=2636"}],"wp:term":[{"taxonomy":"product_brand","embeddable":true,"href":"https:\/\/harly-tea.at\/de\/wp-json\/wp\/v2\/product_brand?post=2636"},{"taxonomy":"product_cat","embeddable":true,"href":"https:\/\/harly-tea.at\/de\/wp-json\/wp\/v2\/product_cat?post=2636"},{"taxonomy":"product_tag","embeddable":true,"href":"https:\/\/harly-tea.at\/de\/wp-json\/wp\/v2\/product_tag?post=2636"}],"curies":[{"name":"wp","href":"https:\/\/api.w.org\/{rel}","templated":true}]}}