{"id":2637,"date":"2023-02-08T13:29:00","date_gmt":"2023-02-08T12:29:00","guid":{"rendered":"https:\/\/harly-tea.at\/?post_type=product&#038;p=2637"},"modified":"2026-04-05T12:01:18","modified_gmt":"2026-04-05T10:01:18","slug":"suedkorea-dark-oolong-1st-grade-50g","status":"publish","type":"product","link":"https:\/\/harly-tea.at\/de\/produkt\/suedkorea-dark-oolong-1st-grade-50g\/","title":{"rendered":"S\u00fcdkorea &#8211; Dark Oolong 1st Grade 50g"},"content":{"rendered":"<p>Auf der s\u00fcdlichen Spitze Koreas, auf der Insel JEJU, wird der Stolz der Nation in einer sagenhaften, \u00fcppigen Landschaft kultiviert.<\/p>\n<p>Die traditionallen, langen, dunkelgr\u00fcnen Bl\u00e4tter sind wie Halbmonde geformt, was ihnen ein majest\u00e4tisches und elegantes Aussehen verleiht.<\/p>\n","protected":false},"excerpt":{"rendered":"<p>Auf der s\u00fcdlichen Spitze Koreas, auf der Insel JEJU, wird der Stolz der Nation in einer sagenhaften, \u00fcppigen Landschaft kultiviert.<\/p>\n","protected":false},"featured_media":2491,"template":"","meta":[],"product_brand":[],"product_cat":[95],"product_tag":[],"class_list":{"0":"post-2637","1":"product","2":"type-product","3":"status-publish","4":"has-post-thumbnail","6":"product_cat-oolong-tee","8":"first","9":"outofstock","10":"taxable","11":"shipping-taxable","12":"purchasable","13":"product-type-simple"},"_links":{"self":[{"href":"https:\/\/harly-tea.at\/de\/wp-json\/wp\/v2\/product\/2637","targetHints":{"allow":["GET"]}}],"collection":[{"href":"https:\/\/harly-tea.at\/de\/wp-json\/wp\/v2\/product"}],"about":[{"href":"https:\/\/harly-tea.at\/de\/wp-json\/wp\/v2\/types\/product"}],"wp:featuredmedia":[{"embeddable":true,"href":"https:\/\/harly-tea.at\/de\/wp-json\/wp\/v2\/media\/2491"}],"wp:attachment":[{"href":"https:\/\/harly-tea.at\/de\/wp-json\/wp\/v2\/media?parent=2637"}],"wp:term":[{"taxonomy":"product_brand","embeddable":true,"href":"https:\/\/harly-tea.at\/de\/wp-json\/wp\/v2\/product_brand?post=2637"},{"taxonomy":"product_cat","embeddable":true,"href":"https:\/\/harly-tea.at\/de\/wp-json\/wp\/v2\/product_cat?post=2637"},{"taxonomy":"product_tag","embeddable":true,"href":"https:\/\/harly-tea.at\/de\/wp-json\/wp\/v2\/product_tag?post=2637"}],"curies":[{"name":"wp","href":"https:\/\/api.w.org\/{rel}","templated":true}]}}