{"id":2638,"date":"2023-02-08T13:38:03","date_gmt":"2023-02-08T12:38:03","guid":{"rendered":"https:\/\/harly-tea.at\/?post_type=product&#038;p=2638"},"modified":"2023-07-07T16:59:31","modified_gmt":"2023-07-07T14:59:31","slug":"nepal-nanga-parbat-premium","status":"publish","type":"product","link":"https:\/\/harly-tea.at\/de\/produkt\/nepal-nanga-parbat-premium\/","title":{"rendered":"Nepal &#8211; Nanga Parbat Premium"},"content":{"rendered":"<p>Hochgebirgstee (1600 &#8211; 2000 m) aus dem Dorf Maipokhari, Ilam mitten im Himalaya.<\/p>\n<p>Leicht gekr\u00e4uselte junge Triebe, 90% ger\u00f6stet, Aufgu\u00df hat einen Karamell-Nuss-Akzent.<\/p>\n<div class=\"row mt-5\">\n   <div class=\"col-md-12 text-center\">\n      <h3>Zubereitungsempfehlung<\/h3>\n   <\/div>\n   <\/div><div class=\"row\">   <div class=\"col-md-4 wc-info-box\">\n      <i class=\"fa fa-3x fa-scale-balanced\"><\/i>\n      <h4>3-4 Gramm Tee pro 200ml<\/h4>\n      <\/div>   <div class=\"col-md-4 wc-info-box\">\n      <i class=\"fa fa-3x fa-temperature-full\"><\/i>\n      <h4>90-100\u00b0C Wassertemperatur<\/h4>\n      <\/div>   <div class=\"col-md-4 wc-info-box\">\n      <i class=\"fa fa-3x fa-clock\"><\/i>\n      <h4>3 Minuten Ziehzeit<\/h4>\n      <\/div><\/div>\n","protected":false},"excerpt":{"rendered":"<p>Hochgebirgstee (1600 &#8211; 2000 m) aus dem Dorf Maipokhari, Ilam mitten im Himalaya. Leicht gekr\u00e4uselte junge Triebe, 90% ger\u00f6stet, Aufgu\u00df<\/p>\n","protected":false},"featured_media":2489,"template":"","meta":[],"product_brand":[],"product_cat":[58],"product_tag":[],"class_list":{"0":"post-2638","1":"product","2":"type-product","3":"status-publish","4":"has-post-thumbnail","6":"product_cat-schwarztee","8":"first","9":"outofstock","10":"taxable","11":"shipping-taxable","12":"purchasable","13":"product-type-simple"},"_links":{"self":[{"href":"https:\/\/harly-tea.at\/de\/wp-json\/wp\/v2\/product\/2638","targetHints":{"allow":["GET"]}}],"collection":[{"href":"https:\/\/harly-tea.at\/de\/wp-json\/wp\/v2\/product"}],"about":[{"href":"https:\/\/harly-tea.at\/de\/wp-json\/wp\/v2\/types\/product"}],"wp:featuredmedia":[{"embeddable":true,"href":"https:\/\/harly-tea.at\/de\/wp-json\/wp\/v2\/media\/2489"}],"wp:attachment":[{"href":"https:\/\/harly-tea.at\/de\/wp-json\/wp\/v2\/media?parent=2638"}],"wp:term":[{"taxonomy":"product_brand","embeddable":true,"href":"https:\/\/harly-tea.at\/de\/wp-json\/wp\/v2\/product_brand?post=2638"},{"taxonomy":"product_cat","embeddable":true,"href":"https:\/\/harly-tea.at\/de\/wp-json\/wp\/v2\/product_cat?post=2638"},{"taxonomy":"product_tag","embeddable":true,"href":"https:\/\/harly-tea.at\/de\/wp-json\/wp\/v2\/product_tag?post=2638"}],"curies":[{"name":"wp","href":"https:\/\/api.w.org\/{rel}","templated":true}]}}