{"id":2657,"date":"2023-02-17T14:40:42","date_gmt":"2023-02-17T13:40:42","guid":{"rendered":"https:\/\/harly-tea.at\/?post_type=product&#038;p=2657"},"modified":"2024-11-14T15:30:57","modified_gmt":"2024-11-14T14:30:57","slug":"dhajea-darjeeling-ftgfop1","status":"publish","type":"product","link":"https:\/\/harly-tea.at\/de\/produkt\/dhajea-darjeeling-ftgfop1\/","title":{"rendered":"Dhajea Darjeeling FTGFOP1"},"content":{"rendered":"<p>Dieser Gr\u00fcntee stammt aus dem Rungbong Valley in Darjeeling. \u00dcbersetzt bedeutet der Plantagenname &#8211; Ort der Gebetsfahnen-, die als buddhistisches Szmbol in der Region allgegenw\u00e4rtig sind.<\/p>\n<p>Der Tee ist fruchtig-frisch und hat eine hellgelbe Tasse.<\/p>\n<div class=\"row mt-5\">\n   <div class=\"col-md-12 text-center\">\n      <h3>Zubereitungsempfehlung<\/h3>\n   <\/div>\n   <\/div><div class=\"row\">   <div class=\"col-md-4 wc-info-box\">\n      <i class=\"fa fa-3x fa-scale-balanced\"><\/i>\n      <h4>3-4 Gramm Tee pro 200ml<\/h4>\n      <\/div>   <div class=\"col-md-4 wc-info-box\">\n      <i class=\"fa fa-3x fa-temperature-full\"><\/i>\n      <h4>80\u00b0C Wassertemperatur<\/h4>\n      <\/div>   <div class=\"col-md-4 wc-info-box\">\n      <i class=\"fa fa-3x fa-clock\"><\/i>\n      <h4>3 Minuten Ziehzeit<\/h4>\n      <\/div><\/div>\n","protected":false},"excerpt":{"rendered":"<p>Dieser Gr\u00fcntee stammt aus dem Rungbong Valley in Darjeeling. \u00dcbersetzt bedeutet der Plantagenname &#8211; Ort der Gebetsfahnen-, die als buddhistisches<\/p>\n","protected":false},"featured_media":2481,"template":"","meta":[],"product_brand":[],"product_cat":[17,16],"product_tag":[],"class_list":{"0":"post-2657","1":"product","2":"type-product","3":"status-publish","4":"has-post-thumbnail","6":"product_cat-gruenertee","7":"product_cat-tee","9":"first","10":"outofstock","11":"taxable","12":"shipping-taxable","13":"purchasable","14":"product-type-simple"},"_links":{"self":[{"href":"https:\/\/harly-tea.at\/de\/wp-json\/wp\/v2\/product\/2657","targetHints":{"allow":["GET"]}}],"collection":[{"href":"https:\/\/harly-tea.at\/de\/wp-json\/wp\/v2\/product"}],"about":[{"href":"https:\/\/harly-tea.at\/de\/wp-json\/wp\/v2\/types\/product"}],"wp:featuredmedia":[{"embeddable":true,"href":"https:\/\/harly-tea.at\/de\/wp-json\/wp\/v2\/media\/2481"}],"wp:attachment":[{"href":"https:\/\/harly-tea.at\/de\/wp-json\/wp\/v2\/media?parent=2657"}],"wp:term":[{"taxonomy":"product_brand","embeddable":true,"href":"https:\/\/harly-tea.at\/de\/wp-json\/wp\/v2\/product_brand?post=2657"},{"taxonomy":"product_cat","embeddable":true,"href":"https:\/\/harly-tea.at\/de\/wp-json\/wp\/v2\/product_cat?post=2657"},{"taxonomy":"product_tag","embeddable":true,"href":"https:\/\/harly-tea.at\/de\/wp-json\/wp\/v2\/product_tag?post=2657"}],"curies":[{"name":"wp","href":"https:\/\/api.w.org\/{rel}","templated":true}]}}