{"id":2663,"date":"2023-02-17T15:26:00","date_gmt":"2023-02-17T14:26:00","guid":{"rendered":"https:\/\/harly-tea.at\/?post_type=product&#038;p=2663"},"modified":"2026-03-12T11:37:28","modified_gmt":"2026-03-12T10:37:28","slug":"kukicha-bio","status":"publish","type":"product","link":"https:\/\/harly-tea.at\/de\/produkt\/kukicha-bio\/","title":{"rendered":"Kukicha Bio"},"content":{"rendered":"<p>Hier k\u00f6nnen wir einen in Japan sehr popul\u00e4ren Tee der hochwertigen Kategorie anbieten. Bei dieser Qualit\u00e4t werden in erster Linie die feinen Blattrispen verarbeitet und mit Sencha vermischt. Die feinen, hellgr\u00fcnen Blattstengel bilden mit dem dunkelgr\u00fcnen Sencha eine sehr sch\u00f6ne Optik.<\/p>\n<p>Dieser Klassiker ist besonders wegen seines geringen Koffeingehaltes sehr beliebt. Geschmacklich gleicht er mit seiner feinherben, sehr angenehm w\u00fcrzigen Note einem typischen japanischen Sencha hochwertiger Kategorie.<\/p>\n<p>Die Tasse wirkt zitronengelb. Die hellgr\u00fcne Infusion entfaltet ein wollw\u00fcrziges Aroma.<\/p>\n<div class=\"row mt-5\">\n   <div class=\"col-md-12 text-center\">\n      <h3>Zubereitungsempfehlung<\/h3>\n   <\/div>\n   <\/div><div class=\"row\">   <div class=\"col-md-4 wc-info-box\">\n      <i class=\"fa fa-3x fa-scale-balanced\"><\/i>\n      <h4>3-4 Gramm Tee pro 200ml<\/h4>\n      <\/div>   <div class=\"col-md-4 wc-info-box\">\n      <i class=\"fa fa-3x fa-temperature-full\"><\/i>\n      <h4>70\u00b0C Wassertemperatur<\/h4>\n      <\/div>   <div class=\"col-md-4 wc-info-box\">\n      <i class=\"fa fa-3x fa-clock\"><\/i>\n      <h4>2 Minuten Ziehzeit<\/h4>\n      <\/div><\/div>\n","protected":false},"excerpt":{"rendered":"<p>Hier k\u00f6nnen wir einen in Japan sehr popul\u00e4ren Tee der hochwertigen Kategorie anbieten. Bei dieser Qualit\u00e4t werden in erster Linie<\/p>\n","protected":false},"featured_media":2661,"template":"","meta":[],"product_brand":[],"product_cat":[17,16],"product_tag":[],"class_list":{"0":"post-2663","1":"product","2":"type-product","3":"status-publish","4":"has-post-thumbnail","6":"product_cat-gruenertee","7":"product_cat-tee","9":"first","10":"outofstock","11":"taxable","12":"shipping-taxable","13":"purchasable","14":"product-type-simple"},"_links":{"self":[{"href":"https:\/\/harly-tea.at\/de\/wp-json\/wp\/v2\/product\/2663","targetHints":{"allow":["GET"]}}],"collection":[{"href":"https:\/\/harly-tea.at\/de\/wp-json\/wp\/v2\/product"}],"about":[{"href":"https:\/\/harly-tea.at\/de\/wp-json\/wp\/v2\/types\/product"}],"wp:featuredmedia":[{"embeddable":true,"href":"https:\/\/harly-tea.at\/de\/wp-json\/wp\/v2\/media\/2661"}],"wp:attachment":[{"href":"https:\/\/harly-tea.at\/de\/wp-json\/wp\/v2\/media?parent=2663"}],"wp:term":[{"taxonomy":"product_brand","embeddable":true,"href":"https:\/\/harly-tea.at\/de\/wp-json\/wp\/v2\/product_brand?post=2663"},{"taxonomy":"product_cat","embeddable":true,"href":"https:\/\/harly-tea.at\/de\/wp-json\/wp\/v2\/product_cat?post=2663"},{"taxonomy":"product_tag","embeddable":true,"href":"https:\/\/harly-tea.at\/de\/wp-json\/wp\/v2\/product_tag?post=2663"}],"curies":[{"name":"wp","href":"https:\/\/api.w.org\/{rel}","templated":true}]}}