{"id":2669,"date":"2023-02-17T17:52:31","date_gmt":"2023-02-17T16:52:31","guid":{"rendered":"https:\/\/harly-tea.at\/?post_type=product&#038;p=2669"},"modified":"2023-02-17T17:52:31","modified_gmt":"2023-02-17T16:52:31","slug":"jing-shuan-oolong","status":"publish","type":"product","link":"https:\/\/harly-tea.at\/de\/produkt\/jing-shuan-oolong\/","title":{"rendered":"JING SHUAN OOLONG"},"content":{"rendered":"<p>Eine exklusive Oolong Spezialit\u00e4t aus dem Norden Thailands angrenzend zu Myanmar und Laos. In H\u00f6henlage von 400 bis 700 m, umgeben von W\u00e4ldern und verw\u00f6hnt von gleichbleibenden Niederschl\u00e4gen k\u00f6nnen ganzj\u00e4hrig au\u00dfergew\u00f6hnliche Teespezialit\u00e4ten produziert werden.<\/p>\n<p>Typisch f\u00fcr diesen, zu kleinen gedrehten olivgr\u00fcnen Perlen; weich-cremige S\u00fc\u00dfe und eine feine Note von Orchideen.\u00a0 Nachdem Aufgie\u00dfen entfalten sich die Perlen zu \u00fcberraschend langen, leicht gewellten Bl\u00e4ttern und bieten einen melonengelben Aufguss.<\/p>\n<div class=\"row mt-5\">\n   <div class=\"col-md-12 text-center\">\n      <h3>Zubereitungsempfehlung<\/h3>\n   <\/div>\n   <\/div><div class=\"row\">   <div class=\"col-md-4 wc-info-box\">\n      <i class=\"fa fa-3x fa-scale-balanced\"><\/i>\n      <h4>3-4 Gramm Tee pro 200ml<\/h4>\n      <\/div>   <div class=\"col-md-4 wc-info-box\">\n      <i class=\"fa fa-3x fa-temperature-full\"><\/i>\n      <h4>90\u00b0C Wassertemperatur<\/h4>\n      <\/div>   <div class=\"col-md-4 wc-info-box\">\n      <i class=\"fa fa-3x fa-clock\"><\/i>\n      <h4>3 Minuten Ziehzeit<\/h4>\n      <\/div><\/div>\n","protected":false},"excerpt":{"rendered":"<p>Eine exklusive Oolong Spezialit\u00e4t aus dem Norden Thailands angrenzend zu Myanmar und Laos. In H\u00f6henlage von 400 bis 700 m,<\/p>\n","protected":false},"featured_media":2391,"template":"","meta":[],"product_brand":[],"product_cat":[95,16],"product_tag":[],"class_list":{"0":"post-2669","1":"product","2":"type-product","3":"status-publish","4":"has-post-thumbnail","6":"product_cat-oolong-tee","7":"product_cat-tee","9":"first","10":"instock","11":"taxable","12":"shipping-taxable","13":"purchasable","14":"product-type-simple"},"_links":{"self":[{"href":"https:\/\/harly-tea.at\/de\/wp-json\/wp\/v2\/product\/2669","targetHints":{"allow":["GET"]}}],"collection":[{"href":"https:\/\/harly-tea.at\/de\/wp-json\/wp\/v2\/product"}],"about":[{"href":"https:\/\/harly-tea.at\/de\/wp-json\/wp\/v2\/types\/product"}],"wp:featuredmedia":[{"embeddable":true,"href":"https:\/\/harly-tea.at\/de\/wp-json\/wp\/v2\/media\/2391"}],"wp:attachment":[{"href":"https:\/\/harly-tea.at\/de\/wp-json\/wp\/v2\/media?parent=2669"}],"wp:term":[{"taxonomy":"product_brand","embeddable":true,"href":"https:\/\/harly-tea.at\/de\/wp-json\/wp\/v2\/product_brand?post=2669"},{"taxonomy":"product_cat","embeddable":true,"href":"https:\/\/harly-tea.at\/de\/wp-json\/wp\/v2\/product_cat?post=2669"},{"taxonomy":"product_tag","embeddable":true,"href":"https:\/\/harly-tea.at\/de\/wp-json\/wp\/v2\/product_tag?post=2669"}],"curies":[{"name":"wp","href":"https:\/\/api.w.org\/{rel}","templated":true}]}}