{"id":2676,"date":"2023-02-18T12:54:36","date_gmt":"2023-02-18T11:54:36","guid":{"rendered":"https:\/\/harly-tea.at\/?post_type=product&#038;p=2676"},"modified":"2025-10-15T22:02:17","modified_gmt":"2025-10-15T20:02:17","slug":"oriental-beauty-taiwan","status":"publish","type":"product","link":"https:\/\/harly-tea.at\/de\/produkt\/oriental-beauty-taiwan\/","title":{"rendered":"Oriental Beauty Taiwan"},"content":{"rendered":"<p>Oriental Beauty ist einer der ber\u00fchmtesten Oolongs aus Taiwan. Feinste, wei\u00dfe Blattspitzenkr\u00f6nen das wundersch\u00f6ne Oolong-Blatt. Auch in der Infusion ist Blattstruktur der ganzen Triebe seht gut erkennbar.<\/p>\n<p>Ein intensives, blumiges Bouquet und eine hoch aromatische, sehr weiche Tasse wirken \u00fcberw\u00e4ltigend. Eine leichte, brotige W\u00fcrze und ein zarter Schmelz erg\u00e4nzen diesen au\u00dfergew\u00f6hnlichen Genuss.\u00a0 Ein Spitzentee f\u00fcr Kenner, dessen edler Geschmack lange am Gaumen verweilt. Diese einzigartige Kostbarkeit ist gepr\u00e4gt von hocharomatischer S\u00fc\u00dfe und ausgepr\u00e4gter Blume.<\/p>\n<p>Limitierte Produktion<\/p>\n<div class=\"row mt-5\">\n   <div class=\"col-md-12 text-center\">\n      <h3>Zubereitungsempfehlung<\/h3>\n   <\/div>\n   <\/div><div class=\"row\">   <div class=\"col-md-4 wc-info-box\">\n      <i class=\"fa fa-3x fa-scale-balanced\"><\/i>\n      <h4>3-4 Gramm Tee pro 200ml<\/h4>\n      <\/div>   <div class=\"col-md-4 wc-info-box\">\n      <i class=\"fa fa-3x fa-temperature-full\"><\/i>\n      <h4>90\u00b0C Wassertemperatur<\/h4>\n      <\/div>   <div class=\"col-md-4 wc-info-box\">\n      <i class=\"fa fa-3x fa-clock\"><\/i>\n      <h4>3 Minuten Ziehzeit<\/h4>\n      <\/div><\/div>\n","protected":false},"excerpt":{"rendered":"<p>Oriental Beauty ist einer der ber\u00fchmtesten Oolongs aus Taiwan. Feinste, wei\u00dfe Blattspitzenkr\u00f6nen das wundersch\u00f6ne Oolong-Blatt. Auch in der Infusion ist<\/p>\n","protected":false},"featured_media":2670,"template":"","meta":[],"product_brand":[],"product_cat":[16],"product_tag":[],"class_list":{"0":"post-2676","1":"product","2":"type-product","3":"status-publish","4":"has-post-thumbnail","6":"product_cat-tee","8":"first","9":"outofstock","10":"taxable","11":"shipping-taxable","12":"purchasable","13":"product-type-simple"},"_links":{"self":[{"href":"https:\/\/harly-tea.at\/de\/wp-json\/wp\/v2\/product\/2676","targetHints":{"allow":["GET"]}}],"collection":[{"href":"https:\/\/harly-tea.at\/de\/wp-json\/wp\/v2\/product"}],"about":[{"href":"https:\/\/harly-tea.at\/de\/wp-json\/wp\/v2\/types\/product"}],"wp:featuredmedia":[{"embeddable":true,"href":"https:\/\/harly-tea.at\/de\/wp-json\/wp\/v2\/media\/2670"}],"wp:attachment":[{"href":"https:\/\/harly-tea.at\/de\/wp-json\/wp\/v2\/media?parent=2676"}],"wp:term":[{"taxonomy":"product_brand","embeddable":true,"href":"https:\/\/harly-tea.at\/de\/wp-json\/wp\/v2\/product_brand?post=2676"},{"taxonomy":"product_cat","embeddable":true,"href":"https:\/\/harly-tea.at\/de\/wp-json\/wp\/v2\/product_cat?post=2676"},{"taxonomy":"product_tag","embeddable":true,"href":"https:\/\/harly-tea.at\/de\/wp-json\/wp\/v2\/product_tag?post=2676"}],"curies":[{"name":"wp","href":"https:\/\/api.w.org\/{rel}","templated":true}]}}