{"id":2681,"date":"2023-02-21T14:43:50","date_gmt":"2023-02-21T13:43:50","guid":{"rendered":"https:\/\/harly-tea.at\/?post_type=product&#038;p=2681"},"modified":"2024-04-07T17:09:05","modified_gmt":"2024-04-07T15:09:05","slug":"fastenzeittee","status":"publish","type":"product","link":"https:\/\/harly-tea.at\/de\/produkt\/fastenzeittee\/","title":{"rendered":"FastenzeitTee"},"content":{"rendered":"<p>Eine in Zeiten der Enthaltsamkeit unterst\u00fctzend wirkende, unter Ber\u00fccksichtigung indischer Rezepturen\u00a0<b>harmonisch<\/b>\u00a0aufeinander abgestimmte Mischung.<\/p>\n<p>Der intensive,\u00a0<b>w\u00fcrzig-blumige<\/b>\u00a0Duft und Geschmack l\u00e4sst alle Zutaten voll zur Entfaltung kommen. Besonders der etwas\u00a0<b>herbe<\/b>\u00a0Geschmack der Mate wird optimal durch die\u00a0<b>frische<\/b>\u00a0Zitronengras-Note erg\u00e4nzt. Diese Mischung schmeckt warm und kalt hervorragend und erleichtert gewiss jede Fastenzeit.<\/p>\n<p>Zutaten: gr\u00fcner Mate-Tee, Zitronengras, Hagebuttenschalen, Ingwerst\u00fccke, schwarzer Pfeffer, ganzer Kardamom, Basilikum, Rosenbl\u00fcten, r\u00f6mische Kamille.<br \/>\nWichtig: Immer mit sprudelnd kochendem Wasser aufgie\u00dfen, mindestens 5-10 Minuten ziehen lassen! Nur so erhalten Sie ein sicheres Lebensmittel<\/p>\n<div class=\"row mt-5\">\n   <div class=\"col-md-12 text-center\">\n      <h3>Zubereitungsempfehlung<\/h3>\n   <\/div>\n   <\/div><div class=\"row\">   <div class=\"col-md-4 wc-info-box\">\n      <i class=\"fa fa-3x fa-scale-balanced\"><\/i>\n      <h4>5 Gramm Tee pro 200ml<\/h4>\n      <\/div>   <div class=\"col-md-4 wc-info-box\">\n      <i class=\"fa fa-3x fa-temperature-full\"><\/i>\n      <h4>100\u00b0C Wassertemperatur<\/h4>\n      <\/div>   <div class=\"col-md-4 wc-info-box\">\n      <i class=\"fa fa-3x fa-clock\"><\/i>\n      <h4>5-8 Minuten Ziehzeit<\/h4>\n      <\/div><\/div>\n","protected":false},"excerpt":{"rendered":"<p>Eine in Zeiten der Enthaltsamkeit unterst\u00fctzend wirkende, unter Ber\u00fccksichtigung indischer Rezepturen\u00a0harmonisch\u00a0aufeinander abgestimmte Mischung. Der intensive,\u00a0w\u00fcrzig-blumige\u00a0Duft und Geschmack l\u00e4sst alle Zutaten<\/p>\n","protected":false},"featured_media":2679,"template":"","meta":[],"product_brand":[],"product_cat":[105,16],"product_tag":[],"class_list":{"0":"post-2681","1":"product","2":"type-product","3":"status-publish","4":"has-post-thumbnail","6":"product_cat-kraeutertee","7":"product_cat-tee","9":"first","10":"outofstock","11":"taxable","12":"shipping-taxable","13":"purchasable","14":"product-type-simple"},"_links":{"self":[{"href":"https:\/\/harly-tea.at\/de\/wp-json\/wp\/v2\/product\/2681","targetHints":{"allow":["GET"]}}],"collection":[{"href":"https:\/\/harly-tea.at\/de\/wp-json\/wp\/v2\/product"}],"about":[{"href":"https:\/\/harly-tea.at\/de\/wp-json\/wp\/v2\/types\/product"}],"wp:featuredmedia":[{"embeddable":true,"href":"https:\/\/harly-tea.at\/de\/wp-json\/wp\/v2\/media\/2679"}],"wp:attachment":[{"href":"https:\/\/harly-tea.at\/de\/wp-json\/wp\/v2\/media?parent=2681"}],"wp:term":[{"taxonomy":"product_brand","embeddable":true,"href":"https:\/\/harly-tea.at\/de\/wp-json\/wp\/v2\/product_brand?post=2681"},{"taxonomy":"product_cat","embeddable":true,"href":"https:\/\/harly-tea.at\/de\/wp-json\/wp\/v2\/product_cat?post=2681"},{"taxonomy":"product_tag","embeddable":true,"href":"https:\/\/harly-tea.at\/de\/wp-json\/wp\/v2\/product_tag?post=2681"}],"curies":[{"name":"wp","href":"https:\/\/api.w.org\/{rel}","templated":true}]}}