{"id":2695,"date":"2023-02-24T12:20:40","date_gmt":"2023-02-24T11:20:40","guid":{"rendered":"https:\/\/harly-tea.at\/?post_type=product&#038;p=2695"},"modified":"2025-08-25T13:08:48","modified_gmt":"2025-08-25T11:08:48","slug":"ceylon-broken-orange-pekoe-uva-highland","status":"publish","type":"product","link":"https:\/\/harly-tea.at\/de\/produkt\/ceylon-broken-orange-pekoe-uva-highland\/","title":{"rendered":"Ceylon Broken Orange Pekoe UVA HIGHLAND"},"content":{"rendered":"<p>Ein extraktreicher, kr\u00e4ftiger und w\u00fcrziger Broken-Tee aus der Uva-Sommerernte mit leuchtend-kupferfarbener Tasse. Eine Spur S\u00fc\u00dfe bringt die volle Entfaltung.<\/p>\n<div class=\"row mt-5\">\n   <div class=\"col-md-12 text-center\">\n      <h3>Zubereitungsempfehlung<\/h3>\n   <\/div>\n   <\/div><div class=\"row\">   <div class=\"col-md-4 wc-info-box\">\n      <i class=\"fa fa-3x fa-scale-balanced\"><\/i>\n      <h4>3-4 Gramm Tee pro 200ml<\/h4>\n      <\/div>   <div class=\"col-md-4 wc-info-box\">\n      <i class=\"fa fa-3x fa-temperature-full\"><\/i>\n      <h4>90-100\u00b0C Wassertemperatur<\/h4>\n      <\/div>   <div class=\"col-md-4 wc-info-box\">\n      <i class=\"fa fa-3x fa-clock\"><\/i>\n      <h4>3 Minuten Ziehzeit<\/h4>\n      <\/div><\/div>\n<p>&nbsp;<\/p>\n","protected":false},"excerpt":{"rendered":"<p>Ein extraktreicher, kr\u00e4ftiger und w\u00fcrziger Broken-Tee aus der Uva-Sommerernte mit leuchtend-kupferfarbener Tasse. Eine Spur S\u00fc\u00dfe bringt die volle Entfaltung. &nbsp;<\/p>\n","protected":false},"featured_media":2693,"template":"","meta":[],"product_brand":[],"product_cat":[58],"product_tag":[],"class_list":{"0":"post-2695","1":"product","2":"type-product","3":"status-publish","4":"has-post-thumbnail","6":"product_cat-schwarztee","8":"first","9":"instock","10":"taxable","11":"shipping-taxable","12":"purchasable","13":"product-type-simple"},"_links":{"self":[{"href":"https:\/\/harly-tea.at\/de\/wp-json\/wp\/v2\/product\/2695","targetHints":{"allow":["GET"]}}],"collection":[{"href":"https:\/\/harly-tea.at\/de\/wp-json\/wp\/v2\/product"}],"about":[{"href":"https:\/\/harly-tea.at\/de\/wp-json\/wp\/v2\/types\/product"}],"wp:featuredmedia":[{"embeddable":true,"href":"https:\/\/harly-tea.at\/de\/wp-json\/wp\/v2\/media\/2693"}],"wp:attachment":[{"href":"https:\/\/harly-tea.at\/de\/wp-json\/wp\/v2\/media?parent=2695"}],"wp:term":[{"taxonomy":"product_brand","embeddable":true,"href":"https:\/\/harly-tea.at\/de\/wp-json\/wp\/v2\/product_brand?post=2695"},{"taxonomy":"product_cat","embeddable":true,"href":"https:\/\/harly-tea.at\/de\/wp-json\/wp\/v2\/product_cat?post=2695"},{"taxonomy":"product_tag","embeddable":true,"href":"https:\/\/harly-tea.at\/de\/wp-json\/wp\/v2\/product_tag?post=2695"}],"curies":[{"name":"wp","href":"https:\/\/api.w.org\/{rel}","templated":true}]}}