{"id":2700,"date":"2023-02-24T16:59:58","date_gmt":"2023-02-24T15:59:58","guid":{"rendered":"https:\/\/harly-tea.at\/?post_type=product&#038;p=2700"},"modified":"2023-02-24T16:59:58","modified_gmt":"2023-02-24T15:59:58","slug":"darjeeling-second-flush-ftgfop1-risheethat-k-b-a","status":"publish","type":"product","link":"https:\/\/harly-tea.at\/de\/produkt\/darjeeling-second-flush-ftgfop1-risheethat-k-b-a\/","title":{"rendered":"Darjeeling Second Flush FTGFOP1 RISHEETHAT k.b.A."},"content":{"rendered":"<p>Ein ausgepr\u00e4gter Sommertee mit viel K\u00f6rper und F\u00fclle. Ganz typisch f\u00fcr diesen Tee sind die silbrigen Spitzen im fein gearbeiteten Blatt, die dunkle, mahagonifarbene Tasse und der ausgereifte Muscatel-Charakter. Ein sehr bek\u00f6mmlicher Tee, der auch f\u00fcr die Nachmittagsstunden bestens geeignet ist.<\/p>\n<div class=\"row mt-5\">\n   <div class=\"col-md-12 text-center\">\n      <h3>Zubereitungsempfehlung<\/h3>\n   <\/div>\n   <\/div><div class=\"row\">   <div class=\"col-md-4 wc-info-box\">\n      <i class=\"fa fa-3x fa-scale-balanced\"><\/i>\n      <h4>3-4 Gramm Tee pro 200ml<\/h4>\n      <\/div>   <div class=\"col-md-4 wc-info-box\">\n      <i class=\"fa fa-3x fa-temperature-full\"><\/i>\n      <h4>90-100\u00b0C Wassertemperatur<\/h4>\n      <\/div>   <div class=\"col-md-4 wc-info-box\">\n      <i class=\"fa fa-3x fa-clock\"><\/i>\n      <h4>3 Minuten Ziehzeit<\/h4>\n      <\/div><\/div>\n","protected":false},"excerpt":{"rendered":"<p>Ein ausgepr\u00e4gter Sommertee mit viel K\u00f6rper und F\u00fclle. Ganz typisch f\u00fcr diesen Tee sind die silbrigen Spitzen im fein gearbeiteten<\/p>\n","protected":false},"featured_media":2701,"template":"","meta":[],"product_brand":[],"product_cat":[58],"product_tag":[],"class_list":{"0":"post-2700","1":"product","2":"type-product","3":"status-publish","4":"has-post-thumbnail","6":"product_cat-schwarztee","8":"first","9":"instock","10":"taxable","11":"shipping-taxable","12":"purchasable","13":"product-type-simple"},"_links":{"self":[{"href":"https:\/\/harly-tea.at\/de\/wp-json\/wp\/v2\/product\/2700","targetHints":{"allow":["GET"]}}],"collection":[{"href":"https:\/\/harly-tea.at\/de\/wp-json\/wp\/v2\/product"}],"about":[{"href":"https:\/\/harly-tea.at\/de\/wp-json\/wp\/v2\/types\/product"}],"wp:featuredmedia":[{"embeddable":true,"href":"https:\/\/harly-tea.at\/de\/wp-json\/wp\/v2\/media\/2701"}],"wp:attachment":[{"href":"https:\/\/harly-tea.at\/de\/wp-json\/wp\/v2\/media?parent=2700"}],"wp:term":[{"taxonomy":"product_brand","embeddable":true,"href":"https:\/\/harly-tea.at\/de\/wp-json\/wp\/v2\/product_brand?post=2700"},{"taxonomy":"product_cat","embeddable":true,"href":"https:\/\/harly-tea.at\/de\/wp-json\/wp\/v2\/product_cat?post=2700"},{"taxonomy":"product_tag","embeddable":true,"href":"https:\/\/harly-tea.at\/de\/wp-json\/wp\/v2\/product_tag?post=2700"}],"curies":[{"name":"wp","href":"https:\/\/api.w.org\/{rel}","templated":true}]}}