{"id":2706,"date":"2023-02-24T17:30:54","date_gmt":"2023-02-24T16:30:54","guid":{"rendered":"https:\/\/harly-tea.at\/?post_type=product&#038;p=2706"},"modified":"2026-03-12T12:08:05","modified_gmt":"2026-03-12T11:08:05","slug":"china-tarry-lapsang-souchong-strong-2","status":"publish","type":"product","link":"https:\/\/harly-tea.at\/de\/produkt\/china-tarry-lapsang-souchong-strong-2\/","title":{"rendered":"China TARRY LAPSANG SOUCHONG Strong"},"content":{"rendered":"<p>F\u00fcr diesen besonderen Tee werden nicht die typischen&#8220;two leaves and a bud&#8220; gepfl\u00fcckt, sondern kr\u00e4ftigere und gr\u00f6\u00dfere Bl\u00e4tter aus den unteren Bereichen des Teestrauches. Durch die R\u00e4ucherung \u00fcber Edelh\u00f6lzern gewinnt er seinen typisch rauchigen Geschmack.<br \/>\nZutaten: Schwarzer Tee, Rauch<\/p>\n<p>&nbsp;<\/p>\n<div class=\"row mt-5\">\n   <div class=\"col-md-12 text-center\">\n      <h3>Zubereitungsempfehlung<\/h3>\n   <\/div>\n   <\/div><div class=\"row\">   <div class=\"col-md-4 wc-info-box\">\n      <i class=\"fa fa-3x fa-scale-balanced\"><\/i>\n      <h4>3-4 Gramm Tee pro 200ml<\/h4>\n      <\/div>   <div class=\"col-md-4 wc-info-box\">\n      <i class=\"fa fa-3x fa-temperature-full\"><\/i>\n      <h4>90-100\u00b0C Wassertemperatur<\/h4>\n      <\/div>   <div class=\"col-md-4 wc-info-box\">\n      <i class=\"fa fa-3x fa-clock\"><\/i>\n      <h4>3 Minuten Ziehzeit<\/h4>\n      <\/div><\/div>\n","protected":false},"excerpt":{"rendered":"<p>F\u00fcr diesen besonderen Tee werden nicht die typischen&#8220;two leaves and a bud&#8220; gepfl\u00fcckt, sondern kr\u00e4ftigere und gr\u00f6\u00dfere Bl\u00e4tter aus den<\/p>\n","protected":false},"featured_media":2707,"template":"","meta":[],"product_brand":[],"product_cat":[58,16],"product_tag":[],"class_list":{"0":"post-2706","1":"product","2":"type-product","3":"status-publish","4":"has-post-thumbnail","6":"product_cat-schwarztee","7":"product_cat-tee","9":"first","10":"instock","11":"taxable","12":"shipping-taxable","13":"purchasable","14":"product-type-simple"},"_links":{"self":[{"href":"https:\/\/harly-tea.at\/de\/wp-json\/wp\/v2\/product\/2706","targetHints":{"allow":["GET"]}}],"collection":[{"href":"https:\/\/harly-tea.at\/de\/wp-json\/wp\/v2\/product"}],"about":[{"href":"https:\/\/harly-tea.at\/de\/wp-json\/wp\/v2\/types\/product"}],"wp:featuredmedia":[{"embeddable":true,"href":"https:\/\/harly-tea.at\/de\/wp-json\/wp\/v2\/media\/2707"}],"wp:attachment":[{"href":"https:\/\/harly-tea.at\/de\/wp-json\/wp\/v2\/media?parent=2706"}],"wp:term":[{"taxonomy":"product_brand","embeddable":true,"href":"https:\/\/harly-tea.at\/de\/wp-json\/wp\/v2\/product_brand?post=2706"},{"taxonomy":"product_cat","embeddable":true,"href":"https:\/\/harly-tea.at\/de\/wp-json\/wp\/v2\/product_cat?post=2706"},{"taxonomy":"product_tag","embeddable":true,"href":"https:\/\/harly-tea.at\/de\/wp-json\/wp\/v2\/product_tag?post=2706"}],"curies":[{"name":"wp","href":"https:\/\/api.w.org\/{rel}","templated":true}]}}