{"id":2717,"date":"2023-03-02T13:34:49","date_gmt":"2023-03-02T12:34:49","guid":{"rendered":"https:\/\/harly-tea.at\/?post_type=product&#038;p=2717"},"modified":"2024-12-15T11:31:07","modified_gmt":"2024-12-15T10:31:07","slug":"tuerkei-maylivadi-schwarz","status":"publish","type":"product","link":"https:\/\/harly-tea.at\/de\/produkt\/tuerkei-maylivadi-schwarz\/","title":{"rendered":"T\u00fcrkei Maylivadi Schwarz"},"content":{"rendered":"<p>Rarit\u00e4t aus Rize. Handgepfl\u00fcckter Schwarzer Tee von einem Meister seines Faches. Cengiz Yogurtcu von <a href=\"https:\/\/harly-tea.at\/de\/tea-team\/\">TeaTeam<\/a> Gruppe produziert Tees aus dem familieneigenen Teegarten mit dem Hauptziel h\u00f6chste Qualit\u00e4t bei gleichzeitig nachhaltiger Produktion zu erhalten.<\/p>\n<div class=\"row mt-5\">\n   <div class=\"col-md-12 text-center\">\n      <h3>Zubereitungsempfehlung<\/h3>\n   <\/div>\n   <\/div><div class=\"row\">   <div class=\"col-md-4 wc-info-box\">\n      <i class=\"fa fa-3x fa-scale-balanced\"><\/i>\n      <h4>3-4 Gramm Tee pro 200ml<\/h4>\n      <\/div>   <div class=\"col-md-4 wc-info-box\">\n      <i class=\"fa fa-3x fa-temperature-full\"><\/i>\n      <h4>95\u00b0C Wassertemperatur<\/h4>\n      <\/div>   <div class=\"col-md-4 wc-info-box\">\n      <i class=\"fa fa-3x fa-clock\"><\/i>\n      <h4>3 Minuten Ziehzeit<\/h4>\n      <\/div><\/div>\n","protected":false},"excerpt":{"rendered":"<p>Rarit\u00e4t aus Rize. Handgepfl\u00fcckter Schwarzer Tee von einem Meister seines Faches. Cengiz Yogurtcu von TeaTeam Gruppe produziert Tees aus dem<\/p>\n","protected":false},"featured_media":2711,"template":"","meta":[],"product_brand":[],"product_cat":[58,16],"product_tag":[],"class_list":{"0":"post-2717","1":"product","2":"type-product","3":"status-publish","4":"has-post-thumbnail","6":"product_cat-schwarztee","7":"product_cat-tee","9":"first","10":"outofstock","11":"taxable","12":"shipping-taxable","13":"purchasable","14":"product-type-simple"},"_links":{"self":[{"href":"https:\/\/harly-tea.at\/de\/wp-json\/wp\/v2\/product\/2717","targetHints":{"allow":["GET"]}}],"collection":[{"href":"https:\/\/harly-tea.at\/de\/wp-json\/wp\/v2\/product"}],"about":[{"href":"https:\/\/harly-tea.at\/de\/wp-json\/wp\/v2\/types\/product"}],"wp:featuredmedia":[{"embeddable":true,"href":"https:\/\/harly-tea.at\/de\/wp-json\/wp\/v2\/media\/2711"}],"wp:attachment":[{"href":"https:\/\/harly-tea.at\/de\/wp-json\/wp\/v2\/media?parent=2717"}],"wp:term":[{"taxonomy":"product_brand","embeddable":true,"href":"https:\/\/harly-tea.at\/de\/wp-json\/wp\/v2\/product_brand?post=2717"},{"taxonomy":"product_cat","embeddable":true,"href":"https:\/\/harly-tea.at\/de\/wp-json\/wp\/v2\/product_cat?post=2717"},{"taxonomy":"product_tag","embeddable":true,"href":"https:\/\/harly-tea.at\/de\/wp-json\/wp\/v2\/product_tag?post=2717"}],"curies":[{"name":"wp","href":"https:\/\/api.w.org\/{rel}","templated":true}]}}