{"id":2726,"date":"2023-03-02T14:15:29","date_gmt":"2023-03-02T13:15:29","guid":{"rendered":"https:\/\/harly-tea.at\/?post_type=product&#038;p=2726"},"modified":"2023-03-02T14:15:29","modified_gmt":"2023-03-02T13:15:29","slug":"hygge-schwarzteemischung","status":"publish","type":"product","link":"https:\/\/harly-tea.at\/de\/produkt\/hygge-schwarzteemischung\/","title":{"rendered":"Hygge Schwarzteemischung"},"content":{"rendered":"<p>Hygge ist das Trendwort aus D\u00e4nemark und steht f\u00fcr Gem\u00fctlichkeit.<br \/>\nGem\u00fctlich, kuschlig, entspannt und eine Tasse mit sch\u00f6nem, verf\u00fchrerisch riechendem, hei\u00dfem Tee. Das verspricht den perfekten, hyggeligen Tag. Nat\u00fcrlich soll es nicht irgendeine Teemischung sein, sondern eine besondere Kreation, die uns von Skandinavien tr\u00e4umen l\u00e4sst. Und das ist sie: eine\u00a0<b>intensiv-fruchtige<\/b>\u00a0Kombination aus Waldfr\u00fcchten auf einer\u00a0<b>milden<\/b>\u00a0China-Ceylon-Schwarzteebasis, wie es die Skandinavier lieben, gepaart mit einer\u00a0<b>cremigen<\/b>\u00a0Kakaonote und einem Hauch\u00a0<b>s\u00fc\u00dflichen<\/b>\u00a0Zimt. Einfach hyggelig.<\/p>\n<p>schwarzer Tee (62 %), Kakaoschalen, Kakaobruch, Aroma, gefr.-getr. Himbeerst\u00fccke, Zimtstangen, Zimtst\u00fccke, s\u00fc\u00dfe Brombeerbl\u00e4tter, Bergblaubeerbl\u00e4tter, gefr.-getr. ganze Heidelbeeren, gefr.-getr. Cranberryscheiben, gefr.-getr. ganze Himbeeren<\/p>\n<div class=\"row mt-5\">\n   <div class=\"col-md-12 text-center\">\n      <h3>Zubereitungsempfehlung<\/h3>\n   <\/div>\n   <\/div><div class=\"row\">   <div class=\"col-md-4 wc-info-box\">\n      <i class=\"fa fa-3x fa-scale-balanced\"><\/i>\n      <h4>3-4 Gramm Tee pro 200ml<\/h4>\n      <\/div>   <div class=\"col-md-4 wc-info-box\">\n      <i class=\"fa fa-3x fa-temperature-full\"><\/i>\n      <h4>95\u00b0C Wassertemperatur<\/h4>\n      <\/div>   <div class=\"col-md-4 wc-info-box\">\n      <i class=\"fa fa-3x fa-clock\"><\/i>\n      <h4>3 Minuten Ziehzeit<\/h4>\n      <\/div><\/div>\n","protected":false},"excerpt":{"rendered":"<p>Hygge ist das Trendwort aus D\u00e4nemark und steht f\u00fcr Gem\u00fctlichkeit. Gem\u00fctlich, kuschlig, entspannt und eine Tasse mit sch\u00f6nem, verf\u00fchrerisch riechendem,<\/p>\n","protected":false},"featured_media":2643,"template":"","meta":[],"product_brand":[],"product_cat":[100,16],"product_tag":[],"class_list":{"0":"post-2726","1":"product","2":"type-product","3":"status-publish","4":"has-post-thumbnail","6":"product_cat-aromatisierter-schwarztee","7":"product_cat-tee","9":"first","10":"instock","11":"taxable","12":"shipping-taxable","13":"purchasable","14":"product-type-simple"},"_links":{"self":[{"href":"https:\/\/harly-tea.at\/de\/wp-json\/wp\/v2\/product\/2726","targetHints":{"allow":["GET"]}}],"collection":[{"href":"https:\/\/harly-tea.at\/de\/wp-json\/wp\/v2\/product"}],"about":[{"href":"https:\/\/harly-tea.at\/de\/wp-json\/wp\/v2\/types\/product"}],"wp:featuredmedia":[{"embeddable":true,"href":"https:\/\/harly-tea.at\/de\/wp-json\/wp\/v2\/media\/2643"}],"wp:attachment":[{"href":"https:\/\/harly-tea.at\/de\/wp-json\/wp\/v2\/media?parent=2726"}],"wp:term":[{"taxonomy":"product_brand","embeddable":true,"href":"https:\/\/harly-tea.at\/de\/wp-json\/wp\/v2\/product_brand?post=2726"},{"taxonomy":"product_cat","embeddable":true,"href":"https:\/\/harly-tea.at\/de\/wp-json\/wp\/v2\/product_cat?post=2726"},{"taxonomy":"product_tag","embeddable":true,"href":"https:\/\/harly-tea.at\/de\/wp-json\/wp\/v2\/product_tag?post=2726"}],"curies":[{"name":"wp","href":"https:\/\/api.w.org\/{rel}","templated":true}]}}