{"id":2750,"date":"2023-03-11T09:04:59","date_gmt":"2023-03-11T08:04:59","guid":{"rendered":"https:\/\/harly-tea.at\/?post_type=product&#038;p=2750"},"modified":"2026-03-30T11:01:53","modified_gmt":"2026-03-30T09:01:53","slug":"japanischer-tee","status":"publish","type":"product","link":"https:\/\/harly-tea.at\/de\/produkt\/japanischer-tee\/","title":{"rendered":"Eine \u00dcbersicht &#8211; Japanischer Tee"},"content":{"rendered":"<p>Wir entf\u00fchren Sie f\u00fcr zwei Stunden in die Welt des japanischen Tees&#8230;<\/p>\n<ul>\n<li>Geschichte des Tees in Japan<\/li>\n<li>Besonderheiten japanischen Tees<\/li>\n<li>Wichtige Teesorten in Japan<\/li>\n<li>Gemeinsames Zubereiten und Verkostung 4 japanischen Gr\u00fcntees<\/li>\n<\/ul>\n","protected":false},"excerpt":{"rendered":"<p><strong>N\u00e4chste Termine:<\/strong><\/p>\n<p><strong>05.05.2026, Dienstag 18:00 Uhr<\/strong><\/p>\n","protected":false},"featured_media":4434,"template":"","meta":[],"product_brand":[],"product_cat":[168,167],"product_tag":[],"class_list":{"0":"post-2750","1":"product","2":"type-product","3":"status-publish","4":"has-post-thumbnail","6":"product_cat-seminare","7":"product_cat-events","9":"first","10":"instock","11":"taxable","12":"shipping-taxable","13":"purchasable","14":"product-type-variable"},"_links":{"self":[{"href":"https:\/\/harly-tea.at\/de\/wp-json\/wp\/v2\/product\/2750","targetHints":{"allow":["GET"]}}],"collection":[{"href":"https:\/\/harly-tea.at\/de\/wp-json\/wp\/v2\/product"}],"about":[{"href":"https:\/\/harly-tea.at\/de\/wp-json\/wp\/v2\/types\/product"}],"wp:featuredmedia":[{"embeddable":true,"href":"https:\/\/harly-tea.at\/de\/wp-json\/wp\/v2\/media\/4434"}],"wp:attachment":[{"href":"https:\/\/harly-tea.at\/de\/wp-json\/wp\/v2\/media?parent=2750"}],"wp:term":[{"taxonomy":"product_brand","embeddable":true,"href":"https:\/\/harly-tea.at\/de\/wp-json\/wp\/v2\/product_brand?post=2750"},{"taxonomy":"product_cat","embeddable":true,"href":"https:\/\/harly-tea.at\/de\/wp-json\/wp\/v2\/product_cat?post=2750"},{"taxonomy":"product_tag","embeddable":true,"href":"https:\/\/harly-tea.at\/de\/wp-json\/wp\/v2\/product_tag?post=2750"}],"curies":[{"name":"wp","href":"https:\/\/api.w.org\/{rel}","templated":true}]}}