{"id":2793,"date":"2023-04-04T17:32:15","date_gmt":"2023-04-04T15:32:15","guid":{"rendered":"https:\/\/harly-tea.at\/?post_type=product&#038;p=2793"},"modified":"2024-12-15T11:29:57","modified_gmt":"2024-12-15T10:29:57","slug":"taiwan-pi-lo-chun","status":"publish","type":"product","link":"https:\/\/harly-tea.at\/de\/produkt\/taiwan-pi-lo-chun\/","title":{"rendered":"Taiwan PI LO CHUN"},"content":{"rendered":"<p>Ein besondere Rarit\u00e4t aus dem S\u00fcden Taiwans, die schon beim Anblick ihrer sch\u00f6nen dunkelgr\u00fcnen, drahtigen Bl\u00e4tter beeindruckt. Dieser ausgewogene Tee entfaltet in der Tasse seine volle Raffinesse. Fruchtige und frische Noten werden abgerundet durch Aromen, die an s\u00fc\u00dfliche Trockenfr\u00fcchte erinnern. Ein hervorragender, ausgewogener Tee, der seinesgleichen sucht<\/p>\n<div class=\"row mt-5\">\n   <div class=\"col-md-12 text-center\">\n      <h3>Zubereitungsempfehlung<\/h3>\n   <\/div>\n   <\/div><div class=\"row\">   <div class=\"col-md-4 wc-info-box\">\n      <i class=\"fa fa-3x fa-scale-balanced\"><\/i>\n      <h4>3-4 Gramm Tee pro 200ml<\/h4>\n      <\/div>   <div class=\"col-md-4 wc-info-box\">\n      <i class=\"fa fa-3x fa-temperature-full\"><\/i>\n      <h4>70\u00b0C Wassertemperatur<\/h4>\n      <\/div>   <div class=\"col-md-4 wc-info-box\">\n      <i class=\"fa fa-3x fa-clock\"><\/i>\n      <h4>2 Minuten Ziehzeit<\/h4>\n      <\/div><\/div>\n","protected":false},"excerpt":{"rendered":"<p>Ein besondere Rarit\u00e4t aus dem S\u00fcden Taiwans, die schon beim Anblick ihrer sch\u00f6nen dunkelgr\u00fcnen, drahtigen Bl\u00e4tter beeindruckt. Dieser ausgewogene Tee<\/p>\n","protected":false},"featured_media":2794,"template":"","meta":[],"product_brand":[],"product_cat":[17,16],"product_tag":[],"class_list":{"0":"post-2793","1":"product","2":"type-product","3":"status-publish","4":"has-post-thumbnail","6":"product_cat-gruenertee","7":"product_cat-tee","9":"first","10":"outofstock","11":"taxable","12":"shipping-taxable","13":"purchasable","14":"product-type-simple"},"_links":{"self":[{"href":"https:\/\/harly-tea.at\/de\/wp-json\/wp\/v2\/product\/2793","targetHints":{"allow":["GET"]}}],"collection":[{"href":"https:\/\/harly-tea.at\/de\/wp-json\/wp\/v2\/product"}],"about":[{"href":"https:\/\/harly-tea.at\/de\/wp-json\/wp\/v2\/types\/product"}],"wp:featuredmedia":[{"embeddable":true,"href":"https:\/\/harly-tea.at\/de\/wp-json\/wp\/v2\/media\/2794"}],"wp:attachment":[{"href":"https:\/\/harly-tea.at\/de\/wp-json\/wp\/v2\/media?parent=2793"}],"wp:term":[{"taxonomy":"product_brand","embeddable":true,"href":"https:\/\/harly-tea.at\/de\/wp-json\/wp\/v2\/product_brand?post=2793"},{"taxonomy":"product_cat","embeddable":true,"href":"https:\/\/harly-tea.at\/de\/wp-json\/wp\/v2\/product_cat?post=2793"},{"taxonomy":"product_tag","embeddable":true,"href":"https:\/\/harly-tea.at\/de\/wp-json\/wp\/v2\/product_tag?post=2793"}],"curies":[{"name":"wp","href":"https:\/\/api.w.org\/{rel}","templated":true}]}}