{"id":2965,"date":"2023-05-23T12:54:02","date_gmt":"2023-05-23T10:54:02","guid":{"rendered":"https:\/\/harly-tea.at\/?post_type=product&#038;p=2965"},"modified":"2025-12-12T14:49:15","modified_gmt":"2025-12-12T13:49:15","slug":"capsule-cold-brew-karaffe-1l","status":"publish","type":"product","link":"https:\/\/harly-tea.at\/de\/produkt\/capsule-cold-brew-karaffe-1l\/","title":{"rendered":"KINTO &#8211; Capsule cold brew Karaffe 1L"},"content":{"rendered":"<p>Kinto Karaffe (1 Liter Fassungsverm\u00f6gen) aus hitzebest\u00e4ndigem Glas (maximale Temperaturdifferenz 120 Grad Celsius).<\/p>\n<p>Mikrowellen- und Geschirrsp\u00fcler geeignet; Durchmesser 85nm, H\u00f6he 270 cm<br \/>\nVerf\u00fcgbar in den Farben Wei\u00df und Dunkelbraun<\/p>\n","protected":false},"excerpt":{"rendered":"<p>Kinto Karaffe (1 Liter Fassungsverm\u00f6gen) aus hitzebest\u00e4ndigem Glas (maximale Temperaturdifferenz 120 Grad Celsius). Mikrowellen- und Geschirrsp\u00fcler geeignet; Durchmesser 85nm, H\u00f6he<\/p>\n","protected":false},"featured_media":2938,"template":"","meta":[],"product_brand":[],"product_cat":[64],"product_tag":[],"class_list":{"0":"post-2965","1":"product","2":"type-product","3":"status-publish","4":"has-post-thumbnail","6":"product_cat-teezubereitung","8":"first","9":"outofstock","10":"taxable","11":"shipping-taxable","12":"product-type-variable"},"_links":{"self":[{"href":"https:\/\/harly-tea.at\/de\/wp-json\/wp\/v2\/product\/2965","targetHints":{"allow":["GET"]}}],"collection":[{"href":"https:\/\/harly-tea.at\/de\/wp-json\/wp\/v2\/product"}],"about":[{"href":"https:\/\/harly-tea.at\/de\/wp-json\/wp\/v2\/types\/product"}],"wp:featuredmedia":[{"embeddable":true,"href":"https:\/\/harly-tea.at\/de\/wp-json\/wp\/v2\/media\/2938"}],"wp:attachment":[{"href":"https:\/\/harly-tea.at\/de\/wp-json\/wp\/v2\/media?parent=2965"}],"wp:term":[{"taxonomy":"product_brand","embeddable":true,"href":"https:\/\/harly-tea.at\/de\/wp-json\/wp\/v2\/product_brand?post=2965"},{"taxonomy":"product_cat","embeddable":true,"href":"https:\/\/harly-tea.at\/de\/wp-json\/wp\/v2\/product_cat?post=2965"},{"taxonomy":"product_tag","embeddable":true,"href":"https:\/\/harly-tea.at\/de\/wp-json\/wp\/v2\/product_tag?post=2965"}],"curies":[{"name":"wp","href":"https:\/\/api.w.org\/{rel}","templated":true}]}}