{"id":2970,"date":"2023-05-23T14:19:51","date_gmt":"2023-05-23T12:19:51","guid":{"rendered":"https:\/\/harly-tea.at\/?post_type=product&#038;p=2970"},"modified":"2023-12-21T17:41:31","modified_gmt":"2023-12-21T16:41:31","slug":"kinto-kyusu","status":"publish","type":"product","link":"https:\/\/harly-tea.at\/de\/produkt\/kinto-kyusu\/","title":{"rendered":"KINTO &#8211; LT Kyusu"},"content":{"rendered":"<p>LEAVES TO TEA l\u00e4dt dazu ein, Tee mit frischen und offenen Geist zu entdecken. Die Kyusu-Kannen werden im Dorf Hasami in der Pr\u00e4fektur Nagasaki hergestellt, wo die Tradition der Keramik- und Porzellanherstellung \u00fcber 400 Jahre zur\u00fcckreicht.<br \/>\nDruchmesser55 x H85 x B155 mm \/ 300 ml<\/p>\n","protected":false},"excerpt":{"rendered":"<p>LEAVES TO TEA l\u00e4dt dazu ein, Tee mit frischen und offenen Geist zu entdecken. Die Kyusu-Kannen werden im Dorf Hasami<\/p>\n","protected":false},"featured_media":2912,"template":"","meta":[],"product_brand":[],"product_cat":[65],"product_tag":[],"class_list":{"0":"post-2970","1":"product","2":"type-product","3":"status-publish","4":"has-post-thumbnail","6":"product_cat-teekannen-tassen","8":"first","9":"outofstock","10":"taxable","11":"shipping-taxable","12":"purchasable","13":"product-type-simple"},"_links":{"self":[{"href":"https:\/\/harly-tea.at\/de\/wp-json\/wp\/v2\/product\/2970","targetHints":{"allow":["GET"]}}],"collection":[{"href":"https:\/\/harly-tea.at\/de\/wp-json\/wp\/v2\/product"}],"about":[{"href":"https:\/\/harly-tea.at\/de\/wp-json\/wp\/v2\/types\/product"}],"wp:featuredmedia":[{"embeddable":true,"href":"https:\/\/harly-tea.at\/de\/wp-json\/wp\/v2\/media\/2912"}],"wp:attachment":[{"href":"https:\/\/harly-tea.at\/de\/wp-json\/wp\/v2\/media?parent=2970"}],"wp:term":[{"taxonomy":"product_brand","embeddable":true,"href":"https:\/\/harly-tea.at\/de\/wp-json\/wp\/v2\/product_brand?post=2970"},{"taxonomy":"product_cat","embeddable":true,"href":"https:\/\/harly-tea.at\/de\/wp-json\/wp\/v2\/product_cat?post=2970"},{"taxonomy":"product_tag","embeddable":true,"href":"https:\/\/harly-tea.at\/de\/wp-json\/wp\/v2\/product_tag?post=2970"}],"curies":[{"name":"wp","href":"https:\/\/api.w.org\/{rel}","templated":true}]}}