{"id":2971,"date":"2023-05-23T14:28:14","date_gmt":"2023-05-23T12:28:14","guid":{"rendered":"https:\/\/harly-tea.at\/?post_type=product&#038;p=2971"},"modified":"2026-03-12T12:04:13","modified_gmt":"2026-03-12T11:04:13","slug":"kinto-lt-tasse-mit-untertasse-160ml","status":"publish","type":"product","link":"https:\/\/harly-tea.at\/de\/produkt\/kinto-lt-tasse-mit-untertasse-160ml\/","title":{"rendered":"KINTO &#8211; LT Tasse mit Untertasse 160ml"},"content":{"rendered":"<p>Porzellan von Hasami &#8211; Charakteristisch f\u00fcr das Porzellan von Hasami Wei\u00df ist die durchscheinende, leicht blau get\u00f6nte Farbe, die einer minimalen Form Raffinesse verleiht.<\/p>\n<p>Mirkowellen- und sp\u00fclmaschinenfest, Made in Japan<\/p>\n","protected":false},"excerpt":{"rendered":"<p>Porzellan von Hasami &#8211; Charakteristisch f\u00fcr das Porzellan von Hasami Wei\u00df ist die durchscheinende, leicht blau get\u00f6nte Farbe, die einer<\/p>\n","protected":false},"featured_media":2914,"template":"","meta":[],"product_brand":[],"product_cat":[65],"product_tag":[],"class_list":{"0":"post-2971","1":"product","2":"type-product","3":"status-publish","4":"has-post-thumbnail","6":"product_cat-teekannen-tassen","8":"first","9":"instock","10":"taxable","11":"shipping-taxable","12":"purchasable","13":"product-type-simple"},"_links":{"self":[{"href":"https:\/\/harly-tea.at\/de\/wp-json\/wp\/v2\/product\/2971","targetHints":{"allow":["GET"]}}],"collection":[{"href":"https:\/\/harly-tea.at\/de\/wp-json\/wp\/v2\/product"}],"about":[{"href":"https:\/\/harly-tea.at\/de\/wp-json\/wp\/v2\/types\/product"}],"wp:featuredmedia":[{"embeddable":true,"href":"https:\/\/harly-tea.at\/de\/wp-json\/wp\/v2\/media\/2914"}],"wp:attachment":[{"href":"https:\/\/harly-tea.at\/de\/wp-json\/wp\/v2\/media?parent=2971"}],"wp:term":[{"taxonomy":"product_brand","embeddable":true,"href":"https:\/\/harly-tea.at\/de\/wp-json\/wp\/v2\/product_brand?post=2971"},{"taxonomy":"product_cat","embeddable":true,"href":"https:\/\/harly-tea.at\/de\/wp-json\/wp\/v2\/product_cat?post=2971"},{"taxonomy":"product_tag","embeddable":true,"href":"https:\/\/harly-tea.at\/de\/wp-json\/wp\/v2\/product_tag?post=2971"}],"curies":[{"name":"wp","href":"https:\/\/api.w.org\/{rel}","templated":true}]}}